{"id":727745,"date":"2025-06-14T16:53:39","date_gmt":"2025-06-14T13:53:39","guid":{"rendered":"https:\/\/nextsnkr.com\/product\/yeezy-boost-350-static-reflective\/"},"modified":"2026-01-29T14:29:45","modified_gmt":"2026-01-29T11:29:45","slug":"yeezy-boost-350-static-reflective","status":"publish","type":"product","link":"https:\/\/nextsnkr.com\/de\/produkt\/yeezy-boost-350-static-reflective\/","title":{"rendered":"YEEZY BOOST 350 Static Reflective Sneakers-Textil mit Reflektion"},"content":{"rendered":"<h2>YEEZY BOOST 350 Static Reflective Sneakers-Textil mit Reflektion<\/h2>\n<p>&nbsp;<\/p>\n<p>Die YEEZY BOOST 350 Static Reflective Sneakers kombinieren Stil, Komfort und innovative Materialien. Das Obermaterial aus Textil mit reflektierenden Elementen sorgt f\u00fcr eine Sichtbarkeit im Dunkeln und ein modernes Aussehen, w\u00e4hrend die leichte Sohle f\u00fcr Sto\u00dfd\u00e4mpfung und Komfort beim Gehen sorgt. Ideal f\u00fcr aktives Stadtleben und sportlichen Stil. Der Hersteller ist Vietnam. W\u00e4hlen Sie Yeezy BOOST 350 Static Reflective f\u00fcr eine Kombination aus trendigem Design, Komfort und hoher Qualit\u00e4t.<\/p>\n","protected":false},"excerpt":{"rendered":"<p>Die YEEZY BOOST 350 Static Reflective Sneakers kombinieren Stil, Komfort und innovative Materialien. Das Obermaterial aus Textil mit reflektierenden Elementen sorgt f\u00fcr eine Sichtbarkeit im Dunkeln und ein modernes Aussehen, w\u00e4hrend die leichte Sohle f\u00fcr Sto\u00dfd\u00e4mpfung und Komfort beim Gehen sorgt. Ideal f\u00fcr aktives Stadtleben und sportlichen Stil. Der Hersteller ist Vietnam. W\u00e4hlen Sie Yeezy BOOST 350 Static Reflective f\u00fcr eine Kombination aus trendigem Design, Komfort und hoher Qualit\u00e4t.<\/p>\n","protected":false},"featured_media":727746,"comment_status":"open","ping_status":"open","template":"","meta":[],"product_brand":[],"product_cat":[3398,3225,3226],"product_tag":[],"class_list":{"0":"post-727745","1":"product","2":"type-product","3":"status-publish","4":"has-post-thumbnail","6":"product_cat-adidas-yeezy","7":"product_cat-all-product","8":"product_cat-krosivky","9":"pa_rozmir-910","10":"pa_rozmir-912","11":"pa_rozmir-914","12":"pa_rozmir-915","13":"pa_rozmir-916","14":"pa_rozmir-917","15":"pa_rozmir-918","16":"pa_rozmir-919","17":"pa_rozmir-920","18":"pa_rozmir-921","19":"pa_rozmir-922","21":"first","22":"onbackorder","23":"purchasable","24":"product-type-variable"},"_links":{"self":[{"href":"https:\/\/nextsnkr.com\/de\/wp-json\/wp\/v2\/product\/727745","targetHints":{"allow":["GET"]}}],"collection":[{"href":"https:\/\/nextsnkr.com\/de\/wp-json\/wp\/v2\/product"}],"about":[{"href":"https:\/\/nextsnkr.com\/de\/wp-json\/wp\/v2\/types\/product"}],"replies":[{"embeddable":true,"href":"https:\/\/nextsnkr.com\/de\/wp-json\/wp\/v2\/comments?post=727745"}],"version-history":[{"count":0,"href":"https:\/\/nextsnkr.com\/de\/wp-json\/wp\/v2\/product\/727745\/revisions"}],"wp:featuredmedia":[{"embeddable":true,"href":"https:\/\/nextsnkr.com\/de\/wp-json\/wp\/v2\/media\/727746"}],"wp:attachment":[{"href":"https:\/\/nextsnkr.com\/de\/wp-json\/wp\/v2\/media?parent=727745"}],"wp:term":[{"taxonomy":"product_brand","embeddable":true,"href":"https:\/\/nextsnkr.com\/de\/wp-json\/wp\/v2\/product_brand?post=727745"},{"taxonomy":"product_cat","embeddable":true,"href":"https:\/\/nextsnkr.com\/de\/wp-json\/wp\/v2\/product_cat?post=727745"},{"taxonomy":"product_tag","embeddable":true,"href":"https:\/\/nextsnkr.com\/de\/wp-json\/wp\/v2\/product_tag?post=727745"}],"curies":[{"name":"wp","href":"https:\/\/api.w.org\/{rel}","templated":true}]}}