{"id":726899,"date":"2025-06-14T21:24:17","date_gmt":"2025-06-14T18:24:17","guid":{"rendered":"https:\/\/nextsnkr.com\/product\/350-tail-light\/"},"modified":"2026-01-29T14:29:13","modified_gmt":"2026-01-29T11:29:13","slug":"350-tail-light","status":"publish","type":"product","link":"https:\/\/nextsnkr.com\/de\/produkt\/350-tail-light\/","title":{"rendered":"Sneaker 350 Tail Light &#8211; Herren Textile Sneakers"},"content":{"rendered":"<h2>Sneaker 350 Tail Light &#8211; Herren Textile Sneakers<\/h2>\n<p>&nbsp;<\/p>\n<p>Der 350 Tail Light Sneaker ist ein stilvoller Herrenschuh aus Textil und Mesh, der Leichtigkeit, Bel\u00fcftung und Tragekomfort bietet. Das Modell ist ideal f\u00fcr den t\u00e4glichen Gebrauch, Spazierg\u00e4nge und Outdoor-Aktivit\u00e4ten. Die sto\u00dfd\u00e4mpfende Sohle garantiert Komfort beim Gehen und das moderne Design verleiht dem Bild Dynamik und Trend. Die Produktion in Vietnam best\u00e4tigt die Qualit\u00e4t und Langlebigkeit der Materialien. W\u00e4hlen Sie 350 Tail Light f\u00fcr ein stilvolles und komfortables Bild t\u00e4glich.<\/p>\n","protected":false},"excerpt":{"rendered":"<p>Der 350 Tail Light Sneaker ist ein stilvoller Herrenschuh aus Textil und Mesh, der Leichtigkeit, Bel\u00fcftung und Tragekomfort bietet. Das Modell ist ideal f\u00fcr den t\u00e4glichen Gebrauch, Spazierg\u00e4nge und Outdoor-Aktivit\u00e4ten. Die sto\u00dfd\u00e4mpfende Sohle garantiert Komfort beim Gehen und das moderne Design verleiht dem Bild Dynamik und Trend. Die Produktion in Vietnam best\u00e4tigt die Qualit\u00e4t und Langlebigkeit der Materialien. W\u00e4hlen Sie 350 Tail Light f\u00fcr ein stilvolles und komfortables Bild t\u00e4glich.<\/p>\n","protected":false},"featured_media":726900,"comment_status":"open","ping_status":"open","template":"","meta":[],"product_brand":[],"product_cat":[3225,3226],"product_tag":[],"class_list":{"0":"post-726899","1":"product","2":"type-product","3":"status-publish","4":"has-post-thumbnail","6":"product_cat-all-product","7":"product_cat-krosivky","8":"pa_rozmir-910","9":"pa_rozmir-912","10":"pa_rozmir-914","11":"pa_rozmir-915","12":"pa_rozmir-916","13":"pa_rozmir-917","14":"pa_rozmir-918","15":"pa_rozmir-919","16":"pa_rozmir-920","17":"pa_rozmir-921","18":"pa_rozmir-922","20":"first","21":"instock","22":"purchasable","23":"product-type-variable"},"_links":{"self":[{"href":"https:\/\/nextsnkr.com\/de\/wp-json\/wp\/v2\/product\/726899","targetHints":{"allow":["GET"]}}],"collection":[{"href":"https:\/\/nextsnkr.com\/de\/wp-json\/wp\/v2\/product"}],"about":[{"href":"https:\/\/nextsnkr.com\/de\/wp-json\/wp\/v2\/types\/product"}],"replies":[{"embeddable":true,"href":"https:\/\/nextsnkr.com\/de\/wp-json\/wp\/v2\/comments?post=726899"}],"version-history":[{"count":0,"href":"https:\/\/nextsnkr.com\/de\/wp-json\/wp\/v2\/product\/726899\/revisions"}],"wp:featuredmedia":[{"embeddable":true,"href":"https:\/\/nextsnkr.com\/de\/wp-json\/wp\/v2\/media\/726900"}],"wp:attachment":[{"href":"https:\/\/nextsnkr.com\/de\/wp-json\/wp\/v2\/media?parent=726899"}],"wp:term":[{"taxonomy":"product_brand","embeddable":true,"href":"https:\/\/nextsnkr.com\/de\/wp-json\/wp\/v2\/product_brand?post=726899"},{"taxonomy":"product_cat","embeddable":true,"href":"https:\/\/nextsnkr.com\/de\/wp-json\/wp\/v2\/product_cat?post=726899"},{"taxonomy":"product_tag","embeddable":true,"href":"https:\/\/nextsnkr.com\/de\/wp-json\/wp\/v2\/product_tag?post=726899"}],"curies":[{"name":"wp","href":"https:\/\/api.w.org\/{rel}","templated":true}]}}