{"id":724464,"date":"2025-06-14T17:02:35","date_gmt":"2025-06-14T14:02:35","guid":{"rendered":"https:\/\/nextsnkr.com\/product\/nike-m2k-tekno-black-white\/"},"modified":"2026-01-29T14:27:41","modified_gmt":"2026-01-29T11:27:41","slug":"nike-m2k-tekno-black-white","status":"publish","type":"product","link":"https:\/\/nextsnkr.com\/de\/produkt\/nike-m2k-tekno-black-white\/","title":{"rendered":"Turnschuhe NIKE M2K Tekno Black \/ White-Lederne Turnschuhe f\u00fcr Herren"},"content":{"rendered":"<h2>Turnschuhe NIKE M2K Tekno Black \/ White-Lederne Turnschuhe f\u00fcr Herren<\/h2>\n<p>&nbsp;<\/p>\n<p>Die NIKE M2K Tekno Black \/ White Sneakers sind stilvolle Herrenschuhe aus hochwertigem Leder, die St\u00e4rke, Komfort und modernes Design kombinieren. Das Modell ist ideal f\u00fcr das t\u00e4gliche Tragen, Outdoor-Aktivit\u00e4ten und urbanen Stil. Die weiche sto\u00dfd\u00e4mpfende Sohle sorgt f\u00fcr Komfort beim Gehen und die elegante Kombination aus Schwarz und Wei\u00df verleiht dem Bild Ausdruckskraft. Die Produktion in Vietnam garantiert Langlebigkeit und hohe Qualit\u00e4t. W\u00e4hlen Sie den NIKE M2K Tekno f\u00fcr einen stilvollen und komfortablen Look.<\/p>\n","protected":false},"excerpt":{"rendered":"<p>Die NIKE M2K Tekno Black \/ White Sneakers sind stilvolle Herrenschuhe aus hochwertigem Leder, die St\u00e4rke, Komfort und modernes Design kombinieren. Das Modell ist ideal f\u00fcr das t\u00e4gliche Tragen, Outdoor-Aktivit\u00e4ten und urbanen Stil. Die weiche sto\u00dfd\u00e4mpfende Sohle sorgt f\u00fcr Komfort beim Gehen und die elegante Kombination aus Schwarz und Wei\u00df verleiht dem Bild Ausdruckskraft. Die Produktion in Vietnam garantiert Langlebigkeit und hohe Qualit\u00e4t. W\u00e4hlen Sie den NIKE M2K Tekno f\u00fcr einen stilvollen und komfortablen Look.<\/p>\n","protected":false},"featured_media":724468,"comment_status":"open","ping_status":"open","template":"","meta":[],"product_brand":[],"product_cat":[3225,3226],"product_tag":[],"class_list":{"0":"post-724464","1":"product","2":"type-product","3":"status-publish","4":"has-post-thumbnail","6":"product_cat-all-product","7":"product_cat-krosivky","8":"pa_rozmir-910","9":"pa_rozmir-912","10":"pa_rozmir-914","11":"pa_rozmir-915","12":"pa_rozmir-916","13":"pa_rozmir-917","14":"pa_rozmir-918","15":"pa_rozmir-919","16":"pa_rozmir-920","17":"pa_rozmir-921","18":"pa_rozmir-922","20":"first","21":"instock","22":"purchasable","23":"product-type-variable"},"_links":{"self":[{"href":"https:\/\/nextsnkr.com\/de\/wp-json\/wp\/v2\/product\/724464","targetHints":{"allow":["GET"]}}],"collection":[{"href":"https:\/\/nextsnkr.com\/de\/wp-json\/wp\/v2\/product"}],"about":[{"href":"https:\/\/nextsnkr.com\/de\/wp-json\/wp\/v2\/types\/product"}],"replies":[{"embeddable":true,"href":"https:\/\/nextsnkr.com\/de\/wp-json\/wp\/v2\/comments?post=724464"}],"version-history":[{"count":0,"href":"https:\/\/nextsnkr.com\/de\/wp-json\/wp\/v2\/product\/724464\/revisions"}],"wp:featuredmedia":[{"embeddable":true,"href":"https:\/\/nextsnkr.com\/de\/wp-json\/wp\/v2\/media\/724468"}],"wp:attachment":[{"href":"https:\/\/nextsnkr.com\/de\/wp-json\/wp\/v2\/media?parent=724464"}],"wp:term":[{"taxonomy":"product_brand","embeddable":true,"href":"https:\/\/nextsnkr.com\/de\/wp-json\/wp\/v2\/product_brand?post=724464"},{"taxonomy":"product_cat","embeddable":true,"href":"https:\/\/nextsnkr.com\/de\/wp-json\/wp\/v2\/product_cat?post=724464"},{"taxonomy":"product_tag","embeddable":true,"href":"https:\/\/nextsnkr.com\/de\/wp-json\/wp\/v2\/product_tag?post=724464"}],"curies":[{"name":"wp","href":"https:\/\/api.w.org\/{rel}","templated":true}]}}