{"id":722478,"date":"2025-06-16T20:55:26","date_gmt":"2025-06-16T17:55:26","guid":{"rendered":"https:\/\/nextsnkr.com\/product\/nike-sb-dunk-pro-x-why-so-sad-the-predatory-bird\/"},"modified":"2026-01-29T14:26:27","modified_gmt":"2026-01-29T11:26:27","slug":"nike-sb-dunk-pro-x-why-so-sad-the-predatory-bird","status":"publish","type":"product","link":"https:\/\/nextsnkr.com\/de\/produkt\/nike-sb-dunk-pro-x-why-so-sad-the-predatory-bird\/","title":{"rendered":"Nike SB Dunk Pro x Sneakers, warum so Sad &#8218;The Predatory Bird&#8216; &#8211; stilvolles Leder"},"content":{"rendered":"<h2>Nike SB Dunk Pro x Sneakers, warum so Sad &#8218;The Predatory Bird&#8216; &#8211; stilvolles Leder<\/h2>\n<p>&nbsp;<\/p>\n<p>Die Nike SB Dunk Pro x Sneakers Why so Sad &#8218;The Predatory Bird&#8216; sind Premium-Lederschuhe f\u00fcr aktiven Stil und das t\u00e4gliche Tragen. Das Modell besteht aus hochwertigem Leder, das Haltbarkeit, Komfort und zuverl\u00e4ssige Fu\u00dfunterst\u00fctzung bietet. Das einzigartige Design von &#8222;The Predatory Bird&#8220; verleiht dem Bild Originalit\u00e4t und Moderne und macht Turnschuhe zu einem begehrten Accessoire f\u00fcr Kenner des exklusiven Stils. Hergestellt in Vietnam, kombinieren diese Sneakers die legend\u00e4re Marke Nike, erstklassige Qualit\u00e4t und Komfort in jedem Detail.<\/p>\n","protected":false},"excerpt":{"rendered":"<p>Die Nike SB Dunk Pro x Sneakers Why so Sad &#8218;The Predatory Bird&#8216; sind Premium-Lederschuhe f\u00fcr aktiven Stil und das t\u00e4gliche Tragen. Das Modell besteht aus hochwertigem Leder, das Haltbarkeit, Komfort und zuverl\u00e4ssige Fu\u00dfunterst\u00fctzung bietet. Das einzigartige Design von &#8222;The Predatory Bird&#8220; verleiht dem Bild Originalit\u00e4t und Moderne und macht Turnschuhe zu einem begehrten Accessoire f\u00fcr Kenner des exklusiven Stils. Hergestellt in Vietnam, kombinieren diese Sneakers die legend\u00e4re Marke Nike, erstklassige Qualit\u00e4t und Komfort in jedem Detail.<\/p>\n","protected":false},"featured_media":722481,"comment_status":"open","ping_status":"open","template":"","meta":[],"product_brand":[],"product_cat":[3225,3320],"product_tag":[],"class_list":{"0":"post-722478","1":"product","2":"type-product","3":"status-publish","4":"has-post-thumbnail","6":"product_cat-all-product","7":"product_cat-kedy","8":"pa_rozmir-910","9":"pa_rozmir-912","10":"pa_rozmir-914","11":"pa_rozmir-915","12":"pa_rozmir-916","13":"pa_rozmir-917","14":"pa_rozmir-918","15":"pa_rozmir-919","16":"pa_rozmir-920","17":"pa_rozmir-921","18":"pa_rozmir-922","20":"first","21":"onbackorder","22":"purchasable","23":"product-type-variable"},"_links":{"self":[{"href":"https:\/\/nextsnkr.com\/de\/wp-json\/wp\/v2\/product\/722478","targetHints":{"allow":["GET"]}}],"collection":[{"href":"https:\/\/nextsnkr.com\/de\/wp-json\/wp\/v2\/product"}],"about":[{"href":"https:\/\/nextsnkr.com\/de\/wp-json\/wp\/v2\/types\/product"}],"replies":[{"embeddable":true,"href":"https:\/\/nextsnkr.com\/de\/wp-json\/wp\/v2\/comments?post=722478"}],"version-history":[{"count":0,"href":"https:\/\/nextsnkr.com\/de\/wp-json\/wp\/v2\/product\/722478\/revisions"}],"wp:featuredmedia":[{"embeddable":true,"href":"https:\/\/nextsnkr.com\/de\/wp-json\/wp\/v2\/media\/722481"}],"wp:attachment":[{"href":"https:\/\/nextsnkr.com\/de\/wp-json\/wp\/v2\/media?parent=722478"}],"wp:term":[{"taxonomy":"product_brand","embeddable":true,"href":"https:\/\/nextsnkr.com\/de\/wp-json\/wp\/v2\/product_brand?post=722478"},{"taxonomy":"product_cat","embeddable":true,"href":"https:\/\/nextsnkr.com\/de\/wp-json\/wp\/v2\/product_cat?post=722478"},{"taxonomy":"product_tag","embeddable":true,"href":"https:\/\/nextsnkr.com\/de\/wp-json\/wp\/v2\/product_tag?post=722478"}],"curies":[{"name":"wp","href":"https:\/\/api.w.org\/{rel}","templated":true}]}}