{"id":716093,"date":"2025-06-14T17:17:16","date_gmt":"2025-06-14T14:17:16","guid":{"rendered":"https:\/\/nextsnkr.com\/product\/air-jordan-retro-1-mid-banned-bred\/"},"modified":"2026-01-29T14:22:23","modified_gmt":"2026-01-29T11:22:23","slug":"air-jordan-retro-1-mid-banned-bred","status":"publish","type":"product","link":"https:\/\/nextsnkr.com\/de\/produkt\/air-jordan-retro-1-mid-banned-bred\/","title":{"rendered":"AIR JORDAN Retro Sneakers 1 Mid &#8220; Banned Bred \u2014 &#8211; Herrenlederschuhe"},"content":{"rendered":"<h2>AIR JORDAN Retro Sneakers 1 Mid &#8220; Banned Bred \u2014 &#8211; Herrenlederschuhe<\/h2>\n<p>&nbsp;<\/p>\n<p>Die AIR JORDAN Retro 1 Mid &#8222;Banned Bred&#8220; ist eine ikonische Herren-Sneakers aus echtem Leder, die legend\u00e4res Design und maximalen Komfort kombinieren. Das Modell ist ideal f\u00fcr das t\u00e4gliche Tragen und Outdoor-Aktivit\u00e4ten, und die sto\u00dfd\u00e4mpfende Sohle sorgt f\u00fcr Komfort beim Gehen. Die elegante Kombination aus Schwarz und Rot unterstreicht Stil und Pers\u00f6nlichkeit. Die Produktion in Vietnam garantiert Qualit\u00e4t und Langlebigkeit. W\u00e4hlen Sie den AIR JORDAN Retro 1 f\u00fcr ein trendiges und komfortables Bild.<\/p>\n","protected":false},"excerpt":{"rendered":"<p>Die AIR JORDAN Retro 1 Mid &#8222;Banned Bred&#8220; ist eine ikonische Herren-Sneakers aus echtem Leder, die legend\u00e4res Design und maximalen Komfort kombinieren. Das Modell ist ideal f\u00fcr das t\u00e4gliche Tragen und Outdoor-Aktivit\u00e4ten, und die sto\u00dfd\u00e4mpfende Sohle sorgt f\u00fcr Komfort beim Gehen. Die elegante Kombination aus Schwarz und Rot unterstreicht Stil und Pers\u00f6nlichkeit. Die Produktion in Vietnam garantiert Qualit\u00e4t und Langlebigkeit. W\u00e4hlen Sie den AIR JORDAN Retro 1 f\u00fcr ein trendiges und komfortables Bild.<\/p>\n","protected":false},"featured_media":716096,"comment_status":"open","ping_status":"open","template":"","meta":[],"product_brand":[],"product_cat":[3385,3225,3320],"product_tag":[],"class_list":{"0":"post-716093","1":"product","2":"type-product","3":"status-publish","4":"has-post-thumbnail","6":"product_cat-nike-jordan","7":"product_cat-all-product","8":"product_cat-kedy","9":"pa_rozmir-910","10":"pa_rozmir-912","11":"pa_rozmir-914","12":"pa_rozmir-915","13":"pa_rozmir-916","14":"pa_rozmir-917","15":"pa_rozmir-918","16":"pa_rozmir-919","17":"pa_rozmir-920","18":"pa_rozmir-921","19":"pa_rozmir-922","21":"first","22":"onbackorder","23":"purchasable","24":"product-type-variable"},"_links":{"self":[{"href":"https:\/\/nextsnkr.com\/de\/wp-json\/wp\/v2\/product\/716093","targetHints":{"allow":["GET"]}}],"collection":[{"href":"https:\/\/nextsnkr.com\/de\/wp-json\/wp\/v2\/product"}],"about":[{"href":"https:\/\/nextsnkr.com\/de\/wp-json\/wp\/v2\/types\/product"}],"replies":[{"embeddable":true,"href":"https:\/\/nextsnkr.com\/de\/wp-json\/wp\/v2\/comments?post=716093"}],"version-history":[{"count":0,"href":"https:\/\/nextsnkr.com\/de\/wp-json\/wp\/v2\/product\/716093\/revisions"}],"wp:featuredmedia":[{"embeddable":true,"href":"https:\/\/nextsnkr.com\/de\/wp-json\/wp\/v2\/media\/716096"}],"wp:attachment":[{"href":"https:\/\/nextsnkr.com\/de\/wp-json\/wp\/v2\/media?parent=716093"}],"wp:term":[{"taxonomy":"product_brand","embeddable":true,"href":"https:\/\/nextsnkr.com\/de\/wp-json\/wp\/v2\/product_brand?post=716093"},{"taxonomy":"product_cat","embeddable":true,"href":"https:\/\/nextsnkr.com\/de\/wp-json\/wp\/v2\/product_cat?post=716093"},{"taxonomy":"product_tag","embeddable":true,"href":"https:\/\/nextsnkr.com\/de\/wp-json\/wp\/v2\/product_tag?post=716093"}],"curies":[{"name":"wp","href":"https:\/\/api.w.org\/{rel}","templated":true}]}}