{"id":714706,"date":"2025-06-16T21:14:07","date_gmt":"2025-06-16T18:14:07","guid":{"rendered":"https:\/\/nextsnkr.com\/product\/loro-piano-blue\/"},"modified":"2026-01-29T14:21:36","modified_gmt":"2026-01-29T11:21:36","slug":"loro-piano-blue","status":"publish","type":"product","link":"https:\/\/nextsnkr.com\/de\/produkt\/loro-piano-blue\/","title":{"rendered":"Loro Piano Blue M\u00fc\u00dfigg\u00e4nger-Stilvolle Damen-M\u00fc\u00dfigg\u00e4nger aus Wildleder"},"content":{"rendered":"<h2>Loro Piano Blue M\u00fc\u00dfigg\u00e4nger-Stilvolle Damen-M\u00fc\u00dfigg\u00e4nger aus Wildleder<\/h2>\n<p>&nbsp;<\/p>\n<p>Die eleganten Loafers von Loro Piano Blue sind aus hochwertigem Wildleder gefertigt, das Komfort, Festigkeit und Haltbarkeit bietet. Das klassische Design mit einem satten blauen Farbton macht das Modell vielseitig f\u00fcr B\u00fcro, Spazierg\u00e4nge oder allt\u00e4glichen Stil. Die leichte Sohle garantiert Komfort bei langem tragen und gestaltete Form unterst\u00fctzt den Fu\u00df. Eine ideale Wahl f\u00fcr diejenigen, die Wert auf Stil, Qualit\u00e4t und anspruchsvolles Design von der Marke Loro Piano.<\/p>\n","protected":false},"excerpt":{"rendered":"<p>Die eleganten Loafers von Loro Piano Blue sind aus hochwertigem Wildleder gefertigt, das Komfort, Festigkeit und Haltbarkeit bietet. Das klassische Design mit einem satten blauen Farbton macht das Modell vielseitig f\u00fcr B\u00fcro, Spazierg\u00e4nge oder allt\u00e4glichen Stil. Die leichte Sohle garantiert Komfort bei langem tragen und gestaltete Form unterst\u00fctzt den Fu\u00df. Eine ideale Wahl f\u00fcr diejenigen, die Wert auf Stil, Qualit\u00e4t und anspruchsvolles Design von der Marke Loro Piano.<\/p>\n","protected":false},"featured_media":714708,"comment_status":"open","ping_status":"open","template":"","meta":[],"product_brand":[],"product_cat":[3225,4242],"product_tag":[],"class_list":{"0":"post-714706","1":"product","2":"type-product","3":"status-publish","4":"has-post-thumbnail","6":"product_cat-all-product","7":"product_cat-lofery","8":"pa_rozmir-910","9":"pa_rozmir-912","10":"pa_rozmir-914","11":"pa_rozmir-915","12":"pa_rozmir-916","13":"pa_rozmir-917","14":"pa_rozmir-918","15":"pa_rozmir-919","16":"pa_rozmir-920","17":"pa_rozmir-921","18":"pa_rozmir-922","20":"first","21":"instock","22":"purchasable","23":"product-type-variable"},"_links":{"self":[{"href":"https:\/\/nextsnkr.com\/de\/wp-json\/wp\/v2\/product\/714706","targetHints":{"allow":["GET"]}}],"collection":[{"href":"https:\/\/nextsnkr.com\/de\/wp-json\/wp\/v2\/product"}],"about":[{"href":"https:\/\/nextsnkr.com\/de\/wp-json\/wp\/v2\/types\/product"}],"replies":[{"embeddable":true,"href":"https:\/\/nextsnkr.com\/de\/wp-json\/wp\/v2\/comments?post=714706"}],"version-history":[{"count":0,"href":"https:\/\/nextsnkr.com\/de\/wp-json\/wp\/v2\/product\/714706\/revisions"}],"wp:featuredmedia":[{"embeddable":true,"href":"https:\/\/nextsnkr.com\/de\/wp-json\/wp\/v2\/media\/714708"}],"wp:attachment":[{"href":"https:\/\/nextsnkr.com\/de\/wp-json\/wp\/v2\/media?parent=714706"}],"wp:term":[{"taxonomy":"product_brand","embeddable":true,"href":"https:\/\/nextsnkr.com\/de\/wp-json\/wp\/v2\/product_brand?post=714706"},{"taxonomy":"product_cat","embeddable":true,"href":"https:\/\/nextsnkr.com\/de\/wp-json\/wp\/v2\/product_cat?post=714706"},{"taxonomy":"product_tag","embeddable":true,"href":"https:\/\/nextsnkr.com\/de\/wp-json\/wp\/v2\/product_tag?post=714706"}],"curies":[{"name":"wp","href":"https:\/\/api.w.org\/{rel}","templated":true}]}}