{"id":713262,"date":"2025-06-14T17:22:23","date_gmt":"2025-06-14T14:22:23","guid":{"rendered":"https:\/\/nextsnkr.com\/product\/mini-bailey-bow-leather\/"},"modified":"2026-01-29T14:20:35","modified_gmt":"2026-01-29T11:20:35","slug":"mini-bailey-bow-leather","status":"publish","type":"product","link":"https:\/\/nextsnkr.com\/de\/produkt\/mini-bailey-bow-leather\/","title":{"rendered":"UGG Mini Bailey Bow Leather-Damen-Ugg Boots aus Wildleder mit Schleife"},"content":{"rendered":"<h2>UGG Mini Bailey Bow Leather-Damen-Ugg Boots aus Wildleder mit Schleife<\/h2>\n<p>&nbsp;<\/p>\n<p>UGG Mini Bailey Bow Leather ist ein stilvoller und warmer Damen-Ugg aus hochwertigem Wildleder. Die weiche Sohle sorgt f\u00fcr Komfort und Leichtigkeit des Ganges, und der dekorative Bogen verleiht dem Bild einen raffinierten Akzent. Hergestellt in China mit Liebe zum Detail, garantieren diese Uggs Haltbarkeit und Verschlei\u00dffestigkeit. Ideal f\u00fcr den t\u00e4glichen Gebrauch in der kalten Jahreszeit, kombiniert das UGG Mini Bailey Bow Leather Komfort, Praktikabilit\u00e4t und einen modernen, eleganten Stil.<\/p>\n","protected":false},"excerpt":{"rendered":"<p>UGG Mini Bailey Bow Leather ist ein stilvoller und warmer Damen-Ugg aus hochwertigem Wildleder. Die weiche Sohle sorgt f\u00fcr Komfort und Leichtigkeit des Ganges, und der dekorative Bogen verleiht dem Bild einen raffinierten Akzent. Hergestellt in China mit Liebe zum Detail, garantieren diese Uggs Haltbarkeit und Verschlei\u00dffestigkeit. Ideal f\u00fcr den t\u00e4glichen Gebrauch in der kalten Jahreszeit, kombiniert das UGG Mini Bailey Bow Leather Komfort, Praktikabilit\u00e4t und einen modernen, eleganten Stil.<\/p>\n","protected":false},"featured_media":713265,"comment_status":"open","ping_status":"open","template":"","meta":[],"product_brand":[],"product_cat":[3409,3225],"product_tag":[],"class_list":{"0":"post-713262","1":"product","2":"type-product","3":"status-publish","4":"has-post-thumbnail","6":"product_cat-ugg","7":"product_cat-all-product","8":"pa_rozmir-910","9":"pa_rozmir-912","10":"pa_rozmir-914","11":"pa_rozmir-915","12":"pa_rozmir-916","13":"pa_rozmir-917","14":"pa_rozmir-918","15":"pa_rozmir-919","16":"pa_rozmir-920","17":"pa_rozmir-921","18":"pa_rozmir-922","20":"first","21":"instock","22":"purchasable","23":"product-type-variable"},"_links":{"self":[{"href":"https:\/\/nextsnkr.com\/de\/wp-json\/wp\/v2\/product\/713262","targetHints":{"allow":["GET"]}}],"collection":[{"href":"https:\/\/nextsnkr.com\/de\/wp-json\/wp\/v2\/product"}],"about":[{"href":"https:\/\/nextsnkr.com\/de\/wp-json\/wp\/v2\/types\/product"}],"replies":[{"embeddable":true,"href":"https:\/\/nextsnkr.com\/de\/wp-json\/wp\/v2\/comments?post=713262"}],"version-history":[{"count":0,"href":"https:\/\/nextsnkr.com\/de\/wp-json\/wp\/v2\/product\/713262\/revisions"}],"wp:featuredmedia":[{"embeddable":true,"href":"https:\/\/nextsnkr.com\/de\/wp-json\/wp\/v2\/media\/713265"}],"wp:attachment":[{"href":"https:\/\/nextsnkr.com\/de\/wp-json\/wp\/v2\/media?parent=713262"}],"wp:term":[{"taxonomy":"product_brand","embeddable":true,"href":"https:\/\/nextsnkr.com\/de\/wp-json\/wp\/v2\/product_brand?post=713262"},{"taxonomy":"product_cat","embeddable":true,"href":"https:\/\/nextsnkr.com\/de\/wp-json\/wp\/v2\/product_cat?post=713262"},{"taxonomy":"product_tag","embeddable":true,"href":"https:\/\/nextsnkr.com\/de\/wp-json\/wp\/v2\/product_tag?post=713262"}],"curies":[{"name":"wp","href":"https:\/\/api.w.org\/{rel}","templated":true}]}}