{"id":706107,"date":"2025-06-14T17:31:10","date_gmt":"2025-06-14T14:31:10","guid":{"rendered":"https:\/\/nextsnkr.com\/product\/short-zip-leather\/"},"modified":"2026-01-29T14:16:07","modified_gmt":"2026-01-29T11:16:07","slug":"short-zip-leather","status":"publish","type":"product","link":"https:\/\/nextsnkr.com\/de\/produkt\/short-zip-leather\/","title":{"rendered":"UGG Short Zip Leather &#8211; Kurze Stiefel aus Wildleder f\u00fcr Damen"},"content":{"rendered":"<h2>UGG Short Zip Leather &#8211; Kurze Stiefel aus Wildleder f\u00fcr Damen<\/h2>\n<p>&nbsp;<\/p>\n<p>UGG Short Zip Leather ist ein stilvoller und bequemer Damenschuh aus hochwertigem Wildleder. Das kurze Modell mit praktischem Rei\u00dfverschluss bietet ein leichtes An- und Ausziehen, w\u00e4hrend das weiche Innenfutter in der kalten Jahreszeit W\u00e4rme und Komfort verleiht. Die klassische Farbe Schwarz macht die Schuhe f\u00fcr jedes Bild universell. Eine ideale Wahl f\u00fcr diejenigen, die UGG-Marke, Komfort und zuverl\u00e4ssige Qualit\u00e4t im t\u00e4glichen Tragen sch\u00e4tzen.<\/p>\n","protected":false},"excerpt":{"rendered":"<p>UGG Short Zip Leather ist ein stilvoller und bequemer Damenschuh aus hochwertigem Wildleder. Das kurze Modell mit praktischem Rei\u00dfverschluss bietet ein leichtes An- und Ausziehen, w\u00e4hrend das weiche Innenfutter in der kalten Jahreszeit W\u00e4rme und Komfort verleiht. Die klassische Farbe Schwarz macht die Schuhe f\u00fcr jedes Bild universell. Eine ideale Wahl f\u00fcr diejenigen, die UGG-Marke, Komfort und zuverl\u00e4ssige Qualit\u00e4t im t\u00e4glichen Tragen sch\u00e4tzen.<\/p>\n","protected":false},"featured_media":706108,"comment_status":"open","ping_status":"open","template":"","meta":[],"product_brand":[],"product_cat":[3409,3225],"product_tag":[],"class_list":{"0":"post-706107","1":"product","2":"type-product","3":"status-publish","4":"has-post-thumbnail","6":"product_cat-ugg","7":"product_cat-all-product","8":"pa_rozmir-910","9":"pa_rozmir-912","10":"pa_rozmir-914","11":"pa_rozmir-915","12":"pa_rozmir-916","13":"pa_rozmir-917","14":"pa_rozmir-918","15":"pa_rozmir-919","16":"pa_rozmir-920","17":"pa_rozmir-921","18":"pa_rozmir-922","20":"first","21":"instock","22":"purchasable","23":"product-type-variable"},"_links":{"self":[{"href":"https:\/\/nextsnkr.com\/de\/wp-json\/wp\/v2\/product\/706107","targetHints":{"allow":["GET"]}}],"collection":[{"href":"https:\/\/nextsnkr.com\/de\/wp-json\/wp\/v2\/product"}],"about":[{"href":"https:\/\/nextsnkr.com\/de\/wp-json\/wp\/v2\/types\/product"}],"replies":[{"embeddable":true,"href":"https:\/\/nextsnkr.com\/de\/wp-json\/wp\/v2\/comments?post=706107"}],"version-history":[{"count":0,"href":"https:\/\/nextsnkr.com\/de\/wp-json\/wp\/v2\/product\/706107\/revisions"}],"wp:featuredmedia":[{"embeddable":true,"href":"https:\/\/nextsnkr.com\/de\/wp-json\/wp\/v2\/media\/706108"}],"wp:attachment":[{"href":"https:\/\/nextsnkr.com\/de\/wp-json\/wp\/v2\/media?parent=706107"}],"wp:term":[{"taxonomy":"product_brand","embeddable":true,"href":"https:\/\/nextsnkr.com\/de\/wp-json\/wp\/v2\/product_brand?post=706107"},{"taxonomy":"product_cat","embeddable":true,"href":"https:\/\/nextsnkr.com\/de\/wp-json\/wp\/v2\/product_cat?post=706107"},{"taxonomy":"product_tag","embeddable":true,"href":"https:\/\/nextsnkr.com\/de\/wp-json\/wp\/v2\/product_tag?post=706107"}],"curies":[{"name":"wp","href":"https:\/\/api.w.org\/{rel}","templated":true}]}}