{"id":705429,"date":"2025-06-14T17:33:29","date_gmt":"2025-06-14T14:33:29","guid":{"rendered":"https:\/\/nextsnkr.com\/product\/black-3\/"},"modified":"2026-01-29T14:15:39","modified_gmt":"2026-01-29T11:15:39","slug":"black-3","status":"publish","type":"product","link":"https:\/\/nextsnkr.com\/de\/produkt\/black-3\/","title":{"rendered":"UGG Black Handschuhe &#8211; Damen Wildlederhandschuhe mit Schaffell"},"content":{"rendered":"<h2>UGG Black Handschuhe &#8211; Damen Wildlederhandschuhe mit Schaffell<\/h2>\n<p>&nbsp;<\/p>\n<p>UGG Black Handschuhe sind stilvolle und warme Damenhandschuhe aus echtem Wildleder und Schaffell, die f\u00fcr Komfort in der kalten Jahreszeit geschaffen wurden. Das weiche Futter bietet eine hervorragende W\u00e4rmed\u00e4mmung und das robuste Material garantiert Haltbarkeit. Die klassische schwarze Farbe l\u00e4sst sich leicht mit jedem Winter kombinieren, und die Marke UGG betont Stil und Qualit\u00e4t. W\u00e4hlen Sie UGG Black f\u00fcr jeden Tag W\u00e4rme, Komfort und ein elegantes Aussehen.<\/p>\n","protected":false},"excerpt":{"rendered":"<p>UGG Black Handschuhe sind stilvolle und warme Damenhandschuhe aus echtem Wildleder und Schaffell, die f\u00fcr Komfort in der kalten Jahreszeit geschaffen wurden. Das weiche Futter bietet eine hervorragende W\u00e4rmed\u00e4mmung und das robuste Material garantiert Haltbarkeit. Die klassische schwarze Farbe l\u00e4sst sich leicht mit jedem Winter kombinieren, und die Marke UGG betont Stil und Qualit\u00e4t. W\u00e4hlen Sie UGG Black f\u00fcr jeden Tag W\u00e4rme, Komfort und ein elegantes Aussehen.<\/p>\n","protected":false},"featured_media":705430,"comment_status":"open","ping_status":"open","template":"","meta":[],"product_brand":[],"product_cat":[3409,3225,4437],"product_tag":[],"class_list":{"0":"post-705429","1":"product","2":"type-product","3":"status-publish","4":"has-post-thumbnail","6":"product_cat-ugg","7":"product_cat-all-product","8":"product_cat-rukavichki","9":"pa_rozmir-910","10":"pa_rozmir-912","11":"pa_rozmir-914","12":"pa_rozmir-915","13":"pa_rozmir-916","14":"pa_rozmir-917","15":"pa_rozmir-918","16":"pa_rozmir-919","17":"pa_rozmir-920","18":"pa_rozmir-921","19":"pa_rozmir-922","21":"first","22":"onbackorder","23":"purchasable","24":"product-type-variable"},"_links":{"self":[{"href":"https:\/\/nextsnkr.com\/de\/wp-json\/wp\/v2\/product\/705429","targetHints":{"allow":["GET"]}}],"collection":[{"href":"https:\/\/nextsnkr.com\/de\/wp-json\/wp\/v2\/product"}],"about":[{"href":"https:\/\/nextsnkr.com\/de\/wp-json\/wp\/v2\/types\/product"}],"replies":[{"embeddable":true,"href":"https:\/\/nextsnkr.com\/de\/wp-json\/wp\/v2\/comments?post=705429"}],"version-history":[{"count":0,"href":"https:\/\/nextsnkr.com\/de\/wp-json\/wp\/v2\/product\/705429\/revisions"}],"wp:featuredmedia":[{"embeddable":true,"href":"https:\/\/nextsnkr.com\/de\/wp-json\/wp\/v2\/media\/705430"}],"wp:attachment":[{"href":"https:\/\/nextsnkr.com\/de\/wp-json\/wp\/v2\/media?parent=705429"}],"wp:term":[{"taxonomy":"product_brand","embeddable":true,"href":"https:\/\/nextsnkr.com\/de\/wp-json\/wp\/v2\/product_brand?post=705429"},{"taxonomy":"product_cat","embeddable":true,"href":"https:\/\/nextsnkr.com\/de\/wp-json\/wp\/v2\/product_cat?post=705429"},{"taxonomy":"product_tag","embeddable":true,"href":"https:\/\/nextsnkr.com\/de\/wp-json\/wp\/v2\/product_tag?post=705429"}],"curies":[{"name":"wp","href":"https:\/\/api.w.org\/{rel}","templated":true}]}}