{"id":704239,"date":"2025-06-14T17:37:39","date_gmt":"2025-06-14T14:37:39","guid":{"rendered":"https:\/\/nextsnkr.com\/product\/rowley-xlt-black-white\/"},"modified":"2026-01-29T14:14:48","modified_gmt":"2026-01-29T11:14:48","slug":"rowley-xlt-black-white","status":"publish","type":"product","link":"https:\/\/nextsnkr.com\/de\/produkt\/rowley-xlt-black-white\/","title":{"rendered":"Rowley XLT Sneakers Black \/ White-Herrenlederschuhe im klassischen Stil"},"content":{"rendered":"<h2>Rowley XLT Sneakers Black \/ White-Herrenlederschuhe im klassischen Stil<\/h2>\n<p>&nbsp;<\/p>\n<p>Die Rowley XLT Black \/ White Sneakers sind ein stilvolles echtes Ledermodell f\u00fcr das t\u00e4gliche Tragen. Die Schwarz-Wei\u00df-Farbkombination macht sie vielseitig und l\u00e4sst sich auf jede beliebige Weise kombinieren. Das robuste Material sorgt f\u00fcr Haltbarkeit und die bequeme Sohle sorgt f\u00fcr Komfort w\u00e4hrend des Tages. Diese Rowley XLT Sneakers, die aus hochwertigen Materialien in Vietnam hergestellt wurden, kombinieren Stil, Funktionalit\u00e4t und Zuverl\u00e4ssigkeit f\u00fcr einen aktiven Lebensstil.<\/p>\n","protected":false},"excerpt":{"rendered":"<p>Die Rowley XLT Black \/ White Sneakers sind ein stilvolles echtes Ledermodell f\u00fcr das t\u00e4gliche Tragen. Die Schwarz-Wei\u00df-Farbkombination macht sie vielseitig und l\u00e4sst sich auf jede beliebige Weise kombinieren. Das robuste Material sorgt f\u00fcr Haltbarkeit und die bequeme Sohle sorgt f\u00fcr Komfort w\u00e4hrend des Tages. Diese Rowley XLT Sneakers, die aus hochwertigen Materialien in Vietnam hergestellt wurden, kombinieren Stil, Funktionalit\u00e4t und Zuverl\u00e4ssigkeit f\u00fcr einen aktiven Lebensstil.<\/p>\n","protected":false},"featured_media":704240,"comment_status":"open","ping_status":"open","template":"","meta":[],"product_brand":[],"product_cat":[3225,3320],"product_tag":[],"class_list":{"0":"post-704239","1":"product","2":"type-product","3":"status-publish","4":"has-post-thumbnail","6":"product_cat-all-product","7":"product_cat-kedy","8":"pa_rozmir-910","9":"pa_rozmir-912","10":"pa_rozmir-914","11":"pa_rozmir-915","12":"pa_rozmir-916","13":"pa_rozmir-917","14":"pa_rozmir-918","15":"pa_rozmir-919","16":"pa_rozmir-920","17":"pa_rozmir-921","18":"pa_rozmir-922","20":"first","21":"instock","22":"purchasable","23":"product-type-variable"},"_links":{"self":[{"href":"https:\/\/nextsnkr.com\/de\/wp-json\/wp\/v2\/product\/704239","targetHints":{"allow":["GET"]}}],"collection":[{"href":"https:\/\/nextsnkr.com\/de\/wp-json\/wp\/v2\/product"}],"about":[{"href":"https:\/\/nextsnkr.com\/de\/wp-json\/wp\/v2\/types\/product"}],"replies":[{"embeddable":true,"href":"https:\/\/nextsnkr.com\/de\/wp-json\/wp\/v2\/comments?post=704239"}],"version-history":[{"count":0,"href":"https:\/\/nextsnkr.com\/de\/wp-json\/wp\/v2\/product\/704239\/revisions"}],"wp:featuredmedia":[{"embeddable":true,"href":"https:\/\/nextsnkr.com\/de\/wp-json\/wp\/v2\/media\/704240"}],"wp:attachment":[{"href":"https:\/\/nextsnkr.com\/de\/wp-json\/wp\/v2\/media?parent=704239"}],"wp:term":[{"taxonomy":"product_brand","embeddable":true,"href":"https:\/\/nextsnkr.com\/de\/wp-json\/wp\/v2\/product_brand?post=704239"},{"taxonomy":"product_cat","embeddable":true,"href":"https:\/\/nextsnkr.com\/de\/wp-json\/wp\/v2\/product_cat?post=704239"},{"taxonomy":"product_tag","embeddable":true,"href":"https:\/\/nextsnkr.com\/de\/wp-json\/wp\/v2\/product_tag?post=704239"}],"curies":[{"name":"wp","href":"https:\/\/api.w.org\/{rel}","templated":true}]}}