{"id":703593,"date":"2025-06-14T17:40:23","date_gmt":"2025-06-14T14:40:23","guid":{"rendered":"https:\/\/nextsnkr.com\/product\/marc-jacobs-2\/"},"modified":"2026-01-29T14:14:10","modified_gmt":"2026-01-29T11:14:10","slug":"marc-jacobs-2","status":"publish","type":"product","link":"https:\/\/nextsnkr.com\/de\/produkt\/marc-jacobs-2\/","title":{"rendered":"Die Marc Jacobs Tasche aus Kunstleder und Textilien ist ein stilvolles Damenmodell"},"content":{"rendered":"<h2>Die Marc Jacobs Tasche aus Kunstleder und Textilien ist ein stilvolles Damenmodell<\/h2>\n<p>&nbsp;<\/p>\n<p>Die Marc Jacobs Tasche ist aus hochwertigem Kunstleder und Textilien gefertigt, was eine Strapazierf\u00e4higkeit und ein modernes Aussehen verleiht. Das ger\u00e4umige innere Volumen erm\u00f6glicht es Ihnen, die notwendigen Dinge bequem zu verstauen, und das durchdachte Design der Marke verleiht jedem Bild Eleganz. Das Modell ist universell f\u00fcr den t\u00e4glichen Gebrauch, Spazierg\u00e4nge und die Arbeit. Die Kombination aus Premium-Qualit\u00e4t, Komfort und stilvollem Design macht diese Tasche zu einer idealen Wahl f\u00fcr Frauen, die den Komfort und die Marke Marc Jacobs sch\u00e4tzen.<\/p>\n","protected":false},"excerpt":{"rendered":"<p>Die Marc Jacobs Tasche ist aus hochwertigem Kunstleder und Textilien gefertigt, was eine Strapazierf\u00e4higkeit und ein modernes Aussehen verleiht. Das ger\u00e4umige innere Volumen erm\u00f6glicht es Ihnen, die notwendigen Dinge bequem zu verstauen, und das durchdachte Design der Marke verleiht jedem Bild Eleganz. Das Modell ist universell f\u00fcr den t\u00e4glichen Gebrauch, Spazierg\u00e4nge und die Arbeit. Die Kombination aus Premium-Qualit\u00e4t, Komfort und stilvollem Design macht diese Tasche zu einer idealen Wahl f\u00fcr Frauen, die den Komfort und die Marke Marc Jacobs sch\u00e4tzen.<\/p>\n","protected":false},"featured_media":703594,"comment_status":"open","ping_status":"open","template":"","meta":[],"product_brand":[],"product_cat":[3225,3480],"product_tag":[],"class_list":{"0":"post-703593","1":"product","2":"type-product","3":"status-publish","4":"has-post-thumbnail","6":"product_cat-all-product","7":"product_cat-sumky","8":"pa_rozmir-20kh12kh7","10":"first","11":"instock","12":"purchasable","13":"product-type-simple"},"_links":{"self":[{"href":"https:\/\/nextsnkr.com\/de\/wp-json\/wp\/v2\/product\/703593","targetHints":{"allow":["GET"]}}],"collection":[{"href":"https:\/\/nextsnkr.com\/de\/wp-json\/wp\/v2\/product"}],"about":[{"href":"https:\/\/nextsnkr.com\/de\/wp-json\/wp\/v2\/types\/product"}],"replies":[{"embeddable":true,"href":"https:\/\/nextsnkr.com\/de\/wp-json\/wp\/v2\/comments?post=703593"}],"version-history":[{"count":0,"href":"https:\/\/nextsnkr.com\/de\/wp-json\/wp\/v2\/product\/703593\/revisions"}],"wp:featuredmedia":[{"embeddable":true,"href":"https:\/\/nextsnkr.com\/de\/wp-json\/wp\/v2\/media\/703594"}],"wp:attachment":[{"href":"https:\/\/nextsnkr.com\/de\/wp-json\/wp\/v2\/media?parent=703593"}],"wp:term":[{"taxonomy":"product_brand","embeddable":true,"href":"https:\/\/nextsnkr.com\/de\/wp-json\/wp\/v2\/product_brand?post=703593"},{"taxonomy":"product_cat","embeddable":true,"href":"https:\/\/nextsnkr.com\/de\/wp-json\/wp\/v2\/product_cat?post=703593"},{"taxonomy":"product_tag","embeddable":true,"href":"https:\/\/nextsnkr.com\/de\/wp-json\/wp\/v2\/product_tag?post=703593"}],"curies":[{"name":"wp","href":"https:\/\/api.w.org\/{rel}","templated":true}]}}