{"id":702969,"date":"2025-06-14T17:42:11","date_gmt":"2025-06-14T14:42:11","guid":{"rendered":"https:\/\/nextsnkr.com\/product\/converse-chuck-70-classic-high-top-orange\/"},"modified":"2026-01-29T14:13:47","modified_gmt":"2026-01-29T11:13:47","slug":"converse-chuck-70-classic-high-top-orange","status":"publish","type":"product","link":"https:\/\/nextsnkr.com\/de\/produkt\/converse-chuck-70-classic-high-top-orange\/","title":{"rendered":"Converse Chuck 70 Classic High Top Orange Sneakers-Textil hoch"},"content":{"rendered":"<h2>Converse Chuck 70 Classic High Top Orange Sneakers-Textil hoch<\/h2>\n<p>&nbsp;<\/p>\n<p>Die Converse Chuck 70 Classic High Top Orange ist eine helle, hohe Sneakers aus strapazierf\u00e4higem Textil und einer Gummisohle, die Komfort, Komfort und Haltbarkeit bietet. Die satte orange Farbe macht das Modell stilvoll und eing\u00e4ngig, l\u00e4sst sich leicht mit der t\u00e4glichen Garderobe kombinieren. Die in Vietnam hergestellten Sneakers zeichnen sich durch ein klassisches Chuck 70-Design, eine sichere Passform am Bein und Vielseitigkeit f\u00fcr die Stadt und Outdoor-Aktivit\u00e4ten aus. Eine ideale Wahl f\u00fcr diejenigen, die Stil und Komfort sch\u00e4tzen.<\/p>\n","protected":false},"excerpt":{"rendered":"<p>Die Converse Chuck 70 Classic High Top Orange ist eine helle, hohe Sneakers aus strapazierf\u00e4higem Textil und einer Gummisohle, die Komfort, Komfort und Haltbarkeit bietet. Die satte orange Farbe macht das Modell stilvoll und eing\u00e4ngig, l\u00e4sst sich leicht mit der t\u00e4glichen Garderobe kombinieren. Die in Vietnam hergestellten Sneakers zeichnen sich durch ein klassisches Chuck 70-Design, eine sichere Passform am Bein und Vielseitigkeit f\u00fcr die Stadt und Outdoor-Aktivit\u00e4ten aus. Eine ideale Wahl f\u00fcr diejenigen, die Stil und Komfort sch\u00e4tzen.<\/p>\n","protected":false},"featured_media":702970,"comment_status":"open","ping_status":"open","template":"","meta":[],"product_brand":[],"product_cat":[3225,3320],"product_tag":[],"class_list":{"0":"post-702969","1":"product","2":"type-product","3":"status-publish","4":"has-post-thumbnail","6":"product_cat-all-product","7":"product_cat-kedy","8":"pa_rozmir-923","9":"pa_rozmir-912","10":"pa_rozmir-914","11":"pa_rozmir-915","12":"pa_rozmir-916","13":"pa_rozmir-917","14":"pa_rozmir-918","15":"pa_rozmir-919","16":"pa_rozmir-920","17":"pa_rozmir-921","18":"pa_rozmir-922","20":"first","21":"onbackorder","22":"purchasable","23":"product-type-variable"},"_links":{"self":[{"href":"https:\/\/nextsnkr.com\/de\/wp-json\/wp\/v2\/product\/702969","targetHints":{"allow":["GET"]}}],"collection":[{"href":"https:\/\/nextsnkr.com\/de\/wp-json\/wp\/v2\/product"}],"about":[{"href":"https:\/\/nextsnkr.com\/de\/wp-json\/wp\/v2\/types\/product"}],"replies":[{"embeddable":true,"href":"https:\/\/nextsnkr.com\/de\/wp-json\/wp\/v2\/comments?post=702969"}],"version-history":[{"count":0,"href":"https:\/\/nextsnkr.com\/de\/wp-json\/wp\/v2\/product\/702969\/revisions"}],"wp:featuredmedia":[{"embeddable":true,"href":"https:\/\/nextsnkr.com\/de\/wp-json\/wp\/v2\/media\/702970"}],"wp:attachment":[{"href":"https:\/\/nextsnkr.com\/de\/wp-json\/wp\/v2\/media?parent=702969"}],"wp:term":[{"taxonomy":"product_brand","embeddable":true,"href":"https:\/\/nextsnkr.com\/de\/wp-json\/wp\/v2\/product_brand?post=702969"},{"taxonomy":"product_cat","embeddable":true,"href":"https:\/\/nextsnkr.com\/de\/wp-json\/wp\/v2\/product_cat?post=702969"},{"taxonomy":"product_tag","embeddable":true,"href":"https:\/\/nextsnkr.com\/de\/wp-json\/wp\/v2\/product_tag?post=702969"}],"curies":[{"name":"wp","href":"https:\/\/api.w.org\/{rel}","templated":true}]}}