{"id":702800,"date":"2025-06-14T17:42:51","date_gmt":"2025-06-14T14:42:51","guid":{"rendered":"https:\/\/nextsnkr.com\/product\/converse-chuck-70-classic-high-purple\/"},"modified":"2026-01-29T14:13:43","modified_gmt":"2026-01-29T11:13:43","slug":"converse-chuck-70-classic-high-purple","status":"publish","type":"product","link":"https:\/\/nextsnkr.com\/de\/produkt\/converse-chuck-70-classic-high-purple\/","title":{"rendered":"Converse Chuck 70 Classic High Purple Sneakers-Hohe Textilkreuze"},"content":{"rendered":"<h2>Converse Chuck 70 Classic High Purple Sneakers-Hohe Textilkreuze<\/h2>\n<p>&nbsp;<\/p>\n<p>Die Converse Chuck 70 Classic High Purple Sneakers sind stilvolle hohe Sneakers f\u00fcr den Alltag. Sie sind aus strapazierf\u00e4higem Textil und einer Gummisohle gefertigt und bieten Komfort, Haltbarkeit und zuverl\u00e4ssige D\u00e4mpfung. Die helle violette Farbe verleiht dem Bild Pers\u00f6nlichkeit und modernen Charme. Das leichte Design und das klassische Design machen das Modell perfekt f\u00fcr jedes Bild, indem es die legend\u00e4re Marke Converse mit Komfort und Stil kombiniert.<\/p>\n","protected":false},"excerpt":{"rendered":"<p>Die Converse Chuck 70 Classic High Purple Sneakers sind stilvolle hohe Sneakers f\u00fcr den Alltag. Sie sind aus strapazierf\u00e4higem Textil und einer Gummisohle gefertigt und bieten Komfort, Haltbarkeit und zuverl\u00e4ssige D\u00e4mpfung. Die helle violette Farbe verleiht dem Bild Pers\u00f6nlichkeit und modernen Charme. Das leichte Design und das klassische Design machen das Modell perfekt f\u00fcr jedes Bild, indem es die legend\u00e4re Marke Converse mit Komfort und Stil kombiniert.<\/p>\n","protected":false},"featured_media":702801,"comment_status":"open","ping_status":"open","template":"","meta":[],"product_brand":[],"product_cat":[3225,3320],"product_tag":[],"class_list":{"0":"post-702800","1":"product","2":"type-product","3":"status-publish","4":"has-post-thumbnail","6":"product_cat-all-product","7":"product_cat-kedy","8":"pa_rozmir-910","9":"pa_rozmir-912","10":"pa_rozmir-914","11":"pa_rozmir-915","12":"pa_rozmir-916","13":"pa_rozmir-917","14":"pa_rozmir-918","15":"pa_rozmir-919","16":"pa_rozmir-920","17":"pa_rozmir-921","18":"pa_rozmir-922","20":"first","21":"onbackorder","22":"purchasable","23":"product-type-variable"},"_links":{"self":[{"href":"https:\/\/nextsnkr.com\/de\/wp-json\/wp\/v2\/product\/702800","targetHints":{"allow":["GET"]}}],"collection":[{"href":"https:\/\/nextsnkr.com\/de\/wp-json\/wp\/v2\/product"}],"about":[{"href":"https:\/\/nextsnkr.com\/de\/wp-json\/wp\/v2\/types\/product"}],"replies":[{"embeddable":true,"href":"https:\/\/nextsnkr.com\/de\/wp-json\/wp\/v2\/comments?post=702800"}],"version-history":[{"count":0,"href":"https:\/\/nextsnkr.com\/de\/wp-json\/wp\/v2\/product\/702800\/revisions"}],"wp:featuredmedia":[{"embeddable":true,"href":"https:\/\/nextsnkr.com\/de\/wp-json\/wp\/v2\/media\/702801"}],"wp:attachment":[{"href":"https:\/\/nextsnkr.com\/de\/wp-json\/wp\/v2\/media?parent=702800"}],"wp:term":[{"taxonomy":"product_brand","embeddable":true,"href":"https:\/\/nextsnkr.com\/de\/wp-json\/wp\/v2\/product_brand?post=702800"},{"taxonomy":"product_cat","embeddable":true,"href":"https:\/\/nextsnkr.com\/de\/wp-json\/wp\/v2\/product_cat?post=702800"},{"taxonomy":"product_tag","embeddable":true,"href":"https:\/\/nextsnkr.com\/de\/wp-json\/wp\/v2\/product_tag?post=702800"}],"curies":[{"name":"wp","href":"https:\/\/api.w.org\/{rel}","templated":true}]}}