{"id":702461,"date":"2025-06-14T17:43:59","date_gmt":"2025-06-14T14:43:59","guid":{"rendered":"https:\/\/nextsnkr.com\/product\/converse-x-comme-des-garcons-play-low-top-white\/"},"modified":"2026-01-29T14:13:34","modified_gmt":"2026-01-29T11:13:34","slug":"converse-x-comme-des-garcons-play-low-top-white","status":"publish","type":"product","link":"https:\/\/nextsnkr.com\/de\/produkt\/converse-x-comme-des-garcons-play-low-top-white\/","title":{"rendered":"Converse x COMME des GAR\u00c7ONS PLAY Low-top White Sneakers-stylische Textilien"},"content":{"rendered":"<h2>Converse x COMME des GAR\u00c7ONS PLAY Low-top White Sneakers-stylische Textilien<\/h2>\n<p>&nbsp;<\/p>\n<p>Die Converse x COMME des GAR\u00c7ONS PLAY Low-Top White Sneakers sind modische Herren- und Damenschuhe aus Textil und einer robusten Gummisohle, die Komfort, Leichtigkeit und ikonisches Design kombinieren. Das Modell eignet sich zum t\u00e4glichen Tragen, Wandern und Erstellen stilvoller urbaner Bilder. Leichte und atmungsaktive Materialien sorgen f\u00fcr Komfort w\u00e4hrend des Tages, und die Markenkooperation mit COMME des GAR\u00c7ONS verleiht Einzigartigkeit und Status. Die Produktion in Vietnam garantiert Qualit\u00e4t und Langlebigkeit.<\/p>\n","protected":false},"excerpt":{"rendered":"<p>Die Converse x COMME des GAR\u00c7ONS PLAY Low-Top White Sneakers sind modische Herren- und Damenschuhe aus Textil und einer robusten Gummisohle, die Komfort, Leichtigkeit und ikonisches Design kombinieren. Das Modell eignet sich zum t\u00e4glichen Tragen, Wandern und Erstellen stilvoller urbaner Bilder. Leichte und atmungsaktive Materialien sorgen f\u00fcr Komfort w\u00e4hrend des Tages, und die Markenkooperation mit COMME des GAR\u00c7ONS verleiht Einzigartigkeit und Status. Die Produktion in Vietnam garantiert Qualit\u00e4t und Langlebigkeit.<\/p>\n","protected":false},"featured_media":702462,"comment_status":"open","ping_status":"open","template":"","meta":[],"product_brand":[],"product_cat":[3225,3320],"product_tag":[],"class_list":{"0":"post-702461","1":"product","2":"type-product","3":"status-publish","4":"has-post-thumbnail","6":"product_cat-all-product","7":"product_cat-kedy","8":"pa_rozmir-910","9":"pa_rozmir-912","10":"pa_rozmir-914","11":"pa_rozmir-915","12":"pa_rozmir-916","13":"pa_rozmir-917","14":"pa_rozmir-918","15":"pa_rozmir-919","16":"pa_rozmir-920","17":"pa_rozmir-921","18":"pa_rozmir-922","20":"first","21":"onbackorder","22":"purchasable","23":"product-type-variable"},"_links":{"self":[{"href":"https:\/\/nextsnkr.com\/de\/wp-json\/wp\/v2\/product\/702461","targetHints":{"allow":["GET"]}}],"collection":[{"href":"https:\/\/nextsnkr.com\/de\/wp-json\/wp\/v2\/product"}],"about":[{"href":"https:\/\/nextsnkr.com\/de\/wp-json\/wp\/v2\/types\/product"}],"replies":[{"embeddable":true,"href":"https:\/\/nextsnkr.com\/de\/wp-json\/wp\/v2\/comments?post=702461"}],"version-history":[{"count":0,"href":"https:\/\/nextsnkr.com\/de\/wp-json\/wp\/v2\/product\/702461\/revisions"}],"wp:featuredmedia":[{"embeddable":true,"href":"https:\/\/nextsnkr.com\/de\/wp-json\/wp\/v2\/media\/702462"}],"wp:attachment":[{"href":"https:\/\/nextsnkr.com\/de\/wp-json\/wp\/v2\/media?parent=702461"}],"wp:term":[{"taxonomy":"product_brand","embeddable":true,"href":"https:\/\/nextsnkr.com\/de\/wp-json\/wp\/v2\/product_brand?post=702461"},{"taxonomy":"product_cat","embeddable":true,"href":"https:\/\/nextsnkr.com\/de\/wp-json\/wp\/v2\/product_cat?post=702461"},{"taxonomy":"product_tag","embeddable":true,"href":"https:\/\/nextsnkr.com\/de\/wp-json\/wp\/v2\/product_tag?post=702461"}],"curies":[{"name":"wp","href":"https:\/\/api.w.org\/{rel}","templated":true}]}}