{"id":701612,"date":"2025-06-14T17:46:48","date_gmt":"2025-06-14T14:46:48","guid":{"rendered":"https:\/\/nextsnkr.com\/product\/air-jordan-1-low-purple\/"},"modified":"2026-01-29T14:13:02","modified_gmt":"2026-01-29T11:13:02","slug":"air-jordan-1-low-purple","status":"publish","type":"product","link":"https:\/\/nextsnkr.com\/de\/produkt\/air-jordan-1-low-purple\/","title":{"rendered":"Air Jordan 1 Low Purple Sneakers aus Leder und Wildleder"},"content":{"rendered":"<h2>Air Jordan 1 Low Purple Sneakers aus Leder und Wildleder<\/h2>\n<p>&nbsp;<\/p>\n<p>Die stilvollen Sneakers von Air Jordan 1 Low Purple bestehen aus einer Kombination aus hochwertigem Leder und Wildleder, die Komfort, Haltbarkeit und ein Premium-Gef\u00fchl bietet. Das helle lila Design unterstreicht den individuellen Stil und l\u00e4sst sich leicht mit urbaner Kleidung kombinieren. Hergestellt in Vietnam, sind diese Sneakers ideal f\u00fcr das t\u00e4gliche Tragen, einen aktiven Lebensstil und diejenigen, die den legend\u00e4ren Stil der Marke Air Jordan sch\u00e4tzen.<\/p>\n","protected":false},"excerpt":{"rendered":"<p>Die stilvollen Sneakers von Air Jordan 1 Low Purple bestehen aus einer Kombination aus hochwertigem Leder und Wildleder, die Komfort, Haltbarkeit und ein Premium-Gef\u00fchl bietet. Das helle lila Design unterstreicht den individuellen Stil und l\u00e4sst sich leicht mit urbaner Kleidung kombinieren. Hergestellt in Vietnam, sind diese Sneakers ideal f\u00fcr das t\u00e4gliche Tragen, einen aktiven Lebensstil und diejenigen, die den legend\u00e4ren Stil der Marke Air Jordan sch\u00e4tzen.<\/p>\n","protected":false},"featured_media":701613,"comment_status":"open","ping_status":"open","template":"","meta":[],"product_brand":[],"product_cat":[3385,3225,3320],"product_tag":[],"class_list":{"0":"post-701612","1":"product","2":"type-product","3":"status-publish","4":"has-post-thumbnail","6":"product_cat-nike-jordan","7":"product_cat-all-product","8":"product_cat-kedy","9":"pa_rozmir-910","10":"pa_rozmir-912","11":"pa_rozmir-914","12":"pa_rozmir-915","13":"pa_rozmir-916","14":"pa_rozmir-917","15":"pa_rozmir-918","16":"pa_rozmir-919","17":"pa_rozmir-920","18":"pa_rozmir-921","19":"pa_rozmir-922","21":"first","22":"onbackorder","23":"purchasable","24":"product-type-variable"},"_links":{"self":[{"href":"https:\/\/nextsnkr.com\/de\/wp-json\/wp\/v2\/product\/701612","targetHints":{"allow":["GET"]}}],"collection":[{"href":"https:\/\/nextsnkr.com\/de\/wp-json\/wp\/v2\/product"}],"about":[{"href":"https:\/\/nextsnkr.com\/de\/wp-json\/wp\/v2\/types\/product"}],"replies":[{"embeddable":true,"href":"https:\/\/nextsnkr.com\/de\/wp-json\/wp\/v2\/comments?post=701612"}],"version-history":[{"count":0,"href":"https:\/\/nextsnkr.com\/de\/wp-json\/wp\/v2\/product\/701612\/revisions"}],"wp:featuredmedia":[{"embeddable":true,"href":"https:\/\/nextsnkr.com\/de\/wp-json\/wp\/v2\/media\/701613"}],"wp:attachment":[{"href":"https:\/\/nextsnkr.com\/de\/wp-json\/wp\/v2\/media?parent=701612"}],"wp:term":[{"taxonomy":"product_brand","embeddable":true,"href":"https:\/\/nextsnkr.com\/de\/wp-json\/wp\/v2\/product_brand?post=701612"},{"taxonomy":"product_cat","embeddable":true,"href":"https:\/\/nextsnkr.com\/de\/wp-json\/wp\/v2\/product_cat?post=701612"},{"taxonomy":"product_tag","embeddable":true,"href":"https:\/\/nextsnkr.com\/de\/wp-json\/wp\/v2\/product_tag?post=701612"}],"curies":[{"name":"wp","href":"https:\/\/api.w.org\/{rel}","templated":true}]}}