{"id":700088,"date":"2025-06-14T17:52:19","date_gmt":"2025-06-14T14:52:19","guid":{"rendered":"https:\/\/nextsnkr.com\/product\/air-jordan-low-paris\/"},"modified":"2026-01-29T14:12:03","modified_gmt":"2026-01-29T11:12:03","slug":"air-jordan-low-paris","status":"publish","type":"product","link":"https:\/\/nextsnkr.com\/de\/produkt\/air-jordan-low-paris\/","title":{"rendered":"Air Jordan Low Paris Sneakers-Stilvolle Premium-Lederschuhe"},"content":{"rendered":"<h2>Air Jordan Low Paris Sneakers-Stilvolle Premium-Lederschuhe<\/h2>\n<p>&nbsp;<\/p>\n<p>Die Sneakers von Air Jordan Low Paris sind ein elegantes Modell aus echtem Leder, das Komfort mit Premium-Design verbindet. Die niedrige Silhouette sorgt f\u00fcr Bewegungsfreiheit und eine bequeme Passform, und hochwertige Materialien garantieren Haltbarkeit und Haltbarkeit beim t\u00e4glichen Tragen. Das stilvolle Design mit einzigartigen Paris-Details unterstreicht die Individualit\u00e4t und macht die Sneakers zur idealen Wahl f\u00fcr einen sportlichen und urbanen Look.<\/p>\n","protected":false},"excerpt":{"rendered":"<p>Die Sneakers von Air Jordan Low Paris sind ein elegantes Modell aus echtem Leder, das Komfort mit Premium-Design verbindet. Die niedrige Silhouette sorgt f\u00fcr Bewegungsfreiheit und eine bequeme Passform, und hochwertige Materialien garantieren Haltbarkeit und Haltbarkeit beim t\u00e4glichen Tragen. Das stilvolle Design mit einzigartigen Paris-Details unterstreicht die Individualit\u00e4t und macht die Sneakers zur idealen Wahl f\u00fcr einen sportlichen und urbanen Look.<\/p>\n","protected":false},"featured_media":700089,"comment_status":"open","ping_status":"open","template":"","meta":[],"product_brand":[],"product_cat":[3385,3225,3320],"product_tag":[],"class_list":{"0":"post-700088","1":"product","2":"type-product","3":"status-publish","4":"has-post-thumbnail","6":"product_cat-nike-jordan","7":"product_cat-all-product","8":"product_cat-kedy","9":"pa_rozmir-910","10":"pa_rozmir-912","11":"pa_rozmir-914","12":"pa_rozmir-915","13":"pa_rozmir-916","14":"pa_rozmir-917","15":"pa_rozmir-918","16":"pa_rozmir-919","17":"pa_rozmir-920","18":"pa_rozmir-921","19":"pa_rozmir-922","21":"first","22":"onbackorder","23":"purchasable","24":"product-type-variable"},"_links":{"self":[{"href":"https:\/\/nextsnkr.com\/de\/wp-json\/wp\/v2\/product\/700088","targetHints":{"allow":["GET"]}}],"collection":[{"href":"https:\/\/nextsnkr.com\/de\/wp-json\/wp\/v2\/product"}],"about":[{"href":"https:\/\/nextsnkr.com\/de\/wp-json\/wp\/v2\/types\/product"}],"replies":[{"embeddable":true,"href":"https:\/\/nextsnkr.com\/de\/wp-json\/wp\/v2\/comments?post=700088"}],"version-history":[{"count":0,"href":"https:\/\/nextsnkr.com\/de\/wp-json\/wp\/v2\/product\/700088\/revisions"}],"wp:featuredmedia":[{"embeddable":true,"href":"https:\/\/nextsnkr.com\/de\/wp-json\/wp\/v2\/media\/700089"}],"wp:attachment":[{"href":"https:\/\/nextsnkr.com\/de\/wp-json\/wp\/v2\/media?parent=700088"}],"wp:term":[{"taxonomy":"product_brand","embeddable":true,"href":"https:\/\/nextsnkr.com\/de\/wp-json\/wp\/v2\/product_brand?post=700088"},{"taxonomy":"product_cat","embeddable":true,"href":"https:\/\/nextsnkr.com\/de\/wp-json\/wp\/v2\/product_cat?post=700088"},{"taxonomy":"product_tag","embeddable":true,"href":"https:\/\/nextsnkr.com\/de\/wp-json\/wp\/v2\/product_tag?post=700088"}],"curies":[{"name":"wp","href":"https:\/\/api.w.org\/{rel}","templated":true}]}}