{"id":697429,"date":"2025-06-14T19:48:57","date_gmt":"2025-06-14T16:48:57","guid":{"rendered":"https:\/\/nextsnkr.com\/product\/air-jordan-4-retro-white-cement\/"},"modified":"2026-01-29T14:10:31","modified_gmt":"2026-01-29T11:10:31","slug":"air-jordan-4-retro-white-cement","status":"publish","type":"product","link":"https:\/\/nextsnkr.com\/de\/produkt\/air-jordan-4-retro-white-cement\/","title":{"rendered":"Air Jordan 4 Retro White Cement Sneakers-Klassische, stilvolle Turnschuhe"},"content":{"rendered":"<h2>Air Jordan 4 Retro White Cement Sneakers-Klassische, stilvolle Turnschuhe<\/h2>\n<p>&nbsp;<\/p>\n<p>Sneakers Air Jordan 4 Retro White Cement kombinieren das legend\u00e4re Design und modernen Komfort. Das Modell besteht aus hochwertigen Materialien, die Haltbarkeit und Komfort beim t\u00e4glichen Tragen gew\u00e4hrleisten. Die klassische wei\u00dfe Kombination mit Zementakzenten verleiht Eleganz und macht die Turnschuhe f\u00fcr jedes Bild vielseitig. Diese Sneakers, die in Vietnam hergestellt wurden, sind eine ausgezeichnete Wahl f\u00fcr Kenner des legend\u00e4ren Air Jordan-Stils.<\/p>\n","protected":false},"excerpt":{"rendered":"<p>Sneakers Air Jordan 4 Retro White Cement kombinieren das legend\u00e4re Design und modernen Komfort. Das Modell besteht aus hochwertigen Materialien, die Haltbarkeit und Komfort beim t\u00e4glichen Tragen gew\u00e4hrleisten. Die klassische wei\u00dfe Kombination mit Zementakzenten verleiht Eleganz und macht die Turnschuhe f\u00fcr jedes Bild vielseitig. Diese Sneakers, die in Vietnam hergestellt wurden, sind eine ausgezeichnete Wahl f\u00fcr Kenner des legend\u00e4ren Air Jordan-Stils.<\/p>\n","protected":false},"featured_media":697433,"comment_status":"open","ping_status":"open","template":"","meta":[],"product_brand":[],"product_cat":[3385,3225,3320],"product_tag":[],"class_list":{"0":"post-697429","1":"product","2":"type-product","3":"status-publish","4":"has-post-thumbnail","6":"product_cat-nike-jordan","7":"product_cat-all-product","8":"product_cat-kedy","9":"pa_rozmir-910","10":"pa_rozmir-912","11":"pa_rozmir-914","12":"pa_rozmir-915","13":"pa_rozmir-916","14":"pa_rozmir-917","15":"pa_rozmir-918","16":"pa_rozmir-919","17":"pa_rozmir-920","18":"pa_rozmir-921","19":"pa_rozmir-922","21":"first","22":"instock","23":"purchasable","24":"product-type-variable"},"_links":{"self":[{"href":"https:\/\/nextsnkr.com\/de\/wp-json\/wp\/v2\/product\/697429","targetHints":{"allow":["GET"]}}],"collection":[{"href":"https:\/\/nextsnkr.com\/de\/wp-json\/wp\/v2\/product"}],"about":[{"href":"https:\/\/nextsnkr.com\/de\/wp-json\/wp\/v2\/types\/product"}],"replies":[{"embeddable":true,"href":"https:\/\/nextsnkr.com\/de\/wp-json\/wp\/v2\/comments?post=697429"}],"version-history":[{"count":0,"href":"https:\/\/nextsnkr.com\/de\/wp-json\/wp\/v2\/product\/697429\/revisions"}],"wp:featuredmedia":[{"embeddable":true,"href":"https:\/\/nextsnkr.com\/de\/wp-json\/wp\/v2\/media\/697433"}],"wp:attachment":[{"href":"https:\/\/nextsnkr.com\/de\/wp-json\/wp\/v2\/media?parent=697429"}],"wp:term":[{"taxonomy":"product_brand","embeddable":true,"href":"https:\/\/nextsnkr.com\/de\/wp-json\/wp\/v2\/product_brand?post=697429"},{"taxonomy":"product_cat","embeddable":true,"href":"https:\/\/nextsnkr.com\/de\/wp-json\/wp\/v2\/product_cat?post=697429"},{"taxonomy":"product_tag","embeddable":true,"href":"https:\/\/nextsnkr.com\/de\/wp-json\/wp\/v2\/product_tag?post=697429"}],"curies":[{"name":"wp","href":"https:\/\/api.w.org\/{rel}","templated":true}]}}