{"id":695768,"date":"2025-06-16T21:51:30","date_gmt":"2025-06-16T18:51:30","guid":{"rendered":"https:\/\/nextsnkr.com\/product\/nike-air-jordan-4-retro-a-ma-maniere-violet-ore\/"},"modified":"2026-01-29T14:09:23","modified_gmt":"2026-01-29T11:09:23","slug":"nike-air-jordan-4-retro-a-ma-maniere-violet-ore","status":"publish","type":"product","link":"https:\/\/nextsnkr.com\/de\/produkt\/nike-air-jordan-4-retro-a-ma-maniere-violet-ore\/","title":{"rendered":"Nike Air Jordan 4 Retro a ma Maniere Violet Sneakers &#8211; Hohe Lederschuhe"},"content":{"rendered":"<h2>Nike Air Jordan 4 Retro a ma Maniere Violet Sneakers &#8211; Hohe Lederschuhe<\/h2>\n<p>&nbsp;<\/p>\n<p>Die Nike Air Jordan 4 Retro a Ma Maniere Violet Sneaker sind ein stilvolles Modell aus echtem Leder, das f\u00fcr Komfort und Haltbarkeit entwickelt wurde. Das hohe Profil bietet Kn\u00f6chelunterst\u00fctzung und das durchdachte Design mit violetten Akzenten verleiht dem Bild Einzigartigkeit. Hergestellt in Vietnam, zeichnen sich diese Turnschuhe durch hochwertige Materialien und eine ordentliche Ausf\u00fchrung der Details aus. Der Nike Air Jordan 4 Retro a Ma Maniere Violet ist die perfekte Wahl f\u00fcr diejenigen, die Stil, Komfort und einen modernen sportlichen Look sch\u00e4tzen.<\/p>\n","protected":false},"excerpt":{"rendered":"<p>Die Nike Air Jordan 4 Retro a Ma Maniere Violet Sneaker sind ein stilvolles Modell aus echtem Leder, das f\u00fcr Komfort und Haltbarkeit entwickelt wurde. Das hohe Profil bietet Kn\u00f6chelunterst\u00fctzung und das durchdachte Design mit violetten Akzenten verleiht dem Bild Einzigartigkeit. Hergestellt in Vietnam, zeichnen sich diese Turnschuhe durch hochwertige Materialien und eine ordentliche Ausf\u00fchrung der Details aus. Der Nike Air Jordan 4 Retro a Ma Maniere Violet ist die perfekte Wahl f\u00fcr diejenigen, die Stil, Komfort und einen modernen sportlichen Look sch\u00e4tzen.<\/p>\n","protected":false},"featured_media":695770,"comment_status":"open","ping_status":"open","template":"","meta":[],"product_brand":[],"product_cat":[3385,3225,3226],"product_tag":[],"class_list":{"0":"post-695768","1":"product","2":"type-product","3":"status-publish","4":"has-post-thumbnail","6":"product_cat-nike-jordan","7":"product_cat-all-product","8":"product_cat-krosivky","9":"pa_rozmir-910","10":"pa_rozmir-912","11":"pa_rozmir-914","12":"pa_rozmir-915","13":"pa_rozmir-916","14":"pa_rozmir-917","15":"pa_rozmir-918","16":"pa_rozmir-919","17":"pa_rozmir-920","18":"pa_rozmir-921","19":"pa_rozmir-922","21":"first","22":"onbackorder","23":"purchasable","24":"product-type-variable"},"_links":{"self":[{"href":"https:\/\/nextsnkr.com\/de\/wp-json\/wp\/v2\/product\/695768","targetHints":{"allow":["GET"]}}],"collection":[{"href":"https:\/\/nextsnkr.com\/de\/wp-json\/wp\/v2\/product"}],"about":[{"href":"https:\/\/nextsnkr.com\/de\/wp-json\/wp\/v2\/types\/product"}],"replies":[{"embeddable":true,"href":"https:\/\/nextsnkr.com\/de\/wp-json\/wp\/v2\/comments?post=695768"}],"version-history":[{"count":0,"href":"https:\/\/nextsnkr.com\/de\/wp-json\/wp\/v2\/product\/695768\/revisions"}],"wp:featuredmedia":[{"embeddable":true,"href":"https:\/\/nextsnkr.com\/de\/wp-json\/wp\/v2\/media\/695770"}],"wp:attachment":[{"href":"https:\/\/nextsnkr.com\/de\/wp-json\/wp\/v2\/media?parent=695768"}],"wp:term":[{"taxonomy":"product_brand","embeddable":true,"href":"https:\/\/nextsnkr.com\/de\/wp-json\/wp\/v2\/product_brand?post=695768"},{"taxonomy":"product_cat","embeddable":true,"href":"https:\/\/nextsnkr.com\/de\/wp-json\/wp\/v2\/product_cat?post=695768"},{"taxonomy":"product_tag","embeddable":true,"href":"https:\/\/nextsnkr.com\/de\/wp-json\/wp\/v2\/product_tag?post=695768"}],"curies":[{"name":"wp","href":"https:\/\/api.w.org\/{rel}","templated":true}]}}