{"id":693940,"date":"2025-06-16T21:56:22","date_gmt":"2025-06-16T18:56:22","guid":{"rendered":"https:\/\/nextsnkr.com\/product\/nike-air-jordan-4-retro-fire-red\/"},"modified":"2026-01-29T14:08:14","modified_gmt":"2026-01-29T11:08:14","slug":"nike-air-jordan-4-retro-fire-red","status":"publish","type":"product","link":"https:\/\/nextsnkr.com\/de\/produkt\/nike-air-jordan-4-retro-fire-red\/","title":{"rendered":"Nike Air Jordan 4 Retro Fire Red Sneakers aus Premium-Leder f\u00fcr Herren"},"content":{"rendered":"<h2>Nike Air Jordan 4 Retro Fire Red Sneakers aus Premium-Leder f\u00fcr Herren<\/h2>\n<p>&nbsp;<\/p>\n<p>Die Nike Air Jordan 4 Retro Fire Red Sneaker sind aus echtem Leder gefertigt und verf\u00fcgen \u00fcber eine Schaumstoffsohle mit einer Luftkammer und einem verschlei\u00dffesten Gummi f\u00fcr eine zuverl\u00e4ssige D\u00e4mpfung. Der helle rote Farbton von Fire Red macht das Modell zu einem bemerkenswerten Akzent des Bildes und unterstreicht den Stil des Tr\u00e4gers. Die Turnschuhe sind ideal f\u00fcr das Tragen der Halbsaison und bieten Komfort, Stabilit\u00e4t und Haltbarkeit. Sie wurden in Vietnam hergestellt und kombinieren die erstklassige Qualit\u00e4t der Marke Nike mit modernem Design und Praktikabilit\u00e4t f\u00fcr das Stadtleben.<\/p>\n","protected":false},"excerpt":{"rendered":"<p>Die Nike Air Jordan 4 Retro Fire Red Sneaker sind aus echtem Leder gefertigt und verf\u00fcgen \u00fcber eine Schaumstoffsohle mit einer Luftkammer und einem verschlei\u00dffesten Gummi f\u00fcr eine zuverl\u00e4ssige D\u00e4mpfung. Der helle rote Farbton von Fire Red macht das Modell zu einem bemerkenswerten Akzent des Bildes und unterstreicht den Stil des Tr\u00e4gers. Die Turnschuhe sind ideal f\u00fcr das Tragen der Halbsaison und bieten Komfort, Stabilit\u00e4t und Haltbarkeit. Sie wurden in Vietnam hergestellt und kombinieren die erstklassige Qualit\u00e4t der Marke Nike mit modernem Design und Praktikabilit\u00e4t f\u00fcr das Stadtleben.<\/p>\n","protected":false},"featured_media":693941,"comment_status":"open","ping_status":"open","template":"","meta":[],"product_brand":[],"product_cat":[3385,3225,3226],"product_tag":[],"class_list":{"0":"post-693940","1":"product","2":"type-product","3":"status-publish","4":"has-post-thumbnail","6":"product_cat-nike-jordan","7":"product_cat-all-product","8":"product_cat-krosivky","9":"pa_rozmir-910","10":"pa_rozmir-912","11":"pa_rozmir-914","12":"pa_rozmir-915","13":"pa_rozmir-916","14":"pa_rozmir-917","15":"pa_rozmir-918","16":"pa_rozmir-919","17":"pa_rozmir-920","18":"pa_rozmir-921","19":"pa_rozmir-922","21":"first","22":"onbackorder","23":"purchasable","24":"product-type-variable"},"_links":{"self":[{"href":"https:\/\/nextsnkr.com\/de\/wp-json\/wp\/v2\/product\/693940","targetHints":{"allow":["GET"]}}],"collection":[{"href":"https:\/\/nextsnkr.com\/de\/wp-json\/wp\/v2\/product"}],"about":[{"href":"https:\/\/nextsnkr.com\/de\/wp-json\/wp\/v2\/types\/product"}],"replies":[{"embeddable":true,"href":"https:\/\/nextsnkr.com\/de\/wp-json\/wp\/v2\/comments?post=693940"}],"version-history":[{"count":0,"href":"https:\/\/nextsnkr.com\/de\/wp-json\/wp\/v2\/product\/693940\/revisions"}],"wp:featuredmedia":[{"embeddable":true,"href":"https:\/\/nextsnkr.com\/de\/wp-json\/wp\/v2\/media\/693941"}],"wp:attachment":[{"href":"https:\/\/nextsnkr.com\/de\/wp-json\/wp\/v2\/media?parent=693940"}],"wp:term":[{"taxonomy":"product_brand","embeddable":true,"href":"https:\/\/nextsnkr.com\/de\/wp-json\/wp\/v2\/product_brand?post=693940"},{"taxonomy":"product_cat","embeddable":true,"href":"https:\/\/nextsnkr.com\/de\/wp-json\/wp\/v2\/product_cat?post=693940"},{"taxonomy":"product_tag","embeddable":true,"href":"https:\/\/nextsnkr.com\/de\/wp-json\/wp\/v2\/product_tag?post=693940"}],"curies":[{"name":"wp","href":"https:\/\/api.w.org\/{rel}","templated":true}]}}