{"id":693715,"date":"2025-06-18T19:26:58","date_gmt":"2025-06-18T16:26:58","guid":{"rendered":"https:\/\/nextsnkr.com\/product\/jacquemus-2\/"},"modified":"2026-01-29T14:07:47","modified_gmt":"2026-01-29T11:07:47","slug":"jacquemus-2","status":"publish","type":"product","link":"https:\/\/nextsnkr.com\/de\/produkt\/jacquemus-2\/","title":{"rendered":"Die Jacquemus Tasche aus umweltfreundlichem Leder ist ein stilvolles Accessoire f\u00fcr den t\u00e4glichen Gebrauch"},"content":{"rendered":"<h2>Die Jacquemus Tasche aus umweltfreundlichem Leder ist ein stilvolles Accessoire f\u00fcr den t\u00e4glichen Gebrauch<\/h2>\n<p>&nbsp;<\/p>\n<p>Die elegante Jacquemus Tasche ist aus hochwertigem, umweltfreundlichem Leder gefertigt und sorgt f\u00fcr eine lange Haltbarkeit und einen stilvollen Look. Das Modell ist f\u00fcr den t\u00e4glichen Gebrauch geeignet, l\u00e4sst sich leicht mit jeder Art und Weise kombinieren und f\u00fcgt einen Hauch von Premium-Design hinzu. Der Hersteller garantiert ein hohes Qualit\u00e4tsniveau, und die praktische Gr\u00f6\u00dfe erm\u00f6glicht es Ihnen, alle notwendigen Dinge bequem zu transportieren. Die ideale Wahl f\u00fcr diejenigen, die Komfort, \u00c4sthetik und moderne Modetrends sch\u00e4tzen.<\/p>\n","protected":false},"excerpt":{"rendered":"<p>Die elegante Jacquemus Tasche ist aus hochwertigem, umweltfreundlichem Leder gefertigt und sorgt f\u00fcr eine lange Haltbarkeit und einen stilvollen Look. Das Modell ist f\u00fcr den t\u00e4glichen Gebrauch geeignet, l\u00e4sst sich leicht mit jeder Art und Weise kombinieren und f\u00fcgt einen Hauch von Premium-Design hinzu. Der Hersteller garantiert ein hohes Qualit\u00e4tsniveau, und die praktische Gr\u00f6\u00dfe erm\u00f6glicht es Ihnen, alle notwendigen Dinge bequem zu transportieren. Die ideale Wahl f\u00fcr diejenigen, die Komfort, \u00c4sthetik und moderne Modetrends sch\u00e4tzen.<\/p>\n","protected":false},"featured_media":693717,"comment_status":"open","ping_status":"open","template":"","meta":[],"product_brand":[],"product_cat":[3225,3480],"product_tag":[],"class_list":{"0":"post-693715","1":"product","2":"type-product","3":"status-publish","4":"has-post-thumbnail","6":"product_cat-all-product","7":"product_cat-sumky","8":"pa_rozmir-22kh15kh5","10":"first","11":"instock","12":"purchasable","13":"product-type-simple"},"_links":{"self":[{"href":"https:\/\/nextsnkr.com\/de\/wp-json\/wp\/v2\/product\/693715","targetHints":{"allow":["GET"]}}],"collection":[{"href":"https:\/\/nextsnkr.com\/de\/wp-json\/wp\/v2\/product"}],"about":[{"href":"https:\/\/nextsnkr.com\/de\/wp-json\/wp\/v2\/types\/product"}],"replies":[{"embeddable":true,"href":"https:\/\/nextsnkr.com\/de\/wp-json\/wp\/v2\/comments?post=693715"}],"version-history":[{"count":0,"href":"https:\/\/nextsnkr.com\/de\/wp-json\/wp\/v2\/product\/693715\/revisions"}],"wp:featuredmedia":[{"embeddable":true,"href":"https:\/\/nextsnkr.com\/de\/wp-json\/wp\/v2\/media\/693717"}],"wp:attachment":[{"href":"https:\/\/nextsnkr.com\/de\/wp-json\/wp\/v2\/media?parent=693715"}],"wp:term":[{"taxonomy":"product_brand","embeddable":true,"href":"https:\/\/nextsnkr.com\/de\/wp-json\/wp\/v2\/product_brand?post=693715"},{"taxonomy":"product_cat","embeddable":true,"href":"https:\/\/nextsnkr.com\/de\/wp-json\/wp\/v2\/product_cat?post=693715"},{"taxonomy":"product_tag","embeddable":true,"href":"https:\/\/nextsnkr.com\/de\/wp-json\/wp\/v2\/product_tag?post=693715"}],"curies":[{"name":"wp","href":"https:\/\/api.w.org\/{rel}","templated":true}]}}