{"id":693322,"date":"2025-06-18T19:28:17","date_gmt":"2025-06-18T16:28:17","guid":{"rendered":"https:\/\/nextsnkr.com\/product\/jacquemus-le-chiquito-long\/"},"modified":"2026-01-29T14:07:25","modified_gmt":"2026-01-29T11:07:25","slug":"jacquemus-le-chiquito-long","status":"publish","type":"product","link":"https:\/\/nextsnkr.com\/de\/produkt\/jacquemus-le-chiquito-long\/","title":{"rendered":"Die Jacquemus Le Chiquito Long Bag ist aus umweltfreundlichem Leder, stilvoll und kompakt"},"content":{"rendered":"<h2>Die Jacquemus Le Chiquito Long Bag ist aus umweltfreundlichem Leder, stilvoll und kompakt<\/h2>\n<p>&nbsp;<\/p>\n<p>Jacquemus Le Chiquito Long-elegant Bag aus \u00f6ko-Leder, die kombiniert Stil und Funktionalit\u00e4t. Perfekt f\u00fcr das t\u00e4gliche Tragen und das urbane Aussehen, l\u00e4sst sich leicht mit verschiedenen Kleidungsst\u00fccken kombinieren. Die kompakte Gr\u00f6\u00dfe macht es bequem f\u00fcr t\u00e4gliche Spazierg\u00e4nge und hochwertige Materialien sorgen f\u00fcr Langlebigkeit und Komfort. W\u00e4hlen Sie Jacquemus Le Chiquito Long f\u00fcr einen stilvollen Akzent in Ihrem Kleiderschrank.<\/p>\n","protected":false},"excerpt":{"rendered":"<p>Jacquemus Le Chiquito Long-elegant Bag aus \u00f6ko-Leder, die kombiniert Stil und Funktionalit\u00e4t. Perfekt f\u00fcr das t\u00e4gliche Tragen und das urbane Aussehen, l\u00e4sst sich leicht mit verschiedenen Kleidungsst\u00fccken kombinieren. Die kompakte Gr\u00f6\u00dfe macht es bequem f\u00fcr t\u00e4gliche Spazierg\u00e4nge und hochwertige Materialien sorgen f\u00fcr Langlebigkeit und Komfort. W\u00e4hlen Sie Jacquemus Le Chiquito Long f\u00fcr einen stilvollen Akzent in Ihrem Kleiderschrank.<\/p>\n","protected":false},"featured_media":693323,"comment_status":"open","ping_status":"open","template":"","meta":[],"product_brand":[],"product_cat":[3225,3480],"product_tag":[],"class_list":{"0":"post-693322","1":"product","2":"type-product","3":"status-publish","4":"has-post-thumbnail","6":"product_cat-all-product","7":"product_cat-sumky","8":"pa_rozmir-22kh9kh6","10":"first","11":"instock","12":"purchasable","13":"product-type-simple"},"_links":{"self":[{"href":"https:\/\/nextsnkr.com\/de\/wp-json\/wp\/v2\/product\/693322","targetHints":{"allow":["GET"]}}],"collection":[{"href":"https:\/\/nextsnkr.com\/de\/wp-json\/wp\/v2\/product"}],"about":[{"href":"https:\/\/nextsnkr.com\/de\/wp-json\/wp\/v2\/types\/product"}],"replies":[{"embeddable":true,"href":"https:\/\/nextsnkr.com\/de\/wp-json\/wp\/v2\/comments?post=693322"}],"version-history":[{"count":0,"href":"https:\/\/nextsnkr.com\/de\/wp-json\/wp\/v2\/product\/693322\/revisions"}],"wp:featuredmedia":[{"embeddable":true,"href":"https:\/\/nextsnkr.com\/de\/wp-json\/wp\/v2\/media\/693323"}],"wp:attachment":[{"href":"https:\/\/nextsnkr.com\/de\/wp-json\/wp\/v2\/media?parent=693322"}],"wp:term":[{"taxonomy":"product_brand","embeddable":true,"href":"https:\/\/nextsnkr.com\/de\/wp-json\/wp\/v2\/product_brand?post=693322"},{"taxonomy":"product_cat","embeddable":true,"href":"https:\/\/nextsnkr.com\/de\/wp-json\/wp\/v2\/product_cat?post=693322"},{"taxonomy":"product_tag","embeddable":true,"href":"https:\/\/nextsnkr.com\/de\/wp-json\/wp\/v2\/product_tag?post=693322"}],"curies":[{"name":"wp","href":"https:\/\/api.w.org\/{rel}","templated":true}]}}