{"id":693178,"date":"2025-06-17T21:06:11","date_gmt":"2025-06-17T18:06:11","guid":{"rendered":"https:\/\/nextsnkr.com\/product\/yeezy-slide-black\/"},"modified":"2026-01-29T14:07:39","modified_gmt":"2026-01-29T11:07:39","slug":"yeezy-slide-black","status":"publish","type":"product","link":"https:\/\/nextsnkr.com\/de\/produkt\/yeezy-slide-black\/","title":{"rendered":"Yeezy Slide Black Slipper-Leichte EVA f\u00fcr M\u00e4nner und Frauen"},"content":{"rendered":"<h2>Yeezy Slide Black Slipper-Leichte EVA f\u00fcr M\u00e4nner und Frauen<\/h2>\n<p>&nbsp;<\/p>\n<p>Yeezy Slide Black ist ein stilvoller und komfortabler Slipper aus leichtem EVA-Material, der Sto\u00dfd\u00e4mpfung, Haltbarkeit und Tragekomfort bietet. Die schwarze Farbe macht das Modell vielseitig und l\u00e4sst sich leicht mit jeder Freizeitkleidung kombinieren. Die in Vietnam hergestellten Hausschuhe zeichnen sich durch Langlebigkeit, Leichtigkeit und ein modernes Yeezy-Design aus. Die ideale Wahl f\u00fcr Zuhause, Spazierg\u00e4nge und Outdoor-Aktivit\u00e4ten, kombiniert Stil und maximalen Komfort bei jedem Schritt.<\/p>\n","protected":false},"excerpt":{"rendered":"<p>Yeezy Slide Black ist ein stilvoller und komfortabler Slipper aus leichtem EVA-Material, der Sto\u00dfd\u00e4mpfung, Haltbarkeit und Tragekomfort bietet. Die schwarze Farbe macht das Modell vielseitig und l\u00e4sst sich leicht mit jeder Freizeitkleidung kombinieren. Die in Vietnam hergestellten Hausschuhe zeichnen sich durch Langlebigkeit, Leichtigkeit und ein modernes Yeezy-Design aus. Die ideale Wahl f\u00fcr Zuhause, Spazierg\u00e4nge und Outdoor-Aktivit\u00e4ten, kombiniert Stil und maximalen Komfort bei jedem Schritt.<\/p>\n","protected":false},"featured_media":693179,"comment_status":"open","ping_status":"open","template":"","meta":[],"product_brand":[],"product_cat":[3398,3225,3422],"product_tag":[],"class_list":{"0":"post-693178","1":"product","2":"type-product","3":"status-publish","4":"has-post-thumbnail","6":"product_cat-adidas-yeezy","7":"product_cat-all-product","8":"product_cat-shlopantsi","9":"pa_rozmir-910","10":"pa_rozmir-912","11":"pa_rozmir-914","12":"pa_rozmir-915","13":"pa_rozmir-916","14":"pa_rozmir-917","15":"pa_rozmir-918","16":"pa_rozmir-919","17":"pa_rozmir-920","18":"pa_rozmir-921","19":"pa_rozmir-922","21":"first","22":"instock","23":"purchasable","24":"product-type-variable"},"_links":{"self":[{"href":"https:\/\/nextsnkr.com\/de\/wp-json\/wp\/v2\/product\/693178","targetHints":{"allow":["GET"]}}],"collection":[{"href":"https:\/\/nextsnkr.com\/de\/wp-json\/wp\/v2\/product"}],"about":[{"href":"https:\/\/nextsnkr.com\/de\/wp-json\/wp\/v2\/types\/product"}],"replies":[{"embeddable":true,"href":"https:\/\/nextsnkr.com\/de\/wp-json\/wp\/v2\/comments?post=693178"}],"version-history":[{"count":0,"href":"https:\/\/nextsnkr.com\/de\/wp-json\/wp\/v2\/product\/693178\/revisions"}],"wp:featuredmedia":[{"embeddable":true,"href":"https:\/\/nextsnkr.com\/de\/wp-json\/wp\/v2\/media\/693179"}],"wp:attachment":[{"href":"https:\/\/nextsnkr.com\/de\/wp-json\/wp\/v2\/media?parent=693178"}],"wp:term":[{"taxonomy":"product_brand","embeddable":true,"href":"https:\/\/nextsnkr.com\/de\/wp-json\/wp\/v2\/product_brand?post=693178"},{"taxonomy":"product_cat","embeddable":true,"href":"https:\/\/nextsnkr.com\/de\/wp-json\/wp\/v2\/product_cat?post=693178"},{"taxonomy":"product_tag","embeddable":true,"href":"https:\/\/nextsnkr.com\/de\/wp-json\/wp\/v2\/product_tag?post=693178"}],"curies":[{"name":"wp","href":"https:\/\/api.w.org\/{rel}","templated":true}]}}