{"id":691411,"date":"2025-06-18T19:33:23","date_gmt":"2025-06-18T16:33:23","guid":{"rendered":"https:\/\/nextsnkr.com\/product\/nike-slides-logo-swoosh-white\/"},"modified":"2026-01-29T14:06:12","modified_gmt":"2026-01-29T11:06:12","slug":"nike-slides-logo-swoosh-white","status":"publish","type":"product","link":"https:\/\/nextsnkr.com\/de\/produkt\/nike-slides-logo-swoosh-white\/","title":{"rendered":"Nike Slides Logo Swoosh White Slipper-Leichte Schaumstoffschiefer"},"content":{"rendered":"<h2>Nike Slides Logo Swoosh White Slipper-Leichte Schaumstoffschiefer<\/h2>\n<p>&nbsp;<\/p>\n<p>Die Nike Slides Logo Swoosh White Slipper sind aus hochwertigem Schaumstoff gefertigt, um maximale Leichtigkeit und Komfort zu gew\u00e4hrleisten. Das Modell der Marke Nike ist ideal f\u00fcr den t\u00e4glichen Gebrauch, den Strand oder den Pool. Die ergonomische Form der Sohle bietet Unterst\u00fctzung f\u00fcr den Fu\u00df, und das stilvolle Design mit dem Swoosh-Logo macht die Hausschuhe zu einem modischen Accessoire f\u00fcr jeden Sommerlook. Praktikabilit\u00e4t und Markenqualit\u00e4t in jedem Paar.<\/p>\n","protected":false},"excerpt":{"rendered":"<p>Die Nike Slides Logo Swoosh White Slipper sind aus hochwertigem Schaumstoff gefertigt, um maximale Leichtigkeit und Komfort zu gew\u00e4hrleisten. Das Modell der Marke Nike ist ideal f\u00fcr den t\u00e4glichen Gebrauch, den Strand oder den Pool. Die ergonomische Form der Sohle bietet Unterst\u00fctzung f\u00fcr den Fu\u00df, und das stilvolle Design mit dem Swoosh-Logo macht die Hausschuhe zu einem modischen Accessoire f\u00fcr jeden Sommerlook. Praktikabilit\u00e4t und Markenqualit\u00e4t in jedem Paar.<\/p>\n","protected":false},"featured_media":691412,"comment_status":"open","ping_status":"open","template":"","meta":[],"product_brand":[],"product_cat":[3225,3422],"product_tag":[],"class_list":{"0":"post-691411","1":"product","2":"type-product","3":"status-publish","4":"has-post-thumbnail","6":"product_cat-all-product","7":"product_cat-shlopantsi","8":"pa_rozmir-910","9":"pa_rozmir-912","10":"pa_rozmir-914","11":"pa_rozmir-915","12":"pa_rozmir-916","13":"pa_rozmir-917","14":"pa_rozmir-918","15":"pa_rozmir-919","16":"pa_rozmir-920","17":"pa_rozmir-921","18":"pa_rozmir-922","20":"first","21":"instock","22":"purchasable","23":"product-type-variable"},"_links":{"self":[{"href":"https:\/\/nextsnkr.com\/de\/wp-json\/wp\/v2\/product\/691411","targetHints":{"allow":["GET"]}}],"collection":[{"href":"https:\/\/nextsnkr.com\/de\/wp-json\/wp\/v2\/product"}],"about":[{"href":"https:\/\/nextsnkr.com\/de\/wp-json\/wp\/v2\/types\/product"}],"replies":[{"embeddable":true,"href":"https:\/\/nextsnkr.com\/de\/wp-json\/wp\/v2\/comments?post=691411"}],"version-history":[{"count":0,"href":"https:\/\/nextsnkr.com\/de\/wp-json\/wp\/v2\/product\/691411\/revisions"}],"wp:featuredmedia":[{"embeddable":true,"href":"https:\/\/nextsnkr.com\/de\/wp-json\/wp\/v2\/media\/691412"}],"wp:attachment":[{"href":"https:\/\/nextsnkr.com\/de\/wp-json\/wp\/v2\/media?parent=691411"}],"wp:term":[{"taxonomy":"product_brand","embeddable":true,"href":"https:\/\/nextsnkr.com\/de\/wp-json\/wp\/v2\/product_brand?post=691411"},{"taxonomy":"product_cat","embeddable":true,"href":"https:\/\/nextsnkr.com\/de\/wp-json\/wp\/v2\/product_cat?post=691411"},{"taxonomy":"product_tag","embeddable":true,"href":"https:\/\/nextsnkr.com\/de\/wp-json\/wp\/v2\/product_tag?post=691411"}],"curies":[{"name":"wp","href":"https:\/\/api.w.org\/{rel}","templated":true}]}}