{"id":691242,"date":"2025-06-17T21:11:17","date_gmt":"2025-06-17T18:11:17","guid":{"rendered":"https:\/\/nextsnkr.com\/product\/slide-soot\/"},"modified":"2026-01-29T14:06:08","modified_gmt":"2026-01-29T11:06:08","slug":"slide-soot","status":"publish","type":"product","link":"https:\/\/nextsnkr.com\/de\/produkt\/slide-soot\/","title":{"rendered":"Slipper Slide Soot-Leichte EVA-Hausschuhe f\u00fcr M\u00e4nner und Frauen"},"content":{"rendered":"<h2>Slipper Slide Soot-Leichte EVA-Hausschuhe f\u00fcr M\u00e4nner und Frauen<\/h2>\n<p>&nbsp;<\/p>\n<p>Slipper Slide Soot sind bequeme Flip-Flops aus leichtem EVA-Material, ideal f\u00fcr den Heimgebrauch, Strand oder Spazierg\u00e4nge bei hei\u00dfem Wetter. Die weiche Sohle bietet Komfort und Unterst\u00fctzung f\u00fcr den Fu\u00df und das praktische Design erm\u00f6glicht ein schnelles Ein- und Ausziehen der Schuhe. Das leichte Design und das stabile Material machen das Modell haltbar und vielseitig f\u00fcr das t\u00e4gliche Tragen. Slide Soot ist eine Kombination aus Marke, Komfort und modernem minimalistischem Stil.<\/p>\n","protected":false},"excerpt":{"rendered":"<p>Slipper Slide Soot sind bequeme Flip-Flops aus leichtem EVA-Material, ideal f\u00fcr den Heimgebrauch, Strand oder Spazierg\u00e4nge bei hei\u00dfem Wetter. Die weiche Sohle bietet Komfort und Unterst\u00fctzung f\u00fcr den Fu\u00df und das praktische Design erm\u00f6glicht ein schnelles Ein- und Ausziehen der Schuhe. Das leichte Design und das stabile Material machen das Modell haltbar und vielseitig f\u00fcr das t\u00e4gliche Tragen. Slide Soot ist eine Kombination aus Marke, Komfort und modernem minimalistischem Stil.<\/p>\n","protected":false},"featured_media":691243,"comment_status":"open","ping_status":"open","template":"","meta":[],"product_brand":[],"product_cat":[3225,3422],"product_tag":[],"class_list":{"0":"post-691242","1":"product","2":"type-product","3":"status-publish","4":"has-post-thumbnail","6":"product_cat-all-product","7":"product_cat-shlopantsi","8":"pa_rozmir-910","9":"pa_rozmir-912","10":"pa_rozmir-914","11":"pa_rozmir-915","12":"pa_rozmir-916","13":"pa_rozmir-917","14":"pa_rozmir-918","15":"pa_rozmir-919","16":"pa_rozmir-920","17":"pa_rozmir-921","18":"pa_rozmir-922","20":"first","21":"instock","22":"purchasable","23":"product-type-variable"},"_links":{"self":[{"href":"https:\/\/nextsnkr.com\/de\/wp-json\/wp\/v2\/product\/691242","targetHints":{"allow":["GET"]}}],"collection":[{"href":"https:\/\/nextsnkr.com\/de\/wp-json\/wp\/v2\/product"}],"about":[{"href":"https:\/\/nextsnkr.com\/de\/wp-json\/wp\/v2\/types\/product"}],"replies":[{"embeddable":true,"href":"https:\/\/nextsnkr.com\/de\/wp-json\/wp\/v2\/comments?post=691242"}],"version-history":[{"count":0,"href":"https:\/\/nextsnkr.com\/de\/wp-json\/wp\/v2\/product\/691242\/revisions"}],"wp:featuredmedia":[{"embeddable":true,"href":"https:\/\/nextsnkr.com\/de\/wp-json\/wp\/v2\/media\/691243"}],"wp:attachment":[{"href":"https:\/\/nextsnkr.com\/de\/wp-json\/wp\/v2\/media?parent=691242"}],"wp:term":[{"taxonomy":"product_brand","embeddable":true,"href":"https:\/\/nextsnkr.com\/de\/wp-json\/wp\/v2\/product_brand?post=691242"},{"taxonomy":"product_cat","embeddable":true,"href":"https:\/\/nextsnkr.com\/de\/wp-json\/wp\/v2\/product_cat?post=691242"},{"taxonomy":"product_tag","embeddable":true,"href":"https:\/\/nextsnkr.com\/de\/wp-json\/wp\/v2\/product_tag?post=691242"}],"curies":[{"name":"wp","href":"https:\/\/api.w.org\/{rel}","templated":true}]}}