{"id":688835,"date":"2025-06-17T21:19:45","date_gmt":"2025-06-17T18:19:45","guid":{"rendered":"https:\/\/nextsnkr.com\/product\/yeezy-foam-runner-ochre-beige-rozprodazh\/"},"modified":"2026-01-29T14:04:10","modified_gmt":"2026-01-29T11:04:10","slug":"yeezy-foam-runner-ochre-beige-rozprodazh","status":"publish","type":"product","link":"https:\/\/nextsnkr.com\/de\/produkt\/yeezy-foam-runner-ochre-beige-rozprodazh\/","title":{"rendered":"Yeezy Foam Runner Ochre Beige Hausschuhe f\u00fcr M\u00e4nner \/ Frauen EVA"},"content":{"rendered":"<h2>Yeezy Foam Runner Ochre Beige Hausschuhe f\u00fcr M\u00e4nner \/ Frauen EVA<\/h2>\n<p>&nbsp;<\/p>\n<p>Yeezy Foam Runner Ochre Beige Hausschuhe sind leichte und bequeme Schuhe f\u00fcr das t\u00e4gliche Tragen und Outdoor-Aktivit\u00e4ten. Hergestellt aus strapazierf\u00e4higem EVA-Material, bieten sie Sto\u00dfd\u00e4mpfung, eine bequeme Passform und Stabilit\u00e4t auf verschiedenen Oberfl\u00e4chen. Der universelle beige Farbton von Ochre l\u00e4sst sich leicht mit jeder Art und Weise kombinieren. Das Modell von Yeezy zeichnet sich durch modernes Design, Premium-Qualit\u00e4t und Praktikabilit\u00e4t aus, was es zu einer idealen Wahl f\u00fcr Spazierg\u00e4nge, zu Hause und im urbanen Stil macht. Die Produktion ist Vietnam.<\/p>\n","protected":false},"excerpt":{"rendered":"<p>Yeezy Foam Runner Ochre Beige Hausschuhe sind leichte und bequeme Schuhe f\u00fcr das t\u00e4gliche Tragen und Outdoor-Aktivit\u00e4ten. Hergestellt aus strapazierf\u00e4higem EVA-Material, bieten sie Sto\u00dfd\u00e4mpfung, eine bequeme Passform und Stabilit\u00e4t auf verschiedenen Oberfl\u00e4chen. Der universelle beige Farbton von Ochre l\u00e4sst sich leicht mit jeder Art und Weise kombinieren. Das Modell von Yeezy zeichnet sich durch modernes Design, Premium-Qualit\u00e4t und Praktikabilit\u00e4t aus, was es zu einer idealen Wahl f\u00fcr Spazierg\u00e4nge, zu Hause und im urbanen Stil macht. Die Produktion ist Vietnam.<\/p>\n","protected":false},"featured_media":688837,"comment_status":"open","ping_status":"open","template":"","meta":[],"product_brand":[],"product_cat":[3398,3225,3422],"product_tag":[],"class_list":{"0":"post-688835","1":"product","2":"type-product","3":"status-publish","4":"has-post-thumbnail","6":"product_cat-adidas-yeezy","7":"product_cat-all-product","8":"product_cat-shlopantsi","9":"pa_rozmir-910","10":"pa_rozmir-912","11":"pa_rozmir-914","12":"pa_rozmir-915","13":"pa_rozmir-916","14":"pa_rozmir-917","15":"pa_rozmir-918","16":"pa_rozmir-919","17":"pa_rozmir-920","18":"pa_rozmir-921","19":"pa_rozmir-922","21":"first","22":"onbackorder","23":"purchasable","24":"product-type-variable"},"_links":{"self":[{"href":"https:\/\/nextsnkr.com\/de\/wp-json\/wp\/v2\/product\/688835","targetHints":{"allow":["GET"]}}],"collection":[{"href":"https:\/\/nextsnkr.com\/de\/wp-json\/wp\/v2\/product"}],"about":[{"href":"https:\/\/nextsnkr.com\/de\/wp-json\/wp\/v2\/types\/product"}],"replies":[{"embeddable":true,"href":"https:\/\/nextsnkr.com\/de\/wp-json\/wp\/v2\/comments?post=688835"}],"version-history":[{"count":0,"href":"https:\/\/nextsnkr.com\/de\/wp-json\/wp\/v2\/product\/688835\/revisions"}],"wp:featuredmedia":[{"embeddable":true,"href":"https:\/\/nextsnkr.com\/de\/wp-json\/wp\/v2\/media\/688837"}],"wp:attachment":[{"href":"https:\/\/nextsnkr.com\/de\/wp-json\/wp\/v2\/media?parent=688835"}],"wp:term":[{"taxonomy":"product_brand","embeddable":true,"href":"https:\/\/nextsnkr.com\/de\/wp-json\/wp\/v2\/product_brand?post=688835"},{"taxonomy":"product_cat","embeddable":true,"href":"https:\/\/nextsnkr.com\/de\/wp-json\/wp\/v2\/product_cat?post=688835"},{"taxonomy":"product_tag","embeddable":true,"href":"https:\/\/nextsnkr.com\/de\/wp-json\/wp\/v2\/product_tag?post=688835"}],"curies":[{"name":"wp","href":"https:\/\/api.w.org\/{rel}","templated":true}]}}