{"id":687787,"date":"2025-06-17T21:22:18","date_gmt":"2025-06-17T18:22:18","guid":{"rendered":"https:\/\/nextsnkr.com\/product\/nike-vomero-roam-white-black\/"},"modified":"2026-01-29T14:03:17","modified_gmt":"2026-01-29T11:03:17","slug":"nike-vomero-roam-white-black","status":"publish","type":"product","link":"https:\/\/nextsnkr.com\/de\/produkt\/nike-vomero-roam-white-black\/","title":{"rendered":"Nike Vomero Roam Sneakers White Black-Leder und Textilien f\u00fcr Komfort"},"content":{"rendered":"<h2>Nike Vomero Roam Sneakers White Black-Leder und Textilien f\u00fcr Komfort<\/h2>\n<p>&nbsp;<\/p>\n<p>Nike Vomero Roam White Black Sneakers kombinieren Stil und Funktionalit\u00e4t. Sie sind aus hochwertigem Leder und Textilien gefertigt und bieten Atmungsaktivit\u00e4t und lang anhaltenden Komfort beim Laufen oder beim t\u00e4glichen Tragen. Das Modell der Marke Nike garantiert Zuverl\u00e4ssigkeit, Haltbarkeit und ein modernes Design in klassischen wei\u00df-schwarzen T\u00f6nen. Die ideale Wahl f\u00fcr einen aktiven Lebensstil und einen stilvollen Look jeden Tag.<\/p>\n","protected":false},"excerpt":{"rendered":"<p>Nike Vomero Roam White Black Sneakers kombinieren Stil und Funktionalit\u00e4t. Sie sind aus hochwertigem Leder und Textilien gefertigt und bieten Atmungsaktivit\u00e4t und lang anhaltenden Komfort beim Laufen oder beim t\u00e4glichen Tragen. Das Modell der Marke Nike garantiert Zuverl\u00e4ssigkeit, Haltbarkeit und ein modernes Design in klassischen wei\u00df-schwarzen T\u00f6nen. Die ideale Wahl f\u00fcr einen aktiven Lebensstil und einen stilvollen Look jeden Tag.<\/p>\n","protected":false},"featured_media":687791,"comment_status":"open","ping_status":"open","template":"","meta":[],"product_brand":[],"product_cat":[3225,3226],"product_tag":[],"class_list":{"0":"post-687787","1":"product","2":"type-product","3":"status-publish","4":"has-post-thumbnail","6":"product_cat-all-product","7":"product_cat-krosivky","8":"pa_rozmir-910","9":"pa_rozmir-912","10":"pa_rozmir-914","11":"pa_rozmir-915","12":"pa_rozmir-916","13":"pa_rozmir-917","14":"pa_rozmir-918","15":"pa_rozmir-919","16":"pa_rozmir-920","17":"pa_rozmir-921","18":"pa_rozmir-922","20":"first","21":"instock","22":"purchasable","23":"product-type-variable"},"_links":{"self":[{"href":"https:\/\/nextsnkr.com\/de\/wp-json\/wp\/v2\/product\/687787","targetHints":{"allow":["GET"]}}],"collection":[{"href":"https:\/\/nextsnkr.com\/de\/wp-json\/wp\/v2\/product"}],"about":[{"href":"https:\/\/nextsnkr.com\/de\/wp-json\/wp\/v2\/types\/product"}],"replies":[{"embeddable":true,"href":"https:\/\/nextsnkr.com\/de\/wp-json\/wp\/v2\/comments?post=687787"}],"version-history":[{"count":0,"href":"https:\/\/nextsnkr.com\/de\/wp-json\/wp\/v2\/product\/687787\/revisions"}],"wp:featuredmedia":[{"embeddable":true,"href":"https:\/\/nextsnkr.com\/de\/wp-json\/wp\/v2\/media\/687791"}],"wp:attachment":[{"href":"https:\/\/nextsnkr.com\/de\/wp-json\/wp\/v2\/media?parent=687787"}],"wp:term":[{"taxonomy":"product_brand","embeddable":true,"href":"https:\/\/nextsnkr.com\/de\/wp-json\/wp\/v2\/product_brand?post=687787"},{"taxonomy":"product_cat","embeddable":true,"href":"https:\/\/nextsnkr.com\/de\/wp-json\/wp\/v2\/product_cat?post=687787"},{"taxonomy":"product_tag","embeddable":true,"href":"https:\/\/nextsnkr.com\/de\/wp-json\/wp\/v2\/product_tag?post=687787"}],"curies":[{"name":"wp","href":"https:\/\/api.w.org\/{rel}","templated":true}]}}