{"id":687307,"date":"2025-06-18T19:48:15","date_gmt":"2025-06-18T16:48:15","guid":{"rendered":"https:\/\/nextsnkr.com\/product\/new-balance-574-send-pink-m\/"},"modified":"2026-01-29T14:03:03","modified_gmt":"2026-01-29T11:03:03","slug":"new-balance-574-send-pink-m","status":"publish","type":"product","link":"https:\/\/nextsnkr.com\/de\/produkt\/new-balance-574-send-pink-m\/","title":{"rendered":"New Balance 574 Sand \/ Pink Herren Wildleder Sneakers"},"content":{"rendered":"<h2>New Balance 574 Sand \/ Pink Herren Wildleder Sneakers<\/h2>\n<p>&nbsp;<\/p>\n<p>Die New Balance 574 Sand\/Pink (M) Sneakers kombinieren nat\u00fcrliches Wildleder und atmungsaktive Textilien und bieten Komfort, Leichtigkeit und zuverl\u00e4ssige Unterst\u00fctzung. Die sanfte Kombination aus Sand und Rosa verleiht dem Modell Stil und einen modernen Look. Die sto\u00dfd\u00e4mpfende Sohle garantiert Komfort beim Gehen und beim aktiven t\u00e4glichen Tragen. Eine ideale Wahl f\u00fcr M\u00e4nner, die klassisches Design, Qualit\u00e4t und Komfort sch\u00e4tzen. Hersteller: China. SKU: nbl-0048-169678<\/p>\n","protected":false},"excerpt":{"rendered":"<p>Die New Balance 574 Sand\/Pink (M) Sneakers kombinieren nat\u00fcrliches Wildleder und atmungsaktive Textilien und bieten Komfort, Leichtigkeit und zuverl\u00e4ssige Unterst\u00fctzung. Die sanfte Kombination aus Sand und Rosa verleiht dem Modell Stil und einen modernen Look. Die sto\u00dfd\u00e4mpfende Sohle garantiert Komfort beim Gehen und beim aktiven t\u00e4glichen Tragen. Eine ideale Wahl f\u00fcr M\u00e4nner, die klassisches Design, Qualit\u00e4t und Komfort sch\u00e4tzen. Hersteller: China. SKU: nbl-0048-169678<\/p>\n","protected":false},"featured_media":687308,"comment_status":"open","ping_status":"open","template":"","meta":[],"product_brand":[],"product_cat":[3225,3226],"product_tag":[],"class_list":{"0":"post-687307","1":"product","2":"type-product","3":"status-publish","4":"has-post-thumbnail","6":"product_cat-all-product","7":"product_cat-krosivky","8":"pa_rozmir-910","9":"pa_rozmir-912","10":"pa_rozmir-914","11":"pa_rozmir-915","12":"pa_rozmir-916","13":"pa_rozmir-917","14":"pa_rozmir-918","15":"pa_rozmir-919","16":"pa_rozmir-920","17":"pa_rozmir-921","18":"pa_rozmir-922","20":"first","21":"onbackorder","22":"purchasable","23":"product-type-variable"},"_links":{"self":[{"href":"https:\/\/nextsnkr.com\/de\/wp-json\/wp\/v2\/product\/687307","targetHints":{"allow":["GET"]}}],"collection":[{"href":"https:\/\/nextsnkr.com\/de\/wp-json\/wp\/v2\/product"}],"about":[{"href":"https:\/\/nextsnkr.com\/de\/wp-json\/wp\/v2\/types\/product"}],"replies":[{"embeddable":true,"href":"https:\/\/nextsnkr.com\/de\/wp-json\/wp\/v2\/comments?post=687307"}],"version-history":[{"count":0,"href":"https:\/\/nextsnkr.com\/de\/wp-json\/wp\/v2\/product\/687307\/revisions"}],"wp:featuredmedia":[{"embeddable":true,"href":"https:\/\/nextsnkr.com\/de\/wp-json\/wp\/v2\/media\/687308"}],"wp:attachment":[{"href":"https:\/\/nextsnkr.com\/de\/wp-json\/wp\/v2\/media?parent=687307"}],"wp:term":[{"taxonomy":"product_brand","embeddable":true,"href":"https:\/\/nextsnkr.com\/de\/wp-json\/wp\/v2\/product_brand?post=687307"},{"taxonomy":"product_cat","embeddable":true,"href":"https:\/\/nextsnkr.com\/de\/wp-json\/wp\/v2\/product_cat?post=687307"},{"taxonomy":"product_tag","embeddable":true,"href":"https:\/\/nextsnkr.com\/de\/wp-json\/wp\/v2\/product_tag?post=687307"}],"curies":[{"name":"wp","href":"https:\/\/api.w.org\/{rel}","templated":true}]}}