{"id":686776,"date":"2025-06-17T21:25:30","date_gmt":"2025-06-17T18:25:30","guid":{"rendered":"https:\/\/nextsnkr.com\/product\/nike-m2k-tekno-essential-white-black\/"},"modified":"2026-01-29T14:02:39","modified_gmt":"2026-01-29T11:02:39","slug":"nike-m2k-tekno-essential-white-black","status":"publish","type":"product","link":"https:\/\/nextsnkr.com\/de\/produkt\/nike-m2k-tekno-essential-white-black\/","title":{"rendered":"Sneakers Nike M2K Tekno Essential White \/ Black-Leder &#038; Textilien"},"content":{"rendered":"<h2>Sneakers Nike M2K Tekno Essential White \/ Black-Leder &#038; Textilien<\/h2>\n<p>&nbsp;<\/p>\n<p>Die Nike M2K Tekno Essential White \/ Black Sneakers sind ein stilvolles und komfortables Modell mit einer Kombination aus echtem Leder und Textilien f\u00fcr das t\u00e4gliche Tragen. Die leichte und robuste Sohle sorgt f\u00fcr Sto\u00dfd\u00e4mpfung und Stabilit\u00e4t, und die kontrastreiche Kombination aus Wei\u00df und Schwarz macht die Turnschuhe f\u00fcr jeden Look vielseitig. Das durchdachte Design unterstreicht den modernen sportlichen Stil und die hochwertigen Materialien garantieren Haltbarkeit. Das Nike M2K Tekno Essential ist die perfekte Wahl f\u00fcr diejenigen, die Komfort und trendigen Look sch\u00e4tzen.<\/p>\n","protected":false},"excerpt":{"rendered":"<p>Die Nike M2K Tekno Essential White \/ Black Sneakers sind ein stilvolles und komfortables Modell mit einer Kombination aus echtem Leder und Textilien f\u00fcr das t\u00e4gliche Tragen. Die leichte und robuste Sohle sorgt f\u00fcr Sto\u00dfd\u00e4mpfung und Stabilit\u00e4t, und die kontrastreiche Kombination aus Wei\u00df und Schwarz macht die Turnschuhe f\u00fcr jeden Look vielseitig. Das durchdachte Design unterstreicht den modernen sportlichen Stil und die hochwertigen Materialien garantieren Haltbarkeit. Das Nike M2K Tekno Essential ist die perfekte Wahl f\u00fcr diejenigen, die Komfort und trendigen Look sch\u00e4tzen.<\/p>\n","protected":false},"featured_media":686780,"comment_status":"open","ping_status":"open","template":"","meta":[],"product_brand":[],"product_cat":[3225,3226],"product_tag":[],"class_list":{"0":"post-686776","1":"product","2":"type-product","3":"status-publish","4":"has-post-thumbnail","6":"product_cat-all-product","7":"product_cat-krosivky","8":"pa_rozmir-910","9":"pa_rozmir-912","10":"pa_rozmir-914","11":"pa_rozmir-915","12":"pa_rozmir-916","13":"pa_rozmir-917","14":"pa_rozmir-918","15":"pa_rozmir-919","16":"pa_rozmir-920","17":"pa_rozmir-921","18":"pa_rozmir-922","20":"first","21":"instock","22":"purchasable","23":"product-type-variable"},"_links":{"self":[{"href":"https:\/\/nextsnkr.com\/de\/wp-json\/wp\/v2\/product\/686776","targetHints":{"allow":["GET"]}}],"collection":[{"href":"https:\/\/nextsnkr.com\/de\/wp-json\/wp\/v2\/product"}],"about":[{"href":"https:\/\/nextsnkr.com\/de\/wp-json\/wp\/v2\/types\/product"}],"replies":[{"embeddable":true,"href":"https:\/\/nextsnkr.com\/de\/wp-json\/wp\/v2\/comments?post=686776"}],"version-history":[{"count":0,"href":"https:\/\/nextsnkr.com\/de\/wp-json\/wp\/v2\/product\/686776\/revisions"}],"wp:featuredmedia":[{"embeddable":true,"href":"https:\/\/nextsnkr.com\/de\/wp-json\/wp\/v2\/media\/686780"}],"wp:attachment":[{"href":"https:\/\/nextsnkr.com\/de\/wp-json\/wp\/v2\/media?parent=686776"}],"wp:term":[{"taxonomy":"product_brand","embeddable":true,"href":"https:\/\/nextsnkr.com\/de\/wp-json\/wp\/v2\/product_brand?post=686776"},{"taxonomy":"product_cat","embeddable":true,"href":"https:\/\/nextsnkr.com\/de\/wp-json\/wp\/v2\/product_cat?post=686776"},{"taxonomy":"product_tag","embeddable":true,"href":"https:\/\/nextsnkr.com\/de\/wp-json\/wp\/v2\/product_tag?post=686776"}],"curies":[{"name":"wp","href":"https:\/\/api.w.org\/{rel}","templated":true}]}}