{"id":685906,"date":"2025-06-17T21:28:39","date_gmt":"2025-06-17T18:28:39","guid":{"rendered":"https:\/\/nextsnkr.com\/product\/nike-dunk-low-off-white-lot-37-50\/"},"modified":"2026-01-29T14:02:07","modified_gmt":"2026-01-29T11:02:07","slug":"nike-dunk-low-off-white-lot-37-50","status":"publish","type":"product","link":"https:\/\/nextsnkr.com\/de\/produkt\/nike-dunk-low-off-white-lot-37-50\/","title":{"rendered":"Nike Dunk Low Off-White Lot 37\/50 Sneakers-Sammlerlederschuhe aus Leder"},"content":{"rendered":"<h2>Nike Dunk Low Off-White Lot 37\/50 Sneakers-Sammlerlederschuhe aus Leder<\/h2>\n<p>&nbsp;<\/p>\n<p>Die Nike Dunk Low Off-White Lot 37\/50 Sneakers sind ein exklusives Modell aus echtem Leder, das Stil, Komfort und Premium-Qualit\u00e4t kombiniert. Die limitierte Edition Lot 37\/50 macht Turnschuhe zu einem wertvollen Sammlerst\u00fcck f\u00fcr Kenner der Marke. Das ergonomische Design bietet eine bequeme Passform und D\u00e4mpfung w\u00e4hrend des t\u00e4glichen Tragens, w\u00e4hrend das moderne Off-White-Design die Individualit\u00e4t und den einzigartigen Stil in einer st\u00e4dtischen Umgebung unterstreicht.<\/p>\n","protected":false},"excerpt":{"rendered":"<p>Die Nike Dunk Low Off-White Lot 37\/50 Sneakers sind ein exklusives Modell aus echtem Leder, das Stil, Komfort und Premium-Qualit\u00e4t kombiniert. Die limitierte Edition Lot 37\/50 macht Turnschuhe zu einem wertvollen Sammlerst\u00fcck f\u00fcr Kenner der Marke. Das ergonomische Design bietet eine bequeme Passform und D\u00e4mpfung w\u00e4hrend des t\u00e4glichen Tragens, w\u00e4hrend das moderne Off-White-Design die Individualit\u00e4t und den einzigartigen Stil in einer st\u00e4dtischen Umgebung unterstreicht.<\/p>\n","protected":false},"featured_media":685907,"comment_status":"open","ping_status":"open","template":"","meta":[],"product_brand":[],"product_cat":[3225,3320],"product_tag":[],"class_list":{"0":"post-685906","1":"product","2":"type-product","3":"status-publish","4":"has-post-thumbnail","6":"product_cat-all-product","7":"product_cat-kedy","8":"pa_rozmir-910","9":"pa_rozmir-912","10":"pa_rozmir-914","11":"pa_rozmir-915","12":"pa_rozmir-916","13":"pa_rozmir-917","14":"pa_rozmir-918","15":"pa_rozmir-919","16":"pa_rozmir-920","17":"pa_rozmir-921","18":"pa_rozmir-922","20":"first","21":"onbackorder","22":"purchasable","23":"product-type-variable"},"_links":{"self":[{"href":"https:\/\/nextsnkr.com\/de\/wp-json\/wp\/v2\/product\/685906","targetHints":{"allow":["GET"]}}],"collection":[{"href":"https:\/\/nextsnkr.com\/de\/wp-json\/wp\/v2\/product"}],"about":[{"href":"https:\/\/nextsnkr.com\/de\/wp-json\/wp\/v2\/types\/product"}],"replies":[{"embeddable":true,"href":"https:\/\/nextsnkr.com\/de\/wp-json\/wp\/v2\/comments?post=685906"}],"version-history":[{"count":0,"href":"https:\/\/nextsnkr.com\/de\/wp-json\/wp\/v2\/product\/685906\/revisions"}],"wp:featuredmedia":[{"embeddable":true,"href":"https:\/\/nextsnkr.com\/de\/wp-json\/wp\/v2\/media\/685907"}],"wp:attachment":[{"href":"https:\/\/nextsnkr.com\/de\/wp-json\/wp\/v2\/media?parent=685906"}],"wp:term":[{"taxonomy":"product_brand","embeddable":true,"href":"https:\/\/nextsnkr.com\/de\/wp-json\/wp\/v2\/product_brand?post=685906"},{"taxonomy":"product_cat","embeddable":true,"href":"https:\/\/nextsnkr.com\/de\/wp-json\/wp\/v2\/product_cat?post=685906"},{"taxonomy":"product_tag","embeddable":true,"href":"https:\/\/nextsnkr.com\/de\/wp-json\/wp\/v2\/product_tag?post=685906"}],"curies":[{"name":"wp","href":"https:\/\/api.w.org\/{rel}","templated":true}]}}