{"id":685627,"date":"2025-06-18T19:51:52","date_gmt":"2025-06-18T16:51:52","guid":{"rendered":"https:\/\/nextsnkr.com\/product\/prada-backpack-green\/"},"modified":"2026-01-29T14:01:36","modified_gmt":"2026-01-29T11:01:36","slug":"prada-backpack-green","status":"publish","type":"product","link":"https:\/\/nextsnkr.com\/de\/produkt\/prada-backpack-green\/","title":{"rendered":"Der Prada Backpack Green ist ein stilvolles und langlebiges Accessoire f\u00fcr den t\u00e4glichen Gebrauch"},"content":{"rendered":"<h2>Der Prada Backpack Green ist ein stilvolles und langlebiges Accessoire f\u00fcr den t\u00e4glichen Gebrauch<\/h2>\n<p>&nbsp;<\/p>\n<p>Der elegante Prada Backpack Green ist aus hochwertigem Nylon gefertigt, das St\u00e4rke und Haltbarkeit bietet. Ideal f\u00fcr Arbeit, Studium oder Reisen, kombiniert es Komfort mit modernem Design. Praktische F\u00e4cher erm\u00f6glichen es Ihnen, Dinge zu organisieren, und eine helle gr\u00fcne Farbe unterstreicht Ihren Stil. W\u00e4hlen Sie einen Prada Rucksack, um jeden Tag ein stilvolles, zuverl\u00e4ssiges und funktionelles Accessoire zu haben.<\/p>\n","protected":false},"excerpt":{"rendered":"<p>Der elegante Prada Backpack Green ist aus hochwertigem Nylon gefertigt, das St\u00e4rke und Haltbarkeit bietet. Ideal f\u00fcr Arbeit, Studium oder Reisen, kombiniert es Komfort mit modernem Design. Praktische F\u00e4cher erm\u00f6glichen es Ihnen, Dinge zu organisieren, und eine helle gr\u00fcne Farbe unterstreicht Ihren Stil. W\u00e4hlen Sie einen Prada Rucksack, um jeden Tag ein stilvolles, zuverl\u00e4ssiges und funktionelles Accessoire zu haben.<\/p>\n","protected":false},"featured_media":685628,"comment_status":"open","ping_status":"open","template":"","meta":[],"product_brand":[],"product_cat":[3225,4273],"product_tag":[],"class_list":{"0":"post-685627","1":"product","2":"type-product","3":"status-publish","4":"has-post-thumbnail","6":"product_cat-all-product","7":"product_cat-riukzaky","8":"pa_rozmir-34x26","10":"first","11":"instock","12":"purchasable","13":"product-type-simple"},"_links":{"self":[{"href":"https:\/\/nextsnkr.com\/de\/wp-json\/wp\/v2\/product\/685627","targetHints":{"allow":["GET"]}}],"collection":[{"href":"https:\/\/nextsnkr.com\/de\/wp-json\/wp\/v2\/product"}],"about":[{"href":"https:\/\/nextsnkr.com\/de\/wp-json\/wp\/v2\/types\/product"}],"replies":[{"embeddable":true,"href":"https:\/\/nextsnkr.com\/de\/wp-json\/wp\/v2\/comments?post=685627"}],"version-history":[{"count":0,"href":"https:\/\/nextsnkr.com\/de\/wp-json\/wp\/v2\/product\/685627\/revisions"}],"wp:featuredmedia":[{"embeddable":true,"href":"https:\/\/nextsnkr.com\/de\/wp-json\/wp\/v2\/media\/685628"}],"wp:attachment":[{"href":"https:\/\/nextsnkr.com\/de\/wp-json\/wp\/v2\/media?parent=685627"}],"wp:term":[{"taxonomy":"product_brand","embeddable":true,"href":"https:\/\/nextsnkr.com\/de\/wp-json\/wp\/v2\/product_brand?post=685627"},{"taxonomy":"product_cat","embeddable":true,"href":"https:\/\/nextsnkr.com\/de\/wp-json\/wp\/v2\/product_cat?post=685627"},{"taxonomy":"product_tag","embeddable":true,"href":"https:\/\/nextsnkr.com\/de\/wp-json\/wp\/v2\/product_tag?post=685627"}],"curies":[{"name":"wp","href":"https:\/\/api.w.org\/{rel}","templated":true}]}}