{"id":681933,"date":"2025-06-18T20:54:02","date_gmt":"2025-06-18T17:54:02","guid":{"rendered":"https:\/\/nextsnkr.com\/product\/nike-sb-dunk-disrupt-2-pale-ivory-black\/"},"modified":"2026-01-29T13:59:22","modified_gmt":"2026-01-29T10:59:22","slug":"nike-sb-dunk-disrupt-2-pale-ivory-black","status":"publish","type":"product","link":"https:\/\/nextsnkr.com\/de\/produkt\/nike-sb-dunk-disrupt-2-pale-ivory-black\/","title":{"rendered":"NIKE SB Dunk Disrupt 2 Pale Ivory Black Sneakers-Stil und Komfort"},"content":{"rendered":"<h2>NIKE SB Dunk Disrupt 2 Pale Ivory Black Sneakers-Stil und Komfort<\/h2>\n<p>&nbsp;<\/p>\n<p>Die NIKE SB Dunk Disrupt 2 Pale Ivory Black Sneakers kombinieren stilvolles Design mit hochwertigen Materialien: Textilien und Wildleder sorgen f\u00fcr Komfort und Haltbarkeit. Das Modell ist ideal f\u00fcr Outdoor-Aktivit\u00e4ten, das t\u00e4gliche Tragen und das Skateboarden. Eine hohe Passform, eine robuste Sohle und ein moderner Farbakzent machen diese Sneakers zu einem Must-Have f\u00fcr echte Fans der Marke NIKE. W\u00e4hlen Sie jeden Tag Qualit\u00e4t und Komfort.<\/p>\n","protected":false},"excerpt":{"rendered":"<p>Die NIKE SB Dunk Disrupt 2 Pale Ivory Black Sneakers kombinieren stilvolles Design mit hochwertigen Materialien: Textilien und Wildleder sorgen f\u00fcr Komfort und Haltbarkeit. Das Modell ist ideal f\u00fcr Outdoor-Aktivit\u00e4ten, das t\u00e4gliche Tragen und das Skateboarden. Eine hohe Passform, eine robuste Sohle und ein moderner Farbakzent machen diese Sneakers zu einem Must-Have f\u00fcr echte Fans der Marke NIKE. W\u00e4hlen Sie jeden Tag Qualit\u00e4t und Komfort.<\/p>\n","protected":false},"featured_media":681934,"comment_status":"open","ping_status":"open","template":"","meta":[],"product_brand":[],"product_cat":[3225,3320],"product_tag":[],"class_list":{"0":"post-681933","1":"product","2":"type-product","3":"status-publish","4":"has-post-thumbnail","6":"product_cat-all-product","7":"product_cat-kedy","8":"pa_rozmir-910","9":"pa_rozmir-912","10":"pa_rozmir-914","11":"pa_rozmir-915","12":"pa_rozmir-916","13":"pa_rozmir-917","14":"pa_rozmir-918","15":"pa_rozmir-919","16":"pa_rozmir-920","17":"pa_rozmir-921","18":"pa_rozmir-922","20":"first","21":"instock","22":"purchasable","23":"product-type-variable"},"_links":{"self":[{"href":"https:\/\/nextsnkr.com\/de\/wp-json\/wp\/v2\/product\/681933","targetHints":{"allow":["GET"]}}],"collection":[{"href":"https:\/\/nextsnkr.com\/de\/wp-json\/wp\/v2\/product"}],"about":[{"href":"https:\/\/nextsnkr.com\/de\/wp-json\/wp\/v2\/types\/product"}],"replies":[{"embeddable":true,"href":"https:\/\/nextsnkr.com\/de\/wp-json\/wp\/v2\/comments?post=681933"}],"version-history":[{"count":0,"href":"https:\/\/nextsnkr.com\/de\/wp-json\/wp\/v2\/product\/681933\/revisions"}],"wp:featuredmedia":[{"embeddable":true,"href":"https:\/\/nextsnkr.com\/de\/wp-json\/wp\/v2\/media\/681934"}],"wp:attachment":[{"href":"https:\/\/nextsnkr.com\/de\/wp-json\/wp\/v2\/media?parent=681933"}],"wp:term":[{"taxonomy":"product_brand","embeddable":true,"href":"https:\/\/nextsnkr.com\/de\/wp-json\/wp\/v2\/product_brand?post=681933"},{"taxonomy":"product_cat","embeddable":true,"href":"https:\/\/nextsnkr.com\/de\/wp-json\/wp\/v2\/product_cat?post=681933"},{"taxonomy":"product_tag","embeddable":true,"href":"https:\/\/nextsnkr.com\/de\/wp-json\/wp\/v2\/product_tag?post=681933"}],"curies":[{"name":"wp","href":"https:\/\/api.w.org\/{rel}","templated":true}]}}