{"id":681763,"date":"2025-06-17T21:39:17","date_gmt":"2025-06-17T18:39:17","guid":{"rendered":"https:\/\/nextsnkr.com\/product\/nike-hot-step-air-terra-drake-nocta-white\/"},"modified":"2026-01-29T13:59:18","modified_gmt":"2026-01-29T10:59:18","slug":"nike-hot-step-air-terra-drake-nocta-white","status":"publish","type":"product","link":"https:\/\/nextsnkr.com\/de\/produkt\/nike-hot-step-air-terra-drake-nocta-white\/","title":{"rendered":"Turnschuhe Nike Hot Step Air Terra Drake nocta Wei\u00df Leder"},"content":{"rendered":"<h2>Turnschuhe Nike Hot Step Air Terra Drake nocta Wei\u00df Leder<\/h2>\n<p>&nbsp;<\/p>\n<p>Nike Hot Step Air Terra Drake NOCTA White Sneakers sind stilvolle und bequeme Schuhe f\u00fcr das t\u00e4gliche Tragen und aktive Stadtleben. Sie sind aus hochwertigem Leder gefertigt und bieten eine lange Haltbarkeit, einen sicheren Halt des Fu\u00dfes und eine bequeme Passform. Die wei\u00dfe Farbe verleiht dem Bild Frische und Vielseitigkeit und eignet sich f\u00fcr jeden Kleidungsstil. Das Modell von Nike zeichnet sich durch Premium-Qualit\u00e4t, modernes Design und Praktikabilit\u00e4t aus und ist damit die ideale Wahl f\u00fcr Spazierg\u00e4nge, Sport und den t\u00e4glichen Gebrauch.<\/p>\n","protected":false},"excerpt":{"rendered":"<p>Nike Hot Step Air Terra Drake NOCTA White Sneakers sind stilvolle und bequeme Schuhe f\u00fcr das t\u00e4gliche Tragen und aktive Stadtleben. Sie sind aus hochwertigem Leder gefertigt und bieten eine lange Haltbarkeit, einen sicheren Halt des Fu\u00dfes und eine bequeme Passform. Die wei\u00dfe Farbe verleiht dem Bild Frische und Vielseitigkeit und eignet sich f\u00fcr jeden Kleidungsstil. Das Modell von Nike zeichnet sich durch Premium-Qualit\u00e4t, modernes Design und Praktikabilit\u00e4t aus und ist damit die ideale Wahl f\u00fcr Spazierg\u00e4nge, Sport und den t\u00e4glichen Gebrauch.<\/p>\n","protected":false},"featured_media":681764,"comment_status":"open","ping_status":"open","template":"","meta":[],"product_brand":[],"product_cat":[3225,3226],"product_tag":[],"class_list":{"0":"post-681763","1":"product","2":"type-product","3":"status-publish","4":"has-post-thumbnail","6":"product_cat-all-product","7":"product_cat-krosivky","8":"pa_rozmir-910","9":"pa_rozmir-912","10":"pa_rozmir-914","11":"pa_rozmir-915","12":"pa_rozmir-916","13":"pa_rozmir-917","14":"pa_rozmir-918","15":"pa_rozmir-919","16":"pa_rozmir-920","17":"pa_rozmir-921","18":"pa_rozmir-922","20":"first","21":"instock","22":"purchasable","23":"product-type-variable"},"_links":{"self":[{"href":"https:\/\/nextsnkr.com\/de\/wp-json\/wp\/v2\/product\/681763","targetHints":{"allow":["GET"]}}],"collection":[{"href":"https:\/\/nextsnkr.com\/de\/wp-json\/wp\/v2\/product"}],"about":[{"href":"https:\/\/nextsnkr.com\/de\/wp-json\/wp\/v2\/types\/product"}],"replies":[{"embeddable":true,"href":"https:\/\/nextsnkr.com\/de\/wp-json\/wp\/v2\/comments?post=681763"}],"version-history":[{"count":0,"href":"https:\/\/nextsnkr.com\/de\/wp-json\/wp\/v2\/product\/681763\/revisions"}],"wp:featuredmedia":[{"embeddable":true,"href":"https:\/\/nextsnkr.com\/de\/wp-json\/wp\/v2\/media\/681764"}],"wp:attachment":[{"href":"https:\/\/nextsnkr.com\/de\/wp-json\/wp\/v2\/media?parent=681763"}],"wp:term":[{"taxonomy":"product_brand","embeddable":true,"href":"https:\/\/nextsnkr.com\/de\/wp-json\/wp\/v2\/product_brand?post=681763"},{"taxonomy":"product_cat","embeddable":true,"href":"https:\/\/nextsnkr.com\/de\/wp-json\/wp\/v2\/product_cat?post=681763"},{"taxonomy":"product_tag","embeddable":true,"href":"https:\/\/nextsnkr.com\/de\/wp-json\/wp\/v2\/product_tag?post=681763"}],"curies":[{"name":"wp","href":"https:\/\/api.w.org\/{rel}","templated":true}]}}