{"id":681242,"date":"2025-06-13T12:42:47","date_gmt":"2025-06-13T09:42:47","guid":{"rendered":"https:\/\/nextsnkr.com\/product\/louis-vuitton-trainer-white-blue\/"},"modified":"2026-01-29T13:58:56","modified_gmt":"2026-01-29T10:58:56","slug":"louis-vuitton-trainer-white-blue","status":"publish","type":"product","link":"https:\/\/nextsnkr.com\/de\/produkt\/louis-vuitton-trainer-white-blue\/","title":{"rendered":"Louis Vuitton Trainer Sneakers White \/ Blue-Premium-Leder und Style"},"content":{"rendered":"<h2>Louis Vuitton Trainer Sneakers White \/ Blue-Premium-Leder und Style<\/h2>\n<p>&nbsp;<\/p>\n<p>Die Sneakers Louis Vuitton Trainer White \/ Blue sind ein Luxusmodell, das f\u00fcr diejenigen entwickelt wurde, die ein luxuri\u00f6ses Design und tadellose Qualit\u00e4t sch\u00e4tzen. Sie sind aus hochwertigem echtem Leder gefertigt und bieten Komfort, Haltbarkeit und einen stilvollen Look in jedem Look. Die kontrastreiche Kombination aus Wei\u00df und Blau unterstreicht den modernen Charakter des Modells. Die ideale Wahl f\u00fcr den Alltag, den urbanen Stil und Kenner der Marke Louis Vuitton, die sich abheben und in Qualit\u00e4t investieren wollen.<\/p>\n","protected":false},"excerpt":{"rendered":"<p>Die Sneakers Louis Vuitton Trainer White \/ Blue sind ein Luxusmodell, das f\u00fcr diejenigen entwickelt wurde, die ein luxuri\u00f6ses Design und tadellose Qualit\u00e4t sch\u00e4tzen. Sie sind aus hochwertigem echtem Leder gefertigt und bieten Komfort, Haltbarkeit und einen stilvollen Look in jedem Look. Die kontrastreiche Kombination aus Wei\u00df und Blau unterstreicht den modernen Charakter des Modells. Die ideale Wahl f\u00fcr den Alltag, den urbanen Stil und Kenner der Marke Louis Vuitton, die sich abheben und in Qualit\u00e4t investieren wollen.<\/p>\n","protected":false},"featured_media":681243,"comment_status":"open","ping_status":"open","template":"","meta":[],"product_brand":[],"product_cat":[3225,3226],"product_tag":[],"class_list":{"0":"post-681242","1":"product","2":"type-product","3":"status-publish","4":"has-post-thumbnail","6":"product_cat-all-product","7":"product_cat-krosivky","8":"pa_rozmir-910","9":"pa_rozmir-912","10":"pa_rozmir-914","11":"pa_rozmir-915","12":"pa_rozmir-916","13":"pa_rozmir-917","14":"pa_rozmir-918","15":"pa_rozmir-919","16":"pa_rozmir-920","17":"pa_rozmir-921","18":"pa_rozmir-922","20":"first","21":"instock","22":"purchasable","23":"product-type-variable"},"_links":{"self":[{"href":"https:\/\/nextsnkr.com\/de\/wp-json\/wp\/v2\/product\/681242","targetHints":{"allow":["GET"]}}],"collection":[{"href":"https:\/\/nextsnkr.com\/de\/wp-json\/wp\/v2\/product"}],"about":[{"href":"https:\/\/nextsnkr.com\/de\/wp-json\/wp\/v2\/types\/product"}],"replies":[{"embeddable":true,"href":"https:\/\/nextsnkr.com\/de\/wp-json\/wp\/v2\/comments?post=681242"}],"version-history":[{"count":0,"href":"https:\/\/nextsnkr.com\/de\/wp-json\/wp\/v2\/product\/681242\/revisions"}],"wp:featuredmedia":[{"embeddable":true,"href":"https:\/\/nextsnkr.com\/de\/wp-json\/wp\/v2\/media\/681243"}],"wp:attachment":[{"href":"https:\/\/nextsnkr.com\/de\/wp-json\/wp\/v2\/media?parent=681242"}],"wp:term":[{"taxonomy":"product_brand","embeddable":true,"href":"https:\/\/nextsnkr.com\/de\/wp-json\/wp\/v2\/product_brand?post=681242"},{"taxonomy":"product_cat","embeddable":true,"href":"https:\/\/nextsnkr.com\/de\/wp-json\/wp\/v2\/product_cat?post=681242"},{"taxonomy":"product_tag","embeddable":true,"href":"https:\/\/nextsnkr.com\/de\/wp-json\/wp\/v2\/product_tag?post=681242"}],"curies":[{"name":"wp","href":"https:\/\/api.w.org\/{rel}","templated":true}]}}