{"id":675790,"date":"2025-06-13T12:50:40","date_gmt":"2025-06-13T09:50:40","guid":{"rendered":"https:\/\/nextsnkr.com\/product\/beige-mens-no-brand\/"},"modified":"2026-01-29T13:55:34","modified_gmt":"2026-01-29T10:55:34","slug":"beige-mens-no-brand","status":"publish","type":"product","link":"https:\/\/nextsnkr.com\/de\/produkt\/beige-mens-no-brand\/","title":{"rendered":"Sneakers f\u00fcr Herren Beige No Brand-Sneakers aus Textil mit umweltfreundlichem Leder"},"content":{"rendered":"<h2>Sneakers f\u00fcr Herren Beige No Brand-Sneakers aus Textil mit umweltfreundlichem Leder<\/h2>\n<p>&nbsp;<\/p>\n<p>Beige No Brand Herren Sneakers sind leichte und vielseitige Schuhe mit einer Kombination aus Textil und umweltfreundlichem Leder, die Komfort und Praktikabilit\u00e4t f\u00fcr jeden Tag bieten. Das Modell hat ein stilvolles beige Design, passt zu jedem l\u00e4ssigen Look und wird durch eine angenehme Passform gekennzeichnet. Hergestellt in Vietnam, bieten diese Turnschuhe eine gute Bel\u00fcftung, Verschlei\u00dffestigkeit und pflegeleicht. Die ideale Wahl f\u00fcr diejenigen, die nach erschwinglichen und bequemen Sneakers f\u00fcr jeden Tag suchen.<\/p>\n","protected":false},"excerpt":{"rendered":"<p>Beige No Brand Herren Sneakers sind leichte und vielseitige Schuhe mit einer Kombination aus Textil und umweltfreundlichem Leder, die Komfort und Praktikabilit\u00e4t f\u00fcr jeden Tag bieten. Das Modell hat ein stilvolles beige Design, passt zu jedem l\u00e4ssigen Look und wird durch eine angenehme Passform gekennzeichnet. Hergestellt in Vietnam, bieten diese Turnschuhe eine gute Bel\u00fcftung, Verschlei\u00dffestigkeit und pflegeleicht. Die ideale Wahl f\u00fcr diejenigen, die nach erschwinglichen und bequemen Sneakers f\u00fcr jeden Tag suchen.<\/p>\n","protected":false},"featured_media":675795,"comment_status":"open","ping_status":"open","template":"","meta":[],"product_brand":[],"product_cat":[3225,3320],"product_tag":[],"class_list":{"0":"post-675790","1":"product","2":"type-product","3":"status-publish","4":"has-post-thumbnail","6":"product_cat-all-product","7":"product_cat-kedy","8":"pa_rozmir-910","9":"pa_rozmir-912","10":"pa_rozmir-914","11":"pa_rozmir-915","12":"pa_rozmir-916","13":"pa_rozmir-917","14":"pa_rozmir-918","15":"pa_rozmir-919","16":"pa_rozmir-920","17":"pa_rozmir-921","18":"pa_rozmir-922","20":"first","21":"onbackorder","22":"purchasable","23":"product-type-variable"},"_links":{"self":[{"href":"https:\/\/nextsnkr.com\/de\/wp-json\/wp\/v2\/product\/675790","targetHints":{"allow":["GET"]}}],"collection":[{"href":"https:\/\/nextsnkr.com\/de\/wp-json\/wp\/v2\/product"}],"about":[{"href":"https:\/\/nextsnkr.com\/de\/wp-json\/wp\/v2\/types\/product"}],"replies":[{"embeddable":true,"href":"https:\/\/nextsnkr.com\/de\/wp-json\/wp\/v2\/comments?post=675790"}],"version-history":[{"count":0,"href":"https:\/\/nextsnkr.com\/de\/wp-json\/wp\/v2\/product\/675790\/revisions"}],"wp:featuredmedia":[{"embeddable":true,"href":"https:\/\/nextsnkr.com\/de\/wp-json\/wp\/v2\/media\/675795"}],"wp:attachment":[{"href":"https:\/\/nextsnkr.com\/de\/wp-json\/wp\/v2\/media?parent=675790"}],"wp:term":[{"taxonomy":"product_brand","embeddable":true,"href":"https:\/\/nextsnkr.com\/de\/wp-json\/wp\/v2\/product_brand?post=675790"},{"taxonomy":"product_cat","embeddable":true,"href":"https:\/\/nextsnkr.com\/de\/wp-json\/wp\/v2\/product_cat?post=675790"},{"taxonomy":"product_tag","embeddable":true,"href":"https:\/\/nextsnkr.com\/de\/wp-json\/wp\/v2\/product_tag?post=675790"}],"curies":[{"name":"wp","href":"https:\/\/api.w.org\/{rel}","templated":true}]}}