{"id":673345,"date":"2025-06-13T12:53:43","date_gmt":"2025-06-13T09:53:43","guid":{"rendered":"https:\/\/nextsnkr.com\/product\/see-refl-no-brand\/"},"modified":"2026-01-29T13:54:02","modified_gmt":"2026-01-29T10:54:02","slug":"see-refl-no-brand","status":"publish","type":"product","link":"https:\/\/nextsnkr.com\/de\/produkt\/see-refl-no-brand\/","title":{"rendered":"Sneaker No Brand See Refl-Leichte Textilschuhe"},"content":{"rendered":"<h2>Sneaker No Brand See Refl-Leichte Textilschuhe<\/h2>\n<p>&nbsp;<\/p>\n<p>Die No Brand See Refl Sneaker sind stylisch f\u00fcr ein angenehmes Tragegef\u00fchl im Alltag. Das Modell besteht aus einer Kombination aus Textil und umweltfreundlichem Leder, die f\u00fcr Leichtigkeit, Atmung und Verschlei\u00dffestigkeit sorgt. Dank des modernen Designs eignen sich die Turnschuhe hervorragend f\u00fcr urbanen Stil, Outdoor-Aktivit\u00e4ten und allt\u00e4gliche Looks. Hergestellt in Vietnam, kombinieren sie hochwertige Materialien und eine angenehme Passform. Eine praktische und erschwingliche Wahl f\u00fcr diejenigen, die nach stilvollen und vielseitigen Schuhen suchen.<\/p>\n","protected":false},"excerpt":{"rendered":"<p>Die No Brand See Refl Sneaker sind stylisch f\u00fcr ein angenehmes Tragegef\u00fchl im Alltag. Das Modell besteht aus einer Kombination aus Textil und umweltfreundlichem Leder, die f\u00fcr Leichtigkeit, Atmung und Verschlei\u00dffestigkeit sorgt. Dank des modernen Designs eignen sich die Turnschuhe hervorragend f\u00fcr urbanen Stil, Outdoor-Aktivit\u00e4ten und allt\u00e4gliche Looks. Hergestellt in Vietnam, kombinieren sie hochwertige Materialien und eine angenehme Passform. Eine praktische und erschwingliche Wahl f\u00fcr diejenigen, die nach stilvollen und vielseitigen Schuhen suchen.<\/p>\n","protected":false},"featured_media":673347,"comment_status":"open","ping_status":"open","template":"","meta":[],"product_brand":[],"product_cat":[3225,3226],"product_tag":[],"class_list":{"0":"post-673345","1":"product","2":"type-product","3":"status-publish","4":"has-post-thumbnail","6":"product_cat-all-product","7":"product_cat-krosivky","8":"pa_rozmir-910","9":"pa_rozmir-912","10":"pa_rozmir-914","11":"pa_rozmir-915","12":"pa_rozmir-916","13":"pa_rozmir-917","14":"pa_rozmir-918","15":"pa_rozmir-919","16":"pa_rozmir-920","17":"pa_rozmir-921","18":"pa_rozmir-922","20":"first","21":"onbackorder","22":"purchasable","23":"product-type-variable"},"_links":{"self":[{"href":"https:\/\/nextsnkr.com\/de\/wp-json\/wp\/v2\/product\/673345","targetHints":{"allow":["GET"]}}],"collection":[{"href":"https:\/\/nextsnkr.com\/de\/wp-json\/wp\/v2\/product"}],"about":[{"href":"https:\/\/nextsnkr.com\/de\/wp-json\/wp\/v2\/types\/product"}],"replies":[{"embeddable":true,"href":"https:\/\/nextsnkr.com\/de\/wp-json\/wp\/v2\/comments?post=673345"}],"version-history":[{"count":0,"href":"https:\/\/nextsnkr.com\/de\/wp-json\/wp\/v2\/product\/673345\/revisions"}],"wp:featuredmedia":[{"embeddable":true,"href":"https:\/\/nextsnkr.com\/de\/wp-json\/wp\/v2\/media\/673347"}],"wp:attachment":[{"href":"https:\/\/nextsnkr.com\/de\/wp-json\/wp\/v2\/media?parent=673345"}],"wp:term":[{"taxonomy":"product_brand","embeddable":true,"href":"https:\/\/nextsnkr.com\/de\/wp-json\/wp\/v2\/product_brand?post=673345"},{"taxonomy":"product_cat","embeddable":true,"href":"https:\/\/nextsnkr.com\/de\/wp-json\/wp\/v2\/product_cat?post=673345"},{"taxonomy":"product_tag","embeddable":true,"href":"https:\/\/nextsnkr.com\/de\/wp-json\/wp\/v2\/product_tag?post=673345"}],"curies":[{"name":"wp","href":"https:\/\/api.w.org\/{rel}","templated":true}]}}