{"id":672656,"date":"2025-06-13T12:54:31","date_gmt":"2025-06-13T09:54:31","guid":{"rendered":"https:\/\/nextsnkr.com\/product\/wapor-white-no-brand\/"},"modified":"2026-01-29T13:53:35","modified_gmt":"2026-01-29T10:53:35","slug":"wapor-white-no-brand","status":"publish","type":"product","link":"https:\/\/nextsnkr.com\/de\/produkt\/wapor-white-no-brand\/","title":{"rendered":"Vapore White Sneakers aus Textil und Kunstleder"},"content":{"rendered":"<h2>Vapore White Sneakers aus Textil und Kunstleder<\/h2>\n<p>&nbsp;<\/p>\n<p>Die leichten und bequemen Vapore White Sneakers sind aus einer Kombination aus atmungsaktivem Textil und robustem Kunstleder gefertigt und bieten Komfort und Verschlei\u00dffestigkeit. Sie wurden in Vietnam hergestellt und haben ein vielseitiges wei\u00dfes Design, das leicht mit jedem Kleidungsstil kombiniert werden kann. Geeignet f\u00fcr das t\u00e4gliche Tragen, Wandern und Outdoor-Aktivit\u00e4ten. Die ideale Wahl f\u00fcr diejenigen, die nach praktischen und stilvollen Schuhen f\u00fcr jeden Tag suchen.<\/p>\n","protected":false},"excerpt":{"rendered":"<p>Die leichten und bequemen Vapore White Sneakers sind aus einer Kombination aus atmungsaktivem Textil und robustem Kunstleder gefertigt und bieten Komfort und Verschlei\u00dffestigkeit. Sie wurden in Vietnam hergestellt und haben ein vielseitiges wei\u00dfes Design, das leicht mit jedem Kleidungsstil kombiniert werden kann. Geeignet f\u00fcr das t\u00e4gliche Tragen, Wandern und Outdoor-Aktivit\u00e4ten. Die ideale Wahl f\u00fcr diejenigen, die nach praktischen und stilvollen Schuhen f\u00fcr jeden Tag suchen.<\/p>\n","protected":false},"featured_media":672660,"comment_status":"open","ping_status":"open","template":"","meta":[],"product_brand":[],"product_cat":[3225,3226],"product_tag":[],"class_list":{"0":"post-672656","1":"product","2":"type-product","3":"status-publish","4":"has-post-thumbnail","6":"product_cat-all-product","7":"product_cat-krosivky","8":"pa_rozmir-910","9":"pa_rozmir-912","10":"pa_rozmir-914","11":"pa_rozmir-915","12":"pa_rozmir-916","13":"pa_rozmir-917","14":"pa_rozmir-918","15":"pa_rozmir-919","16":"pa_rozmir-920","17":"pa_rozmir-921","18":"pa_rozmir-922","20":"first","21":"instock","22":"purchasable","23":"product-type-variable"},"_links":{"self":[{"href":"https:\/\/nextsnkr.com\/de\/wp-json\/wp\/v2\/product\/672656","targetHints":{"allow":["GET"]}}],"collection":[{"href":"https:\/\/nextsnkr.com\/de\/wp-json\/wp\/v2\/product"}],"about":[{"href":"https:\/\/nextsnkr.com\/de\/wp-json\/wp\/v2\/types\/product"}],"replies":[{"embeddable":true,"href":"https:\/\/nextsnkr.com\/de\/wp-json\/wp\/v2\/comments?post=672656"}],"version-history":[{"count":0,"href":"https:\/\/nextsnkr.com\/de\/wp-json\/wp\/v2\/product\/672656\/revisions"}],"wp:featuredmedia":[{"embeddable":true,"href":"https:\/\/nextsnkr.com\/de\/wp-json\/wp\/v2\/media\/672660"}],"wp:attachment":[{"href":"https:\/\/nextsnkr.com\/de\/wp-json\/wp\/v2\/media?parent=672656"}],"wp:term":[{"taxonomy":"product_brand","embeddable":true,"href":"https:\/\/nextsnkr.com\/de\/wp-json\/wp\/v2\/product_brand?post=672656"},{"taxonomy":"product_cat","embeddable":true,"href":"https:\/\/nextsnkr.com\/de\/wp-json\/wp\/v2\/product_cat?post=672656"},{"taxonomy":"product_tag","embeddable":true,"href":"https:\/\/nextsnkr.com\/de\/wp-json\/wp\/v2\/product_tag?post=672656"}],"curies":[{"name":"wp","href":"https:\/\/api.w.org\/{rel}","templated":true}]}}