{"id":670545,"date":"2025-06-13T12:56:58","date_gmt":"2025-06-13T09:56:58","guid":{"rendered":"https:\/\/nextsnkr.com\/product\/run-low-white-no-brand\/"},"modified":"2026-01-29T13:52:17","modified_gmt":"2026-01-29T10:52:17","slug":"run-low-white-no-brand","status":"publish","type":"product","link":"https:\/\/nextsnkr.com\/de\/produkt\/run-low-white-no-brand\/","title":{"rendered":"Run Low White Sneakers &#8211; Sneakers aus wei\u00dfem Textil mit \u00d6ko-Leder"},"content":{"rendered":"<h2>Run Low White Sneakers &#8211; Sneakers aus wei\u00dfem Textil mit \u00d6ko-Leder<\/h2>\n<p>&nbsp;<\/p>\n<p>Die Run Low White Sneakers bestehen aus einer Kombination aus Textil und \u00d6ko-Leder, die jeden Tag Leichtigkeit, Komfort und einen stilvollen Look bietet. Das lakonische wei\u00dfe Design macht das Modell f\u00fcr jedes Bild universell. Dank der hochwertigen Materialien und der zuverl\u00e4ssigen Sohle eignen sich die Sneakers hervorragend zum Wandern, Studieren oder f\u00fcr einen aktiven urbanen Rhythmus. Hergestellt in Vietnam ist eine praktische Wahl zu einem erschwinglichen Preis.<\/p>\n","protected":false},"excerpt":{"rendered":"<p>Die Run Low White Sneakers bestehen aus einer Kombination aus Textil und \u00d6ko-Leder, die jeden Tag Leichtigkeit, Komfort und einen stilvollen Look bietet. Das lakonische wei\u00dfe Design macht das Modell f\u00fcr jedes Bild universell. Dank der hochwertigen Materialien und der zuverl\u00e4ssigen Sohle eignen sich die Sneakers hervorragend zum Wandern, Studieren oder f\u00fcr einen aktiven urbanen Rhythmus. Hergestellt in Vietnam ist eine praktische Wahl zu einem erschwinglichen Preis.<\/p>\n","protected":false},"featured_media":670548,"comment_status":"open","ping_status":"open","template":"","meta":[],"product_brand":[],"product_cat":[3225,3320],"product_tag":[],"class_list":{"0":"post-670545","1":"product","2":"type-product","3":"status-publish","4":"has-post-thumbnail","6":"product_cat-all-product","7":"product_cat-kedy","8":"pa_rozmir-910","9":"pa_rozmir-912","10":"pa_rozmir-914","11":"pa_rozmir-915","12":"pa_rozmir-916","13":"pa_rozmir-917","14":"pa_rozmir-918","15":"pa_rozmir-919","16":"pa_rozmir-920","17":"pa_rozmir-921","18":"pa_rozmir-922","20":"first","21":"onbackorder","22":"purchasable","23":"product-type-variable"},"_links":{"self":[{"href":"https:\/\/nextsnkr.com\/de\/wp-json\/wp\/v2\/product\/670545","targetHints":{"allow":["GET"]}}],"collection":[{"href":"https:\/\/nextsnkr.com\/de\/wp-json\/wp\/v2\/product"}],"about":[{"href":"https:\/\/nextsnkr.com\/de\/wp-json\/wp\/v2\/types\/product"}],"replies":[{"embeddable":true,"href":"https:\/\/nextsnkr.com\/de\/wp-json\/wp\/v2\/comments?post=670545"}],"version-history":[{"count":0,"href":"https:\/\/nextsnkr.com\/de\/wp-json\/wp\/v2\/product\/670545\/revisions"}],"wp:featuredmedia":[{"embeddable":true,"href":"https:\/\/nextsnkr.com\/de\/wp-json\/wp\/v2\/media\/670548"}],"wp:attachment":[{"href":"https:\/\/nextsnkr.com\/de\/wp-json\/wp\/v2\/media?parent=670545"}],"wp:term":[{"taxonomy":"product_brand","embeddable":true,"href":"https:\/\/nextsnkr.com\/de\/wp-json\/wp\/v2\/product_brand?post=670545"},{"taxonomy":"product_cat","embeddable":true,"href":"https:\/\/nextsnkr.com\/de\/wp-json\/wp\/v2\/product_cat?post=670545"},{"taxonomy":"product_tag","embeddable":true,"href":"https:\/\/nextsnkr.com\/de\/wp-json\/wp\/v2\/product_tag?post=670545"}],"curies":[{"name":"wp","href":"https:\/\/api.w.org\/{rel}","templated":true}]}}