{"id":668156,"date":"2025-06-13T13:00:01","date_gmt":"2025-06-13T10:00:01","guid":{"rendered":"https:\/\/nextsnkr.com\/product\/prada-black-brushed-leather-loafers\/"},"modified":"2026-01-29T13:50:39","modified_gmt":"2026-01-29T10:50:39","slug":"prada-black-brushed-leather-loafers","status":"publish","type":"product","link":"https:\/\/nextsnkr.com\/de\/produkt\/prada-black-brushed-leather-loafers\/","title":{"rendered":"Prada Black Loafers &#8211; Herren Lacklederschuhe"},"content":{"rendered":"<h2>Prada Black Loafers &#8211; Herren Lacklederschuhe<\/h2>\n<p>&nbsp;<\/p>\n<p>Prada Black Brushed Leather Loafers sind elegante Herren-Loafers aus Premium-Lackleder, die in Italien hergestellt werden. Sie kombinieren luxuri\u00f6ses Design, perfekte Passform und hochwertige Materialien. Das Modell eignet sich f\u00fcr Gesch\u00e4ftsbilder, feierliche Ereignisse und den t\u00e4glichen Gebrauch und f\u00fcgt Stil und Vertrauen hinzu. Die verschlei\u00dffeste Sohle und die tadellose italienische Ausf\u00fchrung garantieren Komfort und Haltbarkeit. W\u00e4hlen Sie Prada, um Ihren Status und Ihren tadellosen Geschmack hervorzuheben.<\/p>\n","protected":false},"excerpt":{"rendered":"<p>Prada Black Brushed Leather Loafers sind elegante Herren-Loafers aus Premium-Lackleder, die in Italien hergestellt werden. Sie kombinieren luxuri\u00f6ses Design, perfekte Passform und hochwertige Materialien. Das Modell eignet sich f\u00fcr Gesch\u00e4ftsbilder, feierliche Ereignisse und den t\u00e4glichen Gebrauch und f\u00fcgt Stil und Vertrauen hinzu. Die verschlei\u00dffeste Sohle und die tadellose italienische Ausf\u00fchrung garantieren Komfort und Haltbarkeit. W\u00e4hlen Sie Prada, um Ihren Status und Ihren tadellosen Geschmack hervorzuheben.<\/p>\n","protected":false},"featured_media":668157,"comment_status":"open","ping_status":"open","template":"","meta":[],"product_brand":[],"product_cat":[3225,4242],"product_tag":[],"class_list":{"0":"post-668156","1":"product","2":"type-product","3":"status-publish","4":"has-post-thumbnail","6":"product_cat-all-product","7":"product_cat-lofery","8":"pa_rozmir-910","9":"pa_rozmir-912","10":"pa_rozmir-914","11":"pa_rozmir-915","12":"pa_rozmir-916","13":"pa_rozmir-917","14":"pa_rozmir-918","15":"pa_rozmir-919","16":"pa_rozmir-920","17":"pa_rozmir-921","18":"pa_rozmir-922","20":"first","21":"instock","22":"purchasable","23":"product-type-variable"},"_links":{"self":[{"href":"https:\/\/nextsnkr.com\/de\/wp-json\/wp\/v2\/product\/668156","targetHints":{"allow":["GET"]}}],"collection":[{"href":"https:\/\/nextsnkr.com\/de\/wp-json\/wp\/v2\/product"}],"about":[{"href":"https:\/\/nextsnkr.com\/de\/wp-json\/wp\/v2\/types\/product"}],"replies":[{"embeddable":true,"href":"https:\/\/nextsnkr.com\/de\/wp-json\/wp\/v2\/comments?post=668156"}],"version-history":[{"count":0,"href":"https:\/\/nextsnkr.com\/de\/wp-json\/wp\/v2\/product\/668156\/revisions"}],"wp:featuredmedia":[{"embeddable":true,"href":"https:\/\/nextsnkr.com\/de\/wp-json\/wp\/v2\/media\/668157"}],"wp:attachment":[{"href":"https:\/\/nextsnkr.com\/de\/wp-json\/wp\/v2\/media?parent=668156"}],"wp:term":[{"taxonomy":"product_brand","embeddable":true,"href":"https:\/\/nextsnkr.com\/de\/wp-json\/wp\/v2\/product_brand?post=668156"},{"taxonomy":"product_cat","embeddable":true,"href":"https:\/\/nextsnkr.com\/de\/wp-json\/wp\/v2\/product_cat?post=668156"},{"taxonomy":"product_tag","embeddable":true,"href":"https:\/\/nextsnkr.com\/de\/wp-json\/wp\/v2\/product_tag?post=668156"}],"curies":[{"name":"wp","href":"https:\/\/api.w.org\/{rel}","templated":true}]}}