{"id":667027,"date":"2025-06-13T13:01:20","date_gmt":"2025-06-13T10:01:20","guid":{"rendered":"https:\/\/nextsnkr.com\/product\/louis-vuitton-easy-pouch-on-strap\/"},"modified":"2026-01-29T13:49:39","modified_gmt":"2026-01-29T10:49:39","slug":"louis-vuitton-easy-pouch-on-strap","status":"publish","type":"product","link":"https:\/\/nextsnkr.com\/de\/produkt\/louis-vuitton-easy-pouch-on-strap\/","title":{"rendered":"Die Louis Vuitton Easy Pouch On Strap Tasche ist ein stilvolles Damen-Kunstleder"},"content":{"rendered":"<h2>Die Louis Vuitton Easy Pouch On Strap Tasche ist ein stilvolles Damen-Kunstleder<\/h2>\n<p>&nbsp;<\/p>\n<p>Die Louis Vuitton Easy Pouch On Strap Tasche ist ein elegantes und bequemes Accessoire f\u00fcr den t\u00e4glichen Gebrauch. Das Modell besteht aus hochwertigem \u00d6ko-Leder, das stilvolles Aussehen, Praktikabilit\u00e4t und Pflegeleicht kombiniert. Das kompakte Format erm\u00f6glicht es Ihnen, alle notwendigen Dinge unterzubringen, und das bequeme Tragegurt sorgt f\u00fcr ein angenehmes Tragegef\u00fchl auf der Schulter oder \u00fcber der Schulter. Das stilvolle Design im Sinne von Louis Vuitton macht diese Tasche zur perfekten Erg\u00e4nzung zu jedem Look und unterstreicht den Geschmack und das Vertrauen der Besitzerin.<\/p>\n","protected":false},"excerpt":{"rendered":"<p>Die Louis Vuitton Easy Pouch On Strap Tasche ist ein elegantes und bequemes Accessoire f\u00fcr den t\u00e4glichen Gebrauch. Das Modell besteht aus hochwertigem \u00d6ko-Leder, das stilvolles Aussehen, Praktikabilit\u00e4t und Pflegeleicht kombiniert. Das kompakte Format erm\u00f6glicht es Ihnen, alle notwendigen Dinge unterzubringen, und das bequeme Tragegurt sorgt f\u00fcr ein angenehmes Tragegef\u00fchl auf der Schulter oder \u00fcber der Schulter. Das stilvolle Design im Sinne von Louis Vuitton macht diese Tasche zur perfekten Erg\u00e4nzung zu jedem Look und unterstreicht den Geschmack und das Vertrauen der Besitzerin.<\/p>\n","protected":false},"featured_media":667028,"comment_status":"open","ping_status":"open","template":"","meta":[],"product_brand":[],"product_cat":[3225,3480],"product_tag":[],"class_list":{"0":"post-667027","1":"product","2":"type-product","3":"status-publish","4":"has-post-thumbnail","6":"product_cat-all-product","7":"product_cat-sumky","8":"pa_rozmir-20kh13kh5","10":"first","11":"instock","12":"purchasable","13":"product-type-simple"},"_links":{"self":[{"href":"https:\/\/nextsnkr.com\/de\/wp-json\/wp\/v2\/product\/667027","targetHints":{"allow":["GET"]}}],"collection":[{"href":"https:\/\/nextsnkr.com\/de\/wp-json\/wp\/v2\/product"}],"about":[{"href":"https:\/\/nextsnkr.com\/de\/wp-json\/wp\/v2\/types\/product"}],"replies":[{"embeddable":true,"href":"https:\/\/nextsnkr.com\/de\/wp-json\/wp\/v2\/comments?post=667027"}],"version-history":[{"count":0,"href":"https:\/\/nextsnkr.com\/de\/wp-json\/wp\/v2\/product\/667027\/revisions"}],"wp:featuredmedia":[{"embeddable":true,"href":"https:\/\/nextsnkr.com\/de\/wp-json\/wp\/v2\/media\/667028"}],"wp:attachment":[{"href":"https:\/\/nextsnkr.com\/de\/wp-json\/wp\/v2\/media?parent=667027"}],"wp:term":[{"taxonomy":"product_brand","embeddable":true,"href":"https:\/\/nextsnkr.com\/de\/wp-json\/wp\/v2\/product_brand?post=667027"},{"taxonomy":"product_cat","embeddable":true,"href":"https:\/\/nextsnkr.com\/de\/wp-json\/wp\/v2\/product_cat?post=667027"},{"taxonomy":"product_tag","embeddable":true,"href":"https:\/\/nextsnkr.com\/de\/wp-json\/wp\/v2\/product_tag?post=667027"}],"curies":[{"name":"wp","href":"https:\/\/api.w.org\/{rel}","templated":true}]}}