{"id":667000,"date":"2025-06-13T13:03:02","date_gmt":"2025-06-13T10:03:02","guid":{"rendered":"https:\/\/nextsnkr.com\/product\/louis-vuitton-neverfull\/"},"modified":"2026-01-29T13:49:35","modified_gmt":"2026-01-29T10:49:35","slug":"louis-vuitton-neverfull","status":"publish","type":"product","link":"https:\/\/nextsnkr.com\/de\/produkt\/louis-vuitton-neverfull\/","title":{"rendered":"Louis Vuitton Neverfull Umh\u00e4ngetasche aus Kunstleder"},"content":{"rendered":"<h2>Louis Vuitton Neverfull Umh\u00e4ngetasche aus Kunstleder<\/h2>\n<p>&nbsp;<\/p>\n<p>Die elegante Louis Vuitton Neverfull Tasche ist aus hochwertigem Kunstleder gefertigt und bietet eine strapazierf\u00e4hige und stilvolle Optik. Das ger\u00e4umige Fach erm\u00f6glicht es Ihnen, alle notwendigen Dinge bequem unterzubringen, was das Modell ideal f\u00fcr den t\u00e4glichen Gebrauch macht. Das klassische Design und der erkennbare Stil der Marke unterstreichen den Status und den tadellosen Geschmack des Besitzers. Eine ausgezeichnete Wahl f\u00fcr diejenigen, die Funktionalit\u00e4t und Premium-\u00c4sthetik sch\u00e4tzen.<\/p>\n","protected":false},"excerpt":{"rendered":"<p>Die elegante Louis Vuitton Neverfull Tasche ist aus hochwertigem Kunstleder gefertigt und bietet eine strapazierf\u00e4hige und stilvolle Optik. Das ger\u00e4umige Fach erm\u00f6glicht es Ihnen, alle notwendigen Dinge bequem unterzubringen, was das Modell ideal f\u00fcr den t\u00e4glichen Gebrauch macht. Das klassische Design und der erkennbare Stil der Marke unterstreichen den Status und den tadellosen Geschmack des Besitzers. Eine ausgezeichnete Wahl f\u00fcr diejenigen, die Funktionalit\u00e4t und Premium-\u00c4sthetik sch\u00e4tzen.<\/p>\n","protected":false},"featured_media":667001,"comment_status":"open","ping_status":"open","template":"","meta":[],"product_brand":[],"product_cat":[3225,3480],"product_tag":[],"class_list":{"0":"post-667000","1":"product","2":"type-product","3":"status-publish","4":"has-post-thumbnail","6":"product_cat-all-product","7":"product_cat-sumky","8":"pa_rozmir-26kh21-sale","10":"first","11":"instock","12":"purchasable","13":"product-type-simple"},"_links":{"self":[{"href":"https:\/\/nextsnkr.com\/de\/wp-json\/wp\/v2\/product\/667000","targetHints":{"allow":["GET"]}}],"collection":[{"href":"https:\/\/nextsnkr.com\/de\/wp-json\/wp\/v2\/product"}],"about":[{"href":"https:\/\/nextsnkr.com\/de\/wp-json\/wp\/v2\/types\/product"}],"replies":[{"embeddable":true,"href":"https:\/\/nextsnkr.com\/de\/wp-json\/wp\/v2\/comments?post=667000"}],"version-history":[{"count":0,"href":"https:\/\/nextsnkr.com\/de\/wp-json\/wp\/v2\/product\/667000\/revisions"}],"wp:featuredmedia":[{"embeddable":true,"href":"https:\/\/nextsnkr.com\/de\/wp-json\/wp\/v2\/media\/667001"}],"wp:attachment":[{"href":"https:\/\/nextsnkr.com\/de\/wp-json\/wp\/v2\/media?parent=667000"}],"wp:term":[{"taxonomy":"product_brand","embeddable":true,"href":"https:\/\/nextsnkr.com\/de\/wp-json\/wp\/v2\/product_brand?post=667000"},{"taxonomy":"product_cat","embeddable":true,"href":"https:\/\/nextsnkr.com\/de\/wp-json\/wp\/v2\/product_cat?post=667000"},{"taxonomy":"product_tag","embeddable":true,"href":"https:\/\/nextsnkr.com\/de\/wp-json\/wp\/v2\/product_tag?post=667000"}],"curies":[{"name":"wp","href":"https:\/\/api.w.org\/{rel}","templated":true}]}}