{"id":666894,"date":"2025-06-13T13:03:41","date_gmt":"2025-06-13T10:03:41","guid":{"rendered":"https:\/\/nextsnkr.com\/product\/dior-plaj\/"},"modified":"2026-01-29T13:49:12","modified_gmt":"2026-01-29T10:49:12","slug":"dior-plaj","status":"publish","type":"product","link":"https:\/\/nextsnkr.com\/de\/produkt\/dior-plaj\/","title":{"rendered":"Die Dior PLAJ Tasche ist eine stilvolle Strandtasche aus Polyethylen"},"content":{"rendered":"<h2>Die Dior PLAJ Tasche ist eine stilvolle Strandtasche aus Polyethylen<\/h2>\n<p>&nbsp;<\/p>\n<p>Die Dior PLAJ Tasche besteht aus leichtem und praktischem Polyethylen, das feuchtigkeitsbest\u00e4ndig ist und leicht zu reinigen ist. Es ist eine gute Option f\u00fcr Strand, Entspannung am Wasser oder Sommerspazierg\u00e4nge. Das Modell hat ein stilvolles Design und gen\u00fcgend Volumen f\u00fcr alle notwendigen Dinge. Leicht, ger\u00e4umig und bequem zu bedienen \u2014 die Dior PLAJ Tasche ist in der warmen Jahreszeit ein unverzichtbares Accessoire.<\/p>\n","protected":false},"excerpt":{"rendered":"<p>Die Dior PLAJ Tasche besteht aus leichtem und praktischem Polyethylen, das feuchtigkeitsbest\u00e4ndig ist und leicht zu reinigen ist. Es ist eine gute Option f\u00fcr Strand, Entspannung am Wasser oder Sommerspazierg\u00e4nge. Das Modell hat ein stilvolles Design und gen\u00fcgend Volumen f\u00fcr alle notwendigen Dinge. Leicht, ger\u00e4umig und bequem zu bedienen \u2014 die Dior PLAJ Tasche ist in der warmen Jahreszeit ein unverzichtbares Accessoire.<\/p>\n","protected":false},"featured_media":666895,"comment_status":"open","ping_status":"open","template":"","meta":[],"product_brand":[],"product_cat":[3225,3480],"product_tag":[],"class_list":{"0":"post-666894","1":"product","2":"type-product","3":"status-publish","4":"has-post-thumbnail","6":"product_cat-all-product","7":"product_cat-sumky","8":"pa_rozmir-41kh32kh16","10":"first","11":"instock","12":"purchasable","13":"product-type-simple"},"_links":{"self":[{"href":"https:\/\/nextsnkr.com\/de\/wp-json\/wp\/v2\/product\/666894","targetHints":{"allow":["GET"]}}],"collection":[{"href":"https:\/\/nextsnkr.com\/de\/wp-json\/wp\/v2\/product"}],"about":[{"href":"https:\/\/nextsnkr.com\/de\/wp-json\/wp\/v2\/types\/product"}],"replies":[{"embeddable":true,"href":"https:\/\/nextsnkr.com\/de\/wp-json\/wp\/v2\/comments?post=666894"}],"version-history":[{"count":0,"href":"https:\/\/nextsnkr.com\/de\/wp-json\/wp\/v2\/product\/666894\/revisions"}],"wp:featuredmedia":[{"embeddable":true,"href":"https:\/\/nextsnkr.com\/de\/wp-json\/wp\/v2\/media\/666895"}],"wp:attachment":[{"href":"https:\/\/nextsnkr.com\/de\/wp-json\/wp\/v2\/media?parent=666894"}],"wp:term":[{"taxonomy":"product_brand","embeddable":true,"href":"https:\/\/nextsnkr.com\/de\/wp-json\/wp\/v2\/product_brand?post=666894"},{"taxonomy":"product_cat","embeddable":true,"href":"https:\/\/nextsnkr.com\/de\/wp-json\/wp\/v2\/product_cat?post=666894"},{"taxonomy":"product_tag","embeddable":true,"href":"https:\/\/nextsnkr.com\/de\/wp-json\/wp\/v2\/product_tag?post=666894"}],"curies":[{"name":"wp","href":"https:\/\/api.w.org\/{rel}","templated":true}]}}