{"id":665919,"date":"2025-06-13T13:05:59","date_gmt":"2025-06-13T10:05:59","guid":{"rendered":"https:\/\/nextsnkr.com\/product\/chanel-camel-2-55\/"},"modified":"2026-01-29T13:47:37","modified_gmt":"2026-01-29T10:47:37","slug":"chanel-camel-2-55","status":"publish","type":"product","link":"https:\/\/nextsnkr.com\/de\/produkt\/chanel-camel-2-55\/","title":{"rendered":"Die Chanel 2.55 Camel Umh\u00e4ngetasche ist eine stilvolle Damen-Umh\u00e4ngetasche aus umweltfreundlichem Leder"},"content":{"rendered":"<h2>Die Chanel 2.55 Camel Umh\u00e4ngetasche ist eine stilvolle Damen-Umh\u00e4ngetasche aus umweltfreundlichem Leder<\/h2>\n<p>&nbsp;<\/p>\n<p>Die Chanel Camel 2.55 Tasche ist ein elegantes Modell in klassischer Ausf\u00fchrung, das f\u00fcr Kenner des exquisiten Stils geschaffen wurde. Hergestellt aus hochwertigem umweltfreundlichem Leder, hat es eine sch\u00f6ne Textur und eine bequeme Form, die f\u00fcr das t\u00e4gliche Tragen geeignet ist. Ein Kettenband und ein ordentliches Zubeh\u00f6r verleihen dem Produkt ein erstklassiges Aussehen. Ideal f\u00fcr die Kombination mit allt\u00e4glichen und abendlichen Bildern. W\u00e4hlen Sie Chanel 2.55 Camel, um Ihren Status und Ihre Raffinesse hervorzuheben. Code: 5238-547672.<\/p>\n","protected":false},"excerpt":{"rendered":"<p>Die Chanel Camel 2.55 Tasche ist ein elegantes Modell in klassischer Ausf\u00fchrung, das f\u00fcr Kenner des exquisiten Stils geschaffen wurde. Hergestellt aus hochwertigem umweltfreundlichem Leder, hat es eine sch\u00f6ne Textur und eine bequeme Form, die f\u00fcr das t\u00e4gliche Tragen geeignet ist. Ein Kettenband und ein ordentliches Zubeh\u00f6r verleihen dem Produkt ein erstklassiges Aussehen. Ideal f\u00fcr die Kombination mit allt\u00e4glichen und abendlichen Bildern. W\u00e4hlen Sie Chanel 2.55 Camel, um Ihren Status und Ihre Raffinesse hervorzuheben. Code: 5238-547672.<\/p>\n","protected":false},"featured_media":665920,"comment_status":"open","ping_status":"open","template":"","meta":[],"product_brand":[],"product_cat":[3225,3480],"product_tag":[],"class_list":{"0":"post-665919","1":"product","2":"type-product","3":"status-publish","4":"has-post-thumbnail","6":"product_cat-all-product","7":"product_cat-sumky","8":"pa_rozmir-26x18","10":"first","11":"instock","12":"purchasable","13":"product-type-simple"},"_links":{"self":[{"href":"https:\/\/nextsnkr.com\/de\/wp-json\/wp\/v2\/product\/665919","targetHints":{"allow":["GET"]}}],"collection":[{"href":"https:\/\/nextsnkr.com\/de\/wp-json\/wp\/v2\/product"}],"about":[{"href":"https:\/\/nextsnkr.com\/de\/wp-json\/wp\/v2\/types\/product"}],"replies":[{"embeddable":true,"href":"https:\/\/nextsnkr.com\/de\/wp-json\/wp\/v2\/comments?post=665919"}],"version-history":[{"count":0,"href":"https:\/\/nextsnkr.com\/de\/wp-json\/wp\/v2\/product\/665919\/revisions"}],"wp:featuredmedia":[{"embeddable":true,"href":"https:\/\/nextsnkr.com\/de\/wp-json\/wp\/v2\/media\/665920"}],"wp:attachment":[{"href":"https:\/\/nextsnkr.com\/de\/wp-json\/wp\/v2\/media?parent=665919"}],"wp:term":[{"taxonomy":"product_brand","embeddable":true,"href":"https:\/\/nextsnkr.com\/de\/wp-json\/wp\/v2\/product_brand?post=665919"},{"taxonomy":"product_cat","embeddable":true,"href":"https:\/\/nextsnkr.com\/de\/wp-json\/wp\/v2\/product_cat?post=665919"},{"taxonomy":"product_tag","embeddable":true,"href":"https:\/\/nextsnkr.com\/de\/wp-json\/wp\/v2\/product_tag?post=665919"}],"curies":[{"name":"wp","href":"https:\/\/api.w.org\/{rel}","templated":true}]}}