{"id":665302,"date":"2025-06-13T13:08:16","date_gmt":"2025-06-13T10:08:16","guid":{"rendered":"https:\/\/nextsnkr.com\/product\/marc-jacobs-tote-bag-textile\/"},"modified":"2026-01-29T13:46:58","modified_gmt":"2026-01-29T10:46:58","slug":"marc-jacobs-tote-bag-textile","status":"publish","type":"product","link":"https:\/\/nextsnkr.com\/de\/produkt\/marc-jacobs-tote-bag-textile\/","title":{"rendered":"Die Marc Jacobs Tote Bag ist eine stilvolle Damen-Textiltasche"},"content":{"rendered":"<h2>Die Marc Jacobs Tote Bag ist eine stilvolle Damen-Textiltasche<\/h2>\n<p>&nbsp;<\/p>\n<p>Die Marc Jacobs Tote Bag Textile ist ein leichtes und bequemes Accessoire f\u00fcr den t\u00e4glichen Gebrauch. Hergestellt aus hochwertigen Textilien, bietet es Praktikabilit\u00e4t, Haltbarkeit und Tragekomfort. Das ger\u00e4umige Format von Tote erm\u00f6glicht es Ihnen, alle notwendigen Dinge unterzubringen &#8211; von Dokumenten bis hin zu pers\u00f6nlichen Accessoires. Das stilvolle Design von Marc Jacobs unterstreicht Ihren Look und ist eine universelle Erg\u00e4nzung zu jedem Stil. Eine ideale Wahl f\u00fcr aktive und stilvolle Frauen.<\/p>\n","protected":false},"excerpt":{"rendered":"<p>Die Marc Jacobs Tote Bag Textile ist ein leichtes und bequemes Accessoire f\u00fcr den t\u00e4glichen Gebrauch. Hergestellt aus hochwertigen Textilien, bietet es Praktikabilit\u00e4t, Haltbarkeit und Tragekomfort. Das ger\u00e4umige Format von Tote erm\u00f6glicht es Ihnen, alle notwendigen Dinge unterzubringen &#8211; von Dokumenten bis hin zu pers\u00f6nlichen Accessoires. Das stilvolle Design von Marc Jacobs unterstreicht Ihren Look und ist eine universelle Erg\u00e4nzung zu jedem Stil. Eine ideale Wahl f\u00fcr aktive und stilvolle Frauen.<\/p>\n","protected":false},"featured_media":665303,"comment_status":"open","ping_status":"open","template":"","meta":[],"product_brand":[],"product_cat":[3225,3480],"product_tag":[],"class_list":{"0":"post-665302","1":"product","2":"type-product","3":"status-publish","4":"has-post-thumbnail","6":"product_cat-all-product","7":"product_cat-sumky","8":"pa_rozmir-33kh26","10":"first","11":"instock","12":"purchasable","13":"product-type-simple"},"_links":{"self":[{"href":"https:\/\/nextsnkr.com\/de\/wp-json\/wp\/v2\/product\/665302","targetHints":{"allow":["GET"]}}],"collection":[{"href":"https:\/\/nextsnkr.com\/de\/wp-json\/wp\/v2\/product"}],"about":[{"href":"https:\/\/nextsnkr.com\/de\/wp-json\/wp\/v2\/types\/product"}],"replies":[{"embeddable":true,"href":"https:\/\/nextsnkr.com\/de\/wp-json\/wp\/v2\/comments?post=665302"}],"version-history":[{"count":0,"href":"https:\/\/nextsnkr.com\/de\/wp-json\/wp\/v2\/product\/665302\/revisions"}],"wp:featuredmedia":[{"embeddable":true,"href":"https:\/\/nextsnkr.com\/de\/wp-json\/wp\/v2\/media\/665303"}],"wp:attachment":[{"href":"https:\/\/nextsnkr.com\/de\/wp-json\/wp\/v2\/media?parent=665302"}],"wp:term":[{"taxonomy":"product_brand","embeddable":true,"href":"https:\/\/nextsnkr.com\/de\/wp-json\/wp\/v2\/product_brand?post=665302"},{"taxonomy":"product_cat","embeddable":true,"href":"https:\/\/nextsnkr.com\/de\/wp-json\/wp\/v2\/product_cat?post=665302"},{"taxonomy":"product_tag","embeddable":true,"href":"https:\/\/nextsnkr.com\/de\/wp-json\/wp\/v2\/product_tag?post=665302"}],"curies":[{"name":"wp","href":"https:\/\/api.w.org\/{rel}","templated":true}]}}