{"id":660578,"date":"2025-06-14T15:05:31","date_gmt":"2025-06-14T12:05:31","guid":{"rendered":"https:\/\/nextsnkr.com\/product\/guess-3\/"},"modified":"2026-01-29T13:41:55","modified_gmt":"2026-01-29T10:41:55","slug":"guess-3","status":"publish","type":"product","link":"https:\/\/nextsnkr.com\/de\/produkt\/guess-3\/","title":{"rendered":"Die Guess Bag ist eine stilvolle Damen-Umh\u00e4ngetasche aus Kunstleder f\u00fcr jeden Tag"},"content":{"rendered":"<h2>Die Guess Bag ist eine stilvolle Damen-Umh\u00e4ngetasche aus Kunstleder f\u00fcr jeden Tag<\/h2>\n<p>&nbsp;<\/p>\n<p>Die Guess Tasche ist ein elegantes Accessoire aus hochwertigem Kunstleder, das St\u00e4rke, Leichtigkeit und ein modernes Aussehen kombiniert. Dank des durchdachten Designs ist das Modell f\u00fcr den t\u00e4glichen Gebrauch geeignet, h\u00e4lt alle notwendigen Dinge und beh\u00e4lt eine ordentliche Form bei. Der diskrete Stil und die Markendetails von Guess verleihen dem Bild Eleganz und einen modischen Akzent. Es ist eine gute Wahl f\u00fcr Frauen, die die Kombination aus Praktikabilit\u00e4t und Marken\u00e4sthetik sch\u00e4tzen. W\u00e4hlen Sie eine Guess-Tasche &#8211; und betonen Sie Ihren tadellosen Geschmack.<\/p>\n","protected":false},"excerpt":{"rendered":"<p>Die Guess Tasche ist ein elegantes Accessoire aus hochwertigem Kunstleder, das St\u00e4rke, Leichtigkeit und ein modernes Aussehen kombiniert. Dank des durchdachten Designs ist das Modell f\u00fcr den t\u00e4glichen Gebrauch geeignet, h\u00e4lt alle notwendigen Dinge und beh\u00e4lt eine ordentliche Form bei. Der diskrete Stil und die Markendetails von Guess verleihen dem Bild Eleganz und einen modischen Akzent. Es ist eine gute Wahl f\u00fcr Frauen, die die Kombination aus Praktikabilit\u00e4t und Marken\u00e4sthetik sch\u00e4tzen. W\u00e4hlen Sie eine Guess-Tasche &#8211; und betonen Sie Ihren tadellosen Geschmack.<\/p>\n","protected":false},"featured_media":660580,"comment_status":"open","ping_status":"open","template":"","meta":[],"product_brand":[],"product_cat":[3225,3480],"product_tag":[],"class_list":{"0":"post-660578","1":"product","2":"type-product","3":"status-publish","4":"has-post-thumbnail","6":"product_cat-all-product","7":"product_cat-sumky","8":"pa_rozmir-20kh11kh2","10":"first","11":"instock","12":"purchasable","13":"product-type-simple"},"_links":{"self":[{"href":"https:\/\/nextsnkr.com\/de\/wp-json\/wp\/v2\/product\/660578","targetHints":{"allow":["GET"]}}],"collection":[{"href":"https:\/\/nextsnkr.com\/de\/wp-json\/wp\/v2\/product"}],"about":[{"href":"https:\/\/nextsnkr.com\/de\/wp-json\/wp\/v2\/types\/product"}],"replies":[{"embeddable":true,"href":"https:\/\/nextsnkr.com\/de\/wp-json\/wp\/v2\/comments?post=660578"}],"version-history":[{"count":0,"href":"https:\/\/nextsnkr.com\/de\/wp-json\/wp\/v2\/product\/660578\/revisions"}],"wp:featuredmedia":[{"embeddable":true,"href":"https:\/\/nextsnkr.com\/de\/wp-json\/wp\/v2\/media\/660580"}],"wp:attachment":[{"href":"https:\/\/nextsnkr.com\/de\/wp-json\/wp\/v2\/media?parent=660578"}],"wp:term":[{"taxonomy":"product_brand","embeddable":true,"href":"https:\/\/nextsnkr.com\/de\/wp-json\/wp\/v2\/product_brand?post=660578"},{"taxonomy":"product_cat","embeddable":true,"href":"https:\/\/nextsnkr.com\/de\/wp-json\/wp\/v2\/product_cat?post=660578"},{"taxonomy":"product_tag","embeddable":true,"href":"https:\/\/nextsnkr.com\/de\/wp-json\/wp\/v2\/product_tag?post=660578"}],"curies":[{"name":"wp","href":"https:\/\/api.w.org\/{rel}","templated":true}]}}