{"id":660393,"date":"2025-06-14T15:05:41","date_gmt":"2025-06-14T12:05:41","guid":{"rendered":"https:\/\/nextsnkr.com\/product\/yves-saint-laurent-2\/"},"modified":"2026-01-29T13:41:51","modified_gmt":"2026-01-29T10:41:51","slug":"yves-saint-laurent-2","status":"publish","type":"product","link":"https:\/\/nextsnkr.com\/de\/produkt\/yves-saint-laurent-2\/","title":{"rendered":"Yves Saint Laurent Umh\u00e4ngetasche aus Wildleder"},"content":{"rendered":"<h2>Yves Saint Laurent Umh\u00e4ngetasche aus Wildleder<\/h2>\n<p>&nbsp;<\/p>\n<p>Exquisite Handtasche Yves Saint Laurent ist aus hochwertigem Wildleder, die ihm eine luxuri\u00f6se textur und der elegante look. Das Modell zeichnet sich durch einen ger\u00e4umigen Innenraum und Komfort im t\u00e4glichen Gebrauch. Das klassische Design f\u00fcgt sich nahtlos in irgendeiner Weise mit, Stil und betont die Individualit\u00e4t des Besitzers. Eine ideale Wahl f\u00fcr diejenigen, die Wert auf Premium-Materialien und raffinierte \u00e4sthetik.<\/p>\n","protected":false},"excerpt":{"rendered":"<p>Exquisite Handtasche Yves Saint Laurent ist aus hochwertigem Wildleder, die ihm eine luxuri\u00f6se textur und der elegante look. Das Modell zeichnet sich durch einen ger\u00e4umigen Innenraum und Komfort im t\u00e4glichen Gebrauch. Das klassische Design f\u00fcgt sich nahtlos in irgendeiner Weise mit, Stil und betont die Individualit\u00e4t des Besitzers. Eine ideale Wahl f\u00fcr diejenigen, die Wert auf Premium-Materialien und raffinierte \u00e4sthetik.<\/p>\n","protected":false},"featured_media":660395,"comment_status":"open","ping_status":"open","template":"","meta":[],"product_brand":[],"product_cat":[3225,3480],"product_tag":[],"class_list":{"0":"post-660393","1":"product","2":"type-product","3":"status-publish","4":"has-post-thumbnail","6":"product_cat-all-product","7":"product_cat-sumky","8":"pa_rozmir-35kh16kh9","10":"first","11":"instock","12":"purchasable","13":"product-type-simple"},"_links":{"self":[{"href":"https:\/\/nextsnkr.com\/de\/wp-json\/wp\/v2\/product\/660393","targetHints":{"allow":["GET"]}}],"collection":[{"href":"https:\/\/nextsnkr.com\/de\/wp-json\/wp\/v2\/product"}],"about":[{"href":"https:\/\/nextsnkr.com\/de\/wp-json\/wp\/v2\/types\/product"}],"replies":[{"embeddable":true,"href":"https:\/\/nextsnkr.com\/de\/wp-json\/wp\/v2\/comments?post=660393"}],"version-history":[{"count":0,"href":"https:\/\/nextsnkr.com\/de\/wp-json\/wp\/v2\/product\/660393\/revisions"}],"wp:featuredmedia":[{"embeddable":true,"href":"https:\/\/nextsnkr.com\/de\/wp-json\/wp\/v2\/media\/660395"}],"wp:attachment":[{"href":"https:\/\/nextsnkr.com\/de\/wp-json\/wp\/v2\/media?parent=660393"}],"wp:term":[{"taxonomy":"product_brand","embeddable":true,"href":"https:\/\/nextsnkr.com\/de\/wp-json\/wp\/v2\/product_brand?post=660393"},{"taxonomy":"product_cat","embeddable":true,"href":"https:\/\/nextsnkr.com\/de\/wp-json\/wp\/v2\/product_cat?post=660393"},{"taxonomy":"product_tag","embeddable":true,"href":"https:\/\/nextsnkr.com\/de\/wp-json\/wp\/v2\/product_tag?post=660393"}],"curies":[{"name":"wp","href":"https:\/\/api.w.org\/{rel}","templated":true}]}}