{"id":660066,"date":"2025-06-14T15:06:10","date_gmt":"2025-06-14T12:06:10","guid":{"rendered":"https:\/\/nextsnkr.com\/product\/gucci\/"},"modified":"2026-01-29T13:41:21","modified_gmt":"2026-01-29T10:41:21","slug":"gucci","status":"publish","type":"product","link":"https:\/\/nextsnkr.com\/de\/produkt\/gucci\/","title":{"rendered":"Gucci G\u00fcrtel-stilvoller Herren- und Dameng\u00fcrtel aus Kunstleder"},"content":{"rendered":"<h2>Gucci G\u00fcrtel-stilvoller Herren- und Dameng\u00fcrtel aus Kunstleder<\/h2>\n<p>&nbsp;<\/p>\n<p>Der Gucci-G\u00fcrtel ist ein vielseitiges Accessoire, das Stil, Qualit\u00e4t und Praktikabilit\u00e4t kombiniert. Hergestellt aus hochwertigem \u00d6ko-Leder, beh\u00e4lt es ein attraktives Aussehen und ist verschlei\u00dffest. Das klassische Design l\u00e4sst sich leicht mit Freizeit- und Businesskleidung kombinieren und unterstreicht die Individualit\u00e4t und den modernen Stil. Die perfekte Wahl f\u00fcr diejenigen, die nach einem trendigen und zuverl\u00e4ssigen Gucci-G\u00fcrtel f\u00fcr den t\u00e4glichen Gebrauch suchen.<\/p>\n","protected":false},"excerpt":{"rendered":"<p>Der Gucci-G\u00fcrtel ist ein vielseitiges Accessoire, das Stil, Qualit\u00e4t und Praktikabilit\u00e4t kombiniert. Hergestellt aus hochwertigem \u00d6ko-Leder, beh\u00e4lt es ein attraktives Aussehen und ist verschlei\u00dffest. Das klassische Design l\u00e4sst sich leicht mit Freizeit- und Businesskleidung kombinieren und unterstreicht die Individualit\u00e4t und den modernen Stil. Die perfekte Wahl f\u00fcr diejenigen, die nach einem trendigen und zuverl\u00e4ssigen Gucci-G\u00fcrtel f\u00fcr den t\u00e4glichen Gebrauch suchen.<\/p>\n","protected":false},"featured_media":660067,"comment_status":"open","ping_status":"open","template":"","meta":[],"product_brand":[],"product_cat":[3225,3740],"product_tag":[],"class_list":{"0":"post-660066","1":"product","2":"type-product","3":"status-publish","4":"has-post-thumbnail","6":"product_cat-all-product","7":"product_cat-pojasi","8":"pa_rozmir-120-cm","10":"first","11":"instock","12":"purchasable","13":"product-type-simple"},"_links":{"self":[{"href":"https:\/\/nextsnkr.com\/de\/wp-json\/wp\/v2\/product\/660066","targetHints":{"allow":["GET"]}}],"collection":[{"href":"https:\/\/nextsnkr.com\/de\/wp-json\/wp\/v2\/product"}],"about":[{"href":"https:\/\/nextsnkr.com\/de\/wp-json\/wp\/v2\/types\/product"}],"replies":[{"embeddable":true,"href":"https:\/\/nextsnkr.com\/de\/wp-json\/wp\/v2\/comments?post=660066"}],"version-history":[{"count":0,"href":"https:\/\/nextsnkr.com\/de\/wp-json\/wp\/v2\/product\/660066\/revisions"}],"wp:featuredmedia":[{"embeddable":true,"href":"https:\/\/nextsnkr.com\/de\/wp-json\/wp\/v2\/media\/660067"}],"wp:attachment":[{"href":"https:\/\/nextsnkr.com\/de\/wp-json\/wp\/v2\/media?parent=660066"}],"wp:term":[{"taxonomy":"product_brand","embeddable":true,"href":"https:\/\/nextsnkr.com\/de\/wp-json\/wp\/v2\/product_brand?post=660066"},{"taxonomy":"product_cat","embeddable":true,"href":"https:\/\/nextsnkr.com\/de\/wp-json\/wp\/v2\/product_cat?post=660066"},{"taxonomy":"product_tag","embeddable":true,"href":"https:\/\/nextsnkr.com\/de\/wp-json\/wp\/v2\/product_tag?post=660066"}],"curies":[{"name":"wp","href":"https:\/\/api.w.org\/{rel}","templated":true}]}}