{"id":658539,"date":"2025-06-14T21:34:49","date_gmt":"2025-06-14T18:34:49","guid":{"rendered":"https:\/\/nextsnkr.com\/product\/ugg-classic-short-gray-rasprodazh\/"},"modified":"2026-01-29T13:40:16","modified_gmt":"2026-01-29T10:40:16","slug":"ugg-classic-short-gray-rasprodazh","status":"publish","type":"product","link":"https:\/\/nextsnkr.com\/de\/produkt\/ugg-classic-short-gray-rasprodazh\/","title":{"rendered":"UGG Classic Short Gray-Damen-Uggs aus Wildleder mit Kunstpelz"},"content":{"rendered":"<h2>UGG Classic Short Gray-Damen-Uggs aus Wildleder mit Kunstpelz<\/h2>\n<p>&nbsp;<\/p>\n<p>UGG Classic Short Gray ist ein komfortabler und warmer Damen-Ugg aus hochwertigem Wildleder und weichem Kunstpelz. Das klassische Design und die graue Farbe machen sie f\u00fcr jedes Bild universell, und die dichte Sohle bietet Komfort und Stabilit\u00e4t beim Gehen. Hergestellt in Australien, garantieren diese Uggs Haltbarkeit und Komfort in der kalten Jahreszeit. UGG Classic Short Gray ist die perfekte Wahl f\u00fcr jeden, der jeden Tag W\u00e4rme, Stil und Praktikabilit\u00e4t sch\u00e4tzt.<\/p>\n","protected":false},"excerpt":{"rendered":"<p>UGG Classic Short Gray ist ein komfortabler und warmer Damen-Ugg aus hochwertigem Wildleder und weichem Kunstpelz. Das klassische Design und die graue Farbe machen sie f\u00fcr jedes Bild universell, und die dichte Sohle bietet Komfort und Stabilit\u00e4t beim Gehen. Hergestellt in Australien, garantieren diese Uggs Haltbarkeit und Komfort in der kalten Jahreszeit. UGG Classic Short Gray ist die perfekte Wahl f\u00fcr jeden, der jeden Tag W\u00e4rme, Stil und Praktikabilit\u00e4t sch\u00e4tzt.<\/p>\n","protected":false},"featured_media":658540,"comment_status":"open","ping_status":"open","template":"","meta":[],"product_brand":[],"product_cat":[3409,3225],"product_tag":[],"class_list":{"0":"post-658539","1":"product","2":"type-product","3":"status-publish","4":"has-post-thumbnail","6":"product_cat-ugg","7":"product_cat-all-product","8":"pa_rozmir-923","9":"pa_rozmir-910","10":"pa_rozmir-912","11":"pa_rozmir-914","12":"pa_rozmir-915","13":"pa_rozmir-916","14":"pa_rozmir-917","15":"pa_rozmir-918","16":"pa_rozmir-919","17":"pa_rozmir-920","18":"pa_rozmir-921","20":"first","21":"onbackorder","22":"purchasable","23":"product-type-variable"},"_links":{"self":[{"href":"https:\/\/nextsnkr.com\/de\/wp-json\/wp\/v2\/product\/658539","targetHints":{"allow":["GET"]}}],"collection":[{"href":"https:\/\/nextsnkr.com\/de\/wp-json\/wp\/v2\/product"}],"about":[{"href":"https:\/\/nextsnkr.com\/de\/wp-json\/wp\/v2\/types\/product"}],"replies":[{"embeddable":true,"href":"https:\/\/nextsnkr.com\/de\/wp-json\/wp\/v2\/comments?post=658539"}],"version-history":[{"count":0,"href":"https:\/\/nextsnkr.com\/de\/wp-json\/wp\/v2\/product\/658539\/revisions"}],"wp:featuredmedia":[{"embeddable":true,"href":"https:\/\/nextsnkr.com\/de\/wp-json\/wp\/v2\/media\/658540"}],"wp:attachment":[{"href":"https:\/\/nextsnkr.com\/de\/wp-json\/wp\/v2\/media?parent=658539"}],"wp:term":[{"taxonomy":"product_brand","embeddable":true,"href":"https:\/\/nextsnkr.com\/de\/wp-json\/wp\/v2\/product_brand?post=658539"},{"taxonomy":"product_cat","embeddable":true,"href":"https:\/\/nextsnkr.com\/de\/wp-json\/wp\/v2\/product_cat?post=658539"},{"taxonomy":"product_tag","embeddable":true,"href":"https:\/\/nextsnkr.com\/de\/wp-json\/wp\/v2\/product_tag?post=658539"}],"curies":[{"name":"wp","href":"https:\/\/api.w.org\/{rel}","templated":true}]}}