{"id":657179,"date":"2025-06-14T21:41:14","date_gmt":"2025-06-14T18:41:14","guid":{"rendered":"https:\/\/nextsnkr.com\/product\/ugg-bailey-button-triplet-ii-light-shade-rasprodazha\/"},"modified":"2026-01-29T13:39:19","modified_gmt":"2026-01-29T10:39:19","slug":"ugg-bailey-button-triplet-ii-light-shade-rasprodazha","status":"publish","type":"product","link":"https:\/\/nextsnkr.com\/de\/produkt\/ugg-bailey-button-triplet-ii-light-shade-rasprodazha\/","title":{"rendered":"Ugg Boots UGG Bailey Button Triplet II Light Shade Wildleder Damen"},"content":{"rendered":"<h2>Ugg Boots UGG Bailey Button Triplet II Light Shade Wildleder Damen<\/h2>\n<p>&nbsp;<\/p>\n<p>Ugg Boots UGG Bailey Button Triplet II Light Shade sind warme und bequeme Winterstiefel f\u00fcr das t\u00e4gliche Tragen. Hergestellt aus hochwertigem Wildleder und Kunstpelz, bieten sie W\u00e4rme, Weichheit und eine bequeme Passform am Fu\u00df. Der helle Farbton von Light Shade verleiht dem Bild Z\u00e4rtlichkeit und l\u00e4sst sich leicht mit jeder Wintergarderobe kombinieren. Diese Uggs von UGG wurden in Australien hergestellt und zeichnen sich durch Premium-Qualit\u00e4t, stilvolles Design und Praktikabilit\u00e4t f\u00fcr die kalte Jahreszeit aus.<\/p>\n","protected":false},"excerpt":{"rendered":"<p>Ugg Boots UGG Bailey Button Triplet II Light Shade sind warme und bequeme Winterstiefel f\u00fcr das t\u00e4gliche Tragen. Hergestellt aus hochwertigem Wildleder und Kunstpelz, bieten sie W\u00e4rme, Weichheit und eine bequeme Passform am Fu\u00df. Der helle Farbton von Light Shade verleiht dem Bild Z\u00e4rtlichkeit und l\u00e4sst sich leicht mit jeder Wintergarderobe kombinieren. Diese Uggs von UGG wurden in Australien hergestellt und zeichnen sich durch Premium-Qualit\u00e4t, stilvolles Design und Praktikabilit\u00e4t f\u00fcr die kalte Jahreszeit aus.<\/p>\n","protected":false},"featured_media":657180,"comment_status":"open","ping_status":"open","template":"","meta":[],"product_brand":[],"product_cat":[3409,3225],"product_tag":[],"class_list":{"0":"post-657179","1":"product","2":"type-product","3":"status-publish","4":"has-post-thumbnail","6":"product_cat-ugg","7":"product_cat-all-product","8":"pa_rozmir-923","9":"pa_rozmir-910","10":"pa_rozmir-912","11":"pa_rozmir-914","12":"pa_rozmir-915","13":"pa_rozmir-916","14":"pa_rozmir-917","15":"pa_rozmir-918","16":"pa_rozmir-919","17":"pa_rozmir-920","18":"pa_rozmir-921","20":"first","21":"onbackorder","22":"purchasable","23":"product-type-variable"},"_links":{"self":[{"href":"https:\/\/nextsnkr.com\/de\/wp-json\/wp\/v2\/product\/657179","targetHints":{"allow":["GET"]}}],"collection":[{"href":"https:\/\/nextsnkr.com\/de\/wp-json\/wp\/v2\/product"}],"about":[{"href":"https:\/\/nextsnkr.com\/de\/wp-json\/wp\/v2\/types\/product"}],"replies":[{"embeddable":true,"href":"https:\/\/nextsnkr.com\/de\/wp-json\/wp\/v2\/comments?post=657179"}],"version-history":[{"count":0,"href":"https:\/\/nextsnkr.com\/de\/wp-json\/wp\/v2\/product\/657179\/revisions"}],"wp:featuredmedia":[{"embeddable":true,"href":"https:\/\/nextsnkr.com\/de\/wp-json\/wp\/v2\/media\/657180"}],"wp:attachment":[{"href":"https:\/\/nextsnkr.com\/de\/wp-json\/wp\/v2\/media?parent=657179"}],"wp:term":[{"taxonomy":"product_brand","embeddable":true,"href":"https:\/\/nextsnkr.com\/de\/wp-json\/wp\/v2\/product_brand?post=657179"},{"taxonomy":"product_cat","embeddable":true,"href":"https:\/\/nextsnkr.com\/de\/wp-json\/wp\/v2\/product_cat?post=657179"},{"taxonomy":"product_tag","embeddable":true,"href":"https:\/\/nextsnkr.com\/de\/wp-json\/wp\/v2\/product_tag?post=657179"}],"curies":[{"name":"wp","href":"https:\/\/api.w.org\/{rel}","templated":true}]}}