{"id":654921,"date":"2025-06-16T18:41:19","date_gmt":"2025-06-16T15:41:19","guid":{"rendered":"https:\/\/nextsnkr.com\/product\/yeezy-350-pink-s\/"},"modified":"2026-01-29T13:37:45","modified_gmt":"2026-01-29T10:37:45","slug":"yeezy-350-pink-s","status":"publish","type":"product","link":"https:\/\/nextsnkr.com\/de\/produkt\/yeezy-350-pink-s\/","title":{"rendered":"Yeezy 350 Pink s Sneakers &#8211; Textile Damen Sneakers mit Boost-Sohle"},"content":{"rendered":"<h2>Yeezy 350 Pink s Sneakers &#8211; Textile Damen Sneakers mit Boost-Sohle<\/h2>\n<p>&nbsp;<\/p>\n<p>Die Yeezy 350 Pink s Sneaker sind aus gestrickten Textilien gefertigt und verf\u00fcgen \u00fcber eine innovative Boost-Sohle auf EVA-Schaumstoffbasis, die maximale D\u00e4mpfung, Komfort und Schrittfreiheit bietet. Die helle rosa Farbe verleiht Modernit\u00e4t und macht das Modell zu einem bemerkenswerten Akzent jedes Bildes. Hergestellt in Vietnam, werden die Turnschuhe in einer Originalverpackung geliefert und eignen sich f\u00fcr das t\u00e4gliche Tragen, Sport und aktives Stadtleben. Eine ideale Wahl f\u00fcr diejenigen, die Stil und Komfort sch\u00e4tzen.<\/p>\n","protected":false},"excerpt":{"rendered":"<p>Die Yeezy 350 Pink s Sneaker sind aus gestrickten Textilien gefertigt und verf\u00fcgen \u00fcber eine innovative Boost-Sohle auf EVA-Schaumstoffbasis, die maximale D\u00e4mpfung, Komfort und Schrittfreiheit bietet. Die helle rosa Farbe verleiht Modernit\u00e4t und macht das Modell zu einem bemerkenswerten Akzent jedes Bildes. Hergestellt in Vietnam, werden die Turnschuhe in einer Originalverpackung geliefert und eignen sich f\u00fcr das t\u00e4gliche Tragen, Sport und aktives Stadtleben. Eine ideale Wahl f\u00fcr diejenigen, die Stil und Komfort sch\u00e4tzen.<\/p>\n","protected":false},"featured_media":654922,"comment_status":"open","ping_status":"open","template":"","meta":[],"product_brand":[],"product_cat":[3398,3225,3226],"product_tag":[],"class_list":{"0":"post-654921","1":"product","2":"type-product","3":"status-publish","4":"has-post-thumbnail","6":"product_cat-adidas-yeezy","7":"product_cat-all-product","8":"product_cat-krosivky","9":"pa_rozmir-910","10":"pa_rozmir-912","11":"pa_rozmir-914","12":"pa_rozmir-915","13":"pa_rozmir-916","14":"pa_rozmir-917","15":"pa_rozmir-918","16":"pa_rozmir-919","17":"pa_rozmir-920","18":"pa_rozmir-921","19":"pa_rozmir-922","21":"first","22":"onbackorder","23":"purchasable","24":"product-type-variable"},"_links":{"self":[{"href":"https:\/\/nextsnkr.com\/de\/wp-json\/wp\/v2\/product\/654921","targetHints":{"allow":["GET"]}}],"collection":[{"href":"https:\/\/nextsnkr.com\/de\/wp-json\/wp\/v2\/product"}],"about":[{"href":"https:\/\/nextsnkr.com\/de\/wp-json\/wp\/v2\/types\/product"}],"replies":[{"embeddable":true,"href":"https:\/\/nextsnkr.com\/de\/wp-json\/wp\/v2\/comments?post=654921"}],"version-history":[{"count":0,"href":"https:\/\/nextsnkr.com\/de\/wp-json\/wp\/v2\/product\/654921\/revisions"}],"wp:featuredmedia":[{"embeddable":true,"href":"https:\/\/nextsnkr.com\/de\/wp-json\/wp\/v2\/media\/654922"}],"wp:attachment":[{"href":"https:\/\/nextsnkr.com\/de\/wp-json\/wp\/v2\/media?parent=654921"}],"wp:term":[{"taxonomy":"product_brand","embeddable":true,"href":"https:\/\/nextsnkr.com\/de\/wp-json\/wp\/v2\/product_brand?post=654921"},{"taxonomy":"product_cat","embeddable":true,"href":"https:\/\/nextsnkr.com\/de\/wp-json\/wp\/v2\/product_cat?post=654921"},{"taxonomy":"product_tag","embeddable":true,"href":"https:\/\/nextsnkr.com\/de\/wp-json\/wp\/v2\/product_tag?post=654921"}],"curies":[{"name":"wp","href":"https:\/\/api.w.org\/{rel}","templated":true}]}}