{"id":653734,"date":"2025-06-16T18:46:10","date_gmt":"2025-06-16T15:46:10","guid":{"rendered":"https:\/\/nextsnkr.com\/product\/adidas-niteball-white-red\/"},"modified":"2026-01-29T13:37:03","modified_gmt":"2026-01-29T10:37:03","slug":"adidas-niteball-white-red","status":"publish","type":"product","link":"https:\/\/nextsnkr.com\/de\/produkt\/adidas-niteball-white-red\/","title":{"rendered":"Adidas Niteball Sneakers White \/ Red-Leder und Textil, Halbsaison"},"content":{"rendered":"<h2>Adidas Niteball Sneakers White \/ Red-Leder und Textil, Halbsaison<\/h2>\n<p>&nbsp;<\/p>\n<p>Die Adidas Niteball White \/ Red Sneakers sind aus einer Kombination aus Leder und Textilgewebe gefertigt, die Komfort, Haltbarkeit und einen stilvollen Look bietet. Der leichte Schaumstoff in der Sohle und die verschlei\u00dffeste Gummisohle garantieren Komfort und Zuverl\u00e4ssigkeit beim t\u00e4glichen Tragen. Das Modell ist ideal f\u00fcr den Einsatz in der Halbsaison und einen aktiven Lebensstil. Hergestellt in Vietnam, kombinieren diese Turnschuhe Premium-Qualit\u00e4t, modernes Design und eine vielseitige wei\u00df-rote Farbe f\u00fcr jedes Bild.<\/p>\n","protected":false},"excerpt":{"rendered":"<p>Die Adidas Niteball White \/ Red Sneakers sind aus einer Kombination aus Leder und Textilgewebe gefertigt, die Komfort, Haltbarkeit und einen stilvollen Look bietet. Der leichte Schaumstoff in der Sohle und die verschlei\u00dffeste Gummisohle garantieren Komfort und Zuverl\u00e4ssigkeit beim t\u00e4glichen Tragen. Das Modell ist ideal f\u00fcr den Einsatz in der Halbsaison und einen aktiven Lebensstil. Hergestellt in Vietnam, kombinieren diese Turnschuhe Premium-Qualit\u00e4t, modernes Design und eine vielseitige wei\u00df-rote Farbe f\u00fcr jedes Bild.<\/p>\n","protected":false},"featured_media":653735,"comment_status":"open","ping_status":"open","template":"","meta":[],"product_brand":[],"product_cat":[3225,3226],"product_tag":[],"class_list":{"0":"post-653734","1":"product","2":"type-product","3":"status-publish","4":"has-post-thumbnail","6":"product_cat-all-product","7":"product_cat-krosivky","8":"pa_rozmir-910","9":"pa_rozmir-912","10":"pa_rozmir-914","11":"pa_rozmir-915","12":"pa_rozmir-916","13":"pa_rozmir-917","14":"pa_rozmir-918","15":"pa_rozmir-919","16":"pa_rozmir-920","17":"pa_rozmir-921","18":"pa_rozmir-922","20":"first","21":"onbackorder","22":"purchasable","23":"product-type-variable"},"_links":{"self":[{"href":"https:\/\/nextsnkr.com\/de\/wp-json\/wp\/v2\/product\/653734","targetHints":{"allow":["GET"]}}],"collection":[{"href":"https:\/\/nextsnkr.com\/de\/wp-json\/wp\/v2\/product"}],"about":[{"href":"https:\/\/nextsnkr.com\/de\/wp-json\/wp\/v2\/types\/product"}],"replies":[{"embeddable":true,"href":"https:\/\/nextsnkr.com\/de\/wp-json\/wp\/v2\/comments?post=653734"}],"version-history":[{"count":0,"href":"https:\/\/nextsnkr.com\/de\/wp-json\/wp\/v2\/product\/653734\/revisions"}],"wp:featuredmedia":[{"embeddable":true,"href":"https:\/\/nextsnkr.com\/de\/wp-json\/wp\/v2\/media\/653735"}],"wp:attachment":[{"href":"https:\/\/nextsnkr.com\/de\/wp-json\/wp\/v2\/media?parent=653734"}],"wp:term":[{"taxonomy":"product_brand","embeddable":true,"href":"https:\/\/nextsnkr.com\/de\/wp-json\/wp\/v2\/product_brand?post=653734"},{"taxonomy":"product_cat","embeddable":true,"href":"https:\/\/nextsnkr.com\/de\/wp-json\/wp\/v2\/product_cat?post=653734"},{"taxonomy":"product_tag","embeddable":true,"href":"https:\/\/nextsnkr.com\/de\/wp-json\/wp\/v2\/product_tag?post=653734"}],"curies":[{"name":"wp","href":"https:\/\/api.w.org\/{rel}","templated":true}]}}